{"id":2381,"date":"2024-03-12T03:26:44","date_gmt":"2024-03-11T19:26:44","guid":{"rendered":"https:\/\/themongoliatour.com\/?page_id=2381"},"modified":"2024-03-14T11:39:40","modified_gmt":"2024-03-14T03:39:40","slug":"zasady-pouzivani-souboru-cookie","status":"publish","type":"page","link":"https:\/\/themongoliatour.com\/cs\/zasady-pouzivani-souboru-cookie\/","title":{"rendered":"Z\u00e1sady pou\u017e\u00edv\u00e1n\u00ed soubor\u016f cookie"},"content":{"rendered":"","protected":false},"excerpt":{"rendered":"","protected":false},"author":1,"featured_media":0,"parent":0,"menu_order":0,"comment_status":"closed","ping_status":"closed","template":"","meta":{"_acf_changed":false,"iawp_total_views":59,"footnotes":""},"class_list":["post-2381","page","type-page","status-publish","hentry"],"acf":[],"_links":{"self":[{"href":"https:\/\/themongoliatour.com\/cs\/wp-json\/wp\/v2\/pages\/2381","targetHints":{"allow":["GET"]}}],"collection":[{"href":"https:\/\/themongoliatour.com\/cs\/wp-json\/wp\/v2\/pages"}],"about":[{"href":"https:\/\/themongoliatour.com\/cs\/wp-json\/wp\/v2\/types\/page"}],"author":[{"embeddable":true,"href":"https:\/\/themongoliatour.com\/cs\/wp-json\/wp\/v2\/users\/1"}],"replies":[{"embeddable":true,"href":"https:\/\/themongoliatour.com\/cs\/wp-json\/wp\/v2\/comments?post=2381"}],"version-history":[{"count":0,"href":"https:\/\/themongoliatour.com\/cs\/wp-json\/wp\/v2\/pages\/2381\/revisions"}],"wp:attachment":[{"href":"https:\/\/themongoliatour.com\/cs\/wp-json\/wp\/v2\/media?parent=2381"}],"curies":[{"name":"wp","href":"https:\/\/api.w.org\/{rel}","templated":true}]}}