{"id":2436,"date":"2024-03-14T13:39:24","date_gmt":"2024-03-14T05:39:24","guid":{"rendered":"https:\/\/themongoliatour.com\/?post_type=product&#038;p=2436"},"modified":"2025-12-02T18:06:02","modified_gmt":"2025-12-02T10:06:02","slug":"zimni-prohlidka-mongolska","status":"publish","type":"product","link":"https:\/\/themongoliatour.com\/cs\/prohlidky\/zimni-prohlidka-mongolska\/","title":{"rendered":"Ledov\u00e9 stopy do tajgy"},"content":{"rendered":"<p>Vydejte se na nezapomenutelnou 11 a\u017e 14denn\u00ed zimn\u00ed cestu Mongolskem s pohonem 4\u00d74, kde se m\u011bstsk\u00e1 krajina prol\u00edn\u00e1 s nezkrotnou divo\u010dinou a kulturn\u00ed d\u011bdictv\u00ed se setk\u00e1v\u00e1 s p\u0159\u00edrodn\u00edmi kr\u00e1sami. Od pulzuj\u00edc\u00edho centra Ul\u00e1nb\u00e1taru a\u017e po klidn\u00e9 prostory jezera Khuvsgul - tato cesta v\u00e1s zve k prozkoum\u00e1n\u00ed bohat\u00e9 mongolsk\u00e9 tapiserie prost\u0159ednictv\u00edm j\u00edzdy v ter\u00e9nu.<\/p>\n<p>Pochutnejte si na jedine\u010dn\u00e9 ve\u010de\u0159i na uv\u00edtanou, pozorujte majest\u00e1tn\u00ed divok\u00e9 kon\u011b v n\u00e1rodn\u00edm parku Khustai a pono\u0159te se do l\u00e9\u010div\u00e9 vody hork\u00fdch pramen\u016f Arkhangai. Setkejte se s mystick\u00fdmi kmeny Tsaatan\u016f, klouzejte se po zamrzl\u00fdch ploch\u00e1ch jezera Khuvsgul a oslavte ledov\u00e9 divy na ledov\u00e9m festivalu. Cestu zakon\u010dete luxusn\u00edm pobytem v Ul\u00e1nb\u00e1taru a odvezte si dom\u016f vzpom\u00ednky, kter\u00e9 v\u00e1m z\u016fstanou na cel\u00fd \u017eivot.<\/p>\n<p>Pod\u00edvejte se na <a href=\"https:\/\/www.youtube.com\/watch?v=VBTOcghUDA8\" target=\"_blank\" rel=\"noopener\">Mike\u016fv Vlog<\/a>, <a href=\"https:\/\/www.welt.de\/reise\/video69204c8a52711a01b9dd5163\/minus-20-grad-eis-eis-baby-roadtrip-durch-die-mongolei.html\" target=\"_blank\" rel=\"noopener\">Michaelsova zpr\u00e1va pro noviny WELT am Sonntag<\/a>, <a href=\"https:\/\/www.sueddeutsche.de\/projekte\/artikel\/reise\/mongolei-winter-urlaub-e524196\/?reduced=true\" target=\"_blank\" rel=\"noopener\">P\u0159\u00edb\u011bh o Titovi v Sueddeutsche Zeitung<\/a> nebo na\u0161e <a href=\"https:\/\/www.youtube.com\/watch?v=X0WCHcTUAvM&amp;list=PLdkJfGw7HRKLHPFKg40ZKPdu7Ul3lHz6B\" target=\"_blank\" rel=\"noopener\">Dal\u0161\u00ed dojmy na Youtube<\/a>.<\/p>","protected":false},"excerpt":{"rendered":"<p>Vydejte se na 11 a\u017e 14denn\u00ed zimn\u00ed offroadovou t\u00faru po Mongolsku od Ul\u00e1nb\u00e1taru a\u017e po jezero Khuvsgul.<\/p>","protected":false},"featured_media":2728,"comment_status":"open","ping_status":"closed","template":"","meta":{"_acf_changed":false,"iawp_total_views":2140},"product_brand":[],"product_cat":[23,16],"product_tag":[],"class_list":{"0":"post-2436","1":"product","2":"type-product","3":"status-publish","4":"has-post-thumbnail","6":"product_cat-winter","7":"product_cat-tour","9":"first","10":"instock","11":"sale","12":"shipping-taxable","13":"purchasable","14":"product-type-variable"},"acf":[],"_links":{"self":[{"href":"https:\/\/themongoliatour.com\/cs\/wp-json\/wp\/v2\/product\/2436","targetHints":{"allow":["GET"]}}],"collection":[{"href":"https:\/\/themongoliatour.com\/cs\/wp-json\/wp\/v2\/product"}],"about":[{"href":"https:\/\/themongoliatour.com\/cs\/wp-json\/wp\/v2\/types\/product"}],"replies":[{"embeddable":true,"href":"https:\/\/themongoliatour.com\/cs\/wp-json\/wp\/v2\/comments?post=2436"}],"wp:featuredmedia":[{"embeddable":true,"href":"https:\/\/themongoliatour.com\/cs\/wp-json\/wp\/v2\/media\/2728"}],"wp:attachment":[{"href":"https:\/\/themongoliatour.com\/cs\/wp-json\/wp\/v2\/media?parent=2436"}],"wp:term":[{"taxonomy":"product_brand","embeddable":true,"href":"https:\/\/themongoliatour.com\/cs\/wp-json\/wp\/v2\/product_brand?post=2436"},{"taxonomy":"product_cat","embeddable":true,"href":"https:\/\/themongoliatour.com\/cs\/wp-json\/wp\/v2\/product_cat?post=2436"},{"taxonomy":"product_tag","embeddable":true,"href":"https:\/\/themongoliatour.com\/cs\/wp-json\/wp\/v2\/product_tag?post=2436"}],"curies":[{"name":"wp","href":"https:\/\/api.w.org\/{rel}","templated":true}]}}