{"id":3160,"date":"2024-04-11T23:29:18","date_gmt":"2024-04-11T15:29:18","guid":{"rendered":"https:\/\/themongoliatour.com\/?post_type=product&#038;p=3160"},"modified":"2025-02-24T10:37:38","modified_gmt":"2025-02-24T02:37:38","slug":"dvoutydenni-offroad-zajezd-do-mongolska","status":"publish","type":"product","link":"https:\/\/themongoliatour.com\/cs\/prohlidky\/dvoutydenni-offroad-zajezd-do-mongolska\/","title":{"rendered":"Pou\u0161tn\u00ed duny a k\u0159i\u0161\u0165\u00e1lov\u00e1 jezera"},"content":{"rendered":"<p>Vydejte se na vzru\u0161uj\u00edc\u00ed dvout\u00fddenn\u00ed offroadovou cestu Mongolskem, kde duch dobrodru\u017estv\u00ed d\u00fdch\u00e1 rozlehlou krajinou a ve v\u011btru \u0161ept\u00e1 d\u00e1vn\u00e1 historie. Od pulzuj\u00edc\u00edch ulic Ul\u00e1nb\u00e1taru a\u017e po klidn\u00e9 prostory \u00fadol\u00ed Orchon se ka\u017ed\u00fd den odkr\u00fdv\u00e1 nov\u00e1 kapitola objevov\u00e1n\u00ed. Projd\u011bte p\u00edse\u010dn\u00e9 duny, nav\u0161tivte historick\u00fd Charakorum a obdivujte nedot\u010den\u00e9 jezero Ugii. Tato cesta slibuje nejen pam\u00e1tky, ale i du\u0161i Mongolska, kterou pozn\u00e1te prost\u0159ednictv\u00edm jeho p\u0159\u00edrodn\u00edch div\u016f a v\u0159el\u00e9 pohostinnosti jeho obyvatel. P\u0159ipravte se na nezapomenuteln\u00e9 dobrodru\u017estv\u00ed, kde ka\u017ed\u00e1 zat\u00e1\u010dka p\u0159in\u00e1\u0161\u00ed nov\u00fd obzor!<\/p>","protected":false},"excerpt":{"rendered":"<p>Vydejte se na dvout\u00fddenn\u00ed offroadovou cestu po Mongolsku, p\u0159i n\u00ed\u017e pozn\u00e1te pou\u0161tn\u00ed duny, k\u0159i\u0161\u0165\u00e1lov\u00e1 jezera a starobylou historii.<\/p>","protected":false},"featured_media":3235,"comment_status":"open","ping_status":"closed","template":"","meta":{"_acf_changed":false,"iawp_total_views":2023},"product_brand":[],"product_cat":[17,16],"product_tag":[36],"class_list":{"0":"post-3160","1":"product","2":"type-product","3":"status-publish","4":"has-post-thumbnail","6":"product_cat-summer","7":"product_cat-tour","8":"product_tag-summer-tours","10":"first","11":"instock","12":"sale","13":"shipping-taxable","14":"purchasable","15":"product-type-variable"},"acf":[],"_links":{"self":[{"href":"https:\/\/themongoliatour.com\/cs\/wp-json\/wp\/v2\/product\/3160","targetHints":{"allow":["GET"]}}],"collection":[{"href":"https:\/\/themongoliatour.com\/cs\/wp-json\/wp\/v2\/product"}],"about":[{"href":"https:\/\/themongoliatour.com\/cs\/wp-json\/wp\/v2\/types\/product"}],"replies":[{"embeddable":true,"href":"https:\/\/themongoliatour.com\/cs\/wp-json\/wp\/v2\/comments?post=3160"}],"wp:featuredmedia":[{"embeddable":true,"href":"https:\/\/themongoliatour.com\/cs\/wp-json\/wp\/v2\/media\/3235"}],"wp:attachment":[{"href":"https:\/\/themongoliatour.com\/cs\/wp-json\/wp\/v2\/media?parent=3160"}],"wp:term":[{"taxonomy":"product_brand","embeddable":true,"href":"https:\/\/themongoliatour.com\/cs\/wp-json\/wp\/v2\/product_brand?post=3160"},{"taxonomy":"product_cat","embeddable":true,"href":"https:\/\/themongoliatour.com\/cs\/wp-json\/wp\/v2\/product_cat?post=3160"},{"taxonomy":"product_tag","embeddable":true,"href":"https:\/\/themongoliatour.com\/cs\/wp-json\/wp\/v2\/product_tag?post=3160"}],"curies":[{"name":"wp","href":"https:\/\/api.w.org\/{rel}","templated":true}]}}