{"id":3252,"date":"2024-04-22T12:13:44","date_gmt":"2024-04-22T04:13:44","guid":{"rendered":"https:\/\/themongoliatour.com\/?post_type=product&#038;p=3252"},"modified":"2024-04-22T12:23:18","modified_gmt":"2024-04-22T04:23:18","slug":"spolujezdec-na-zadnim-sedadle-2w","status":"publish","type":"product","link":"https:\/\/themongoliatour.com\/cs\/prohlidky\/spolujezdec-na-zadnim-sedadle-2w\/","title":{"rendered":"Cestuj\u00edc\u00ed na zadn\u00edm sedadle"},"content":{"rendered":"","protected":false},"excerpt":{"rendered":"<p>P\u0159idejte a\u017e dva dal\u0161\u00ed cestuj\u00edc\u00ed na v\u016fz<\/p>","protected":false},"featured_media":1589,"comment_status":"open","ping_status":"closed","template":"","meta":{"_acf_changed":false,"iawp_total_views":167},"product_brand":[],"product_cat":[21],"product_tag":[],"class_list":{"0":"post-3252","1":"product","2":"type-product","3":"status-publish","4":"has-post-thumbnail","6":"product_cat-trip-upgrades","8":"first","9":"instock","10":"virtual","11":"purchasable","12":"product-type-simple"},"acf":[],"_links":{"self":[{"href":"https:\/\/themongoliatour.com\/cs\/wp-json\/wp\/v2\/product\/3252","targetHints":{"allow":["GET"]}}],"collection":[{"href":"https:\/\/themongoliatour.com\/cs\/wp-json\/wp\/v2\/product"}],"about":[{"href":"https:\/\/themongoliatour.com\/cs\/wp-json\/wp\/v2\/types\/product"}],"replies":[{"embeddable":true,"href":"https:\/\/themongoliatour.com\/cs\/wp-json\/wp\/v2\/comments?post=3252"}],"wp:featuredmedia":[{"embeddable":true,"href":"https:\/\/themongoliatour.com\/cs\/wp-json\/wp\/v2\/media\/1589"}],"wp:attachment":[{"href":"https:\/\/themongoliatour.com\/cs\/wp-json\/wp\/v2\/media?parent=3252"}],"wp:term":[{"taxonomy":"product_brand","embeddable":true,"href":"https:\/\/themongoliatour.com\/cs\/wp-json\/wp\/v2\/product_brand?post=3252"},{"taxonomy":"product_cat","embeddable":true,"href":"https:\/\/themongoliatour.com\/cs\/wp-json\/wp\/v2\/product_cat?post=3252"},{"taxonomy":"product_tag","embeddable":true,"href":"https:\/\/themongoliatour.com\/cs\/wp-json\/wp\/v2\/product_tag?post=3252"}],"curies":[{"name":"wp","href":"https:\/\/api.w.org\/{rel}","templated":true}]}}