{"id":39,"date":"2024-01-04T13:24:10","date_gmt":"2024-01-04T13:24:10","guid":{"rendered":"https:\/\/themongoliatour.com\/?post_type=product&#038;p=39"},"modified":"2025-09-18T13:31:47","modified_gmt":"2025-09-18T05:31:47","slug":"offroad-gobi-tour","status":"publish","type":"product","link":"https:\/\/themongoliatour.com\/cs\/prohlidky\/offroad-gobi-tour\/","title":{"rendered":"Stopy v Gobi"},"content":{"rendered":"<p data-start=\"226\" data-end=\"292\"><strong data-start=\"226\" data-end=\"292\">Objevte dokonalou prohl\u00eddku Gobi: Vydejte se na cestu do Gobi: Gobi Tracks Offroad Adventure<\/strong><\/p>\n<p data-start=\"294\" data-end=\"613\">Vydejte se na nejnap\u00ednav\u011bj\u0161\u00ed <strong data-start=\"323\" data-end=\"336\">Prohl\u00eddka Gobi<\/strong> sv\u00e9ho \u017eivota: t\u00fddenn\u00ed offroadov\u00e1 cesta pou\u0161t\u00ed Gobi, kter\u00e1 za\u010d\u00edn\u00e1 a kon\u010d\u00ed v Ul\u00e1nb\u00e1taru. Tato pln\u011b podporovan\u00e1 cesta po Gobi v\u00e1s zavede hluboko do srdce rozlehl\u00e9 a divok\u00e9 pou\u0161t\u011b Gobi, kde p\u0159ekon\u00e1te p\u0159ibli\u017en\u011b 2 000 km mongolsk\u00e9ho ter\u00e9nu - od hladk\u00fdch asfaltov\u00fdch silnic a\u017e po drsn\u00e9 poln\u00ed cesty.<\/p>\n<p data-start=\"615\" data-end=\"1098\">Na t\u00e9to v\u00fdpravn\u00e9 cest\u011b po Gobi uvid\u00edte krajinu, kter\u00e1 nem\u00e1 obdoby. Mohutn\u00e9 skaln\u00ed \u00fatvary vytesan\u00e9 v\u011btrem, obloha pln\u00e1 majest\u00e1tn\u00edch pt\u00e1k\u016f, duhov\u011b zbarven\u00e9 skaln\u00ed p\u00e1sy a \u00fadol\u00ed pln\u00e1 ledu ukryt\u00e1 v odlehl\u00fdch ka\u0148onech. P\u0159ekonejte sv\u00e9 hranice p\u0159i j\u00edzd\u011b na velbloudech p\u0159es vysok\u00e9 duny za \u017ehnouc\u00edho v\u00fdchodu slunce. Na t\u00e9to cest\u011b po Gobi se tak\u00e9 pono\u0159\u00edte do nom\u00e1dsk\u00e9ho \u017eivota, budete sp\u00e1t v tradi\u010dn\u00edch gers a t\u00e1bo\u0159it pod oblohou plnou hv\u011bzd a na vlastn\u00ed k\u016f\u017ei za\u017eijete rytmus ko\u010dovn\u00edk\u016f v Gobi.<\/p>\n<p data-start=\"1100\" data-end=\"1154\"><strong data-start=\"1100\" data-end=\"1154\">Co d\u011bl\u00e1 z\u00e1jezd Gobi Tracks Gobi nezapomenuteln\u00fdm<\/strong><\/p>\n<ul data-start=\"1156\" data-end=\"1918\">\n<li data-start=\"1156\" data-end=\"1335\">\n<p data-start=\"1158\" data-end=\"1335\"><strong data-start=\"1158\" data-end=\"1205\">Nep\u0159ekonateln\u00e1 rozmanitost na trase va\u0161\u00ed cesty po Gobi<\/strong> - proj\u00ed\u017ed\u011bt pou\u0161tn\u00edmi dunami, hol\u00fdmi stepmi, vysok\u00fdmi p\u00edse\u010dn\u00fdmi kopci, \u017ehnouc\u00edmi \u00fatesy, ka\u0148ony s ledov\u00fdmi kapsami a duhov\u00fdmi skaln\u00edmi \u00fadol\u00edmi.<\/p>\n<\/li>\n<li data-start=\"1336\" data-end=\"1499\">\n<p data-start=\"1338\" data-end=\"1499\"><strong data-start=\"1338\" data-end=\"1389\">Autentick\u00e1 kulturn\u00ed setk\u00e1n\u00ed na va\u0161\u00ed cest\u011b po Gobi<\/strong> - sd\u00edlejte j\u00eddlo, p\u0159\u00edb\u011bhy a pohostinnost s m\u00edstn\u00edmi ko\u010dovn\u00edky; prohl\u00e9dn\u011bte si tradi\u010dn\u00ed pasteveck\u00e9 a mongolsk\u00e9 ger t\u00e1bory.<\/p>\n<\/li>\n<li data-start=\"1500\" data-end=\"1669\">\n<p data-start=\"1502\" data-end=\"1669\"><strong data-start=\"1502\" data-end=\"1565\">Z\u00e1\u017eitek z ter\u00e9nn\u00ed j\u00edzdy a drsn\u00e9ho ter\u00e9nu v Gobi<\/strong> - cesta zahrnuje n\u00e1ro\u010dn\u00e9 poln\u00ed cesty, rozlehl\u00e9 stepi, strm\u00e9 duny a drsn\u00e9 pou\u0161tn\u00ed h\u0159ebeny.<\/p>\n<\/li>\n<li data-start=\"1670\" data-end=\"1918\">\n<p data-start=\"1672\" data-end=\"1918\"><strong data-start=\"1672\" data-end=\"1717\">Komfort se snoub\u00ed s dobrodru\u017estv\u00edm na t\u00e9to cest\u011b po Gobi<\/strong> - t\u011b\u0161te se na odborn\u00e9 pr\u016fvodce, soukrom\u00e9ho kucha\u0159e, doprovodn\u00e9 vozidlo, \u0161pi\u010dkov\u00e1 ter\u00e9nn\u00ed vozidla nebo enduro kola, rozmanit\u00e9 ubytov\u00e1n\u00ed od luxusn\u00edch hotel\u016f v Ul\u00e1nb\u00e1taru a\u017e po rustik\u00e1ln\u00ed ger kempy a kempov\u00e1n\u00ed v divo\u010din\u011b.<\/p>\n<\/li>\n<\/ul>\n<p>M\u00e1te-li jak\u00e9koli dotazy <a href=\"#contact-us\">kontaktujte n\u00e1s zde<\/a> nebo n\u00e1m po\u0161lete e-mail na adresu<br \/>\n<a href=\"mailto:contact@themongoliatour.com\">contact@themongoliatour.com<\/a>.<\/p>","protected":false},"excerpt":{"rendered":"<p>Prozkoumejte pou\u0161\u0165 Gobi s t\u00edmto t\u00fddenn\u00edm offroadov\u00fdm z\u00e1\u017eitkem na vlastn\u00ed p\u011bst<\/p>","protected":false},"featured_media":3023,"comment_status":"open","ping_status":"closed","template":"","meta":{"_acf_changed":false,"iawp_total_views":4497},"product_brand":[],"product_cat":[17,16],"product_tag":[36],"class_list":{"0":"post-39","1":"product","2":"type-product","3":"status-publish","4":"has-post-thumbnail","6":"product_cat-summer","7":"product_cat-tour","8":"product_tag-summer-tours","10":"first","11":"instock","12":"shipping-taxable","13":"purchasable","14":"product-type-variable"},"acf":[],"_links":{"self":[{"href":"https:\/\/themongoliatour.com\/cs\/wp-json\/wp\/v2\/product\/39","targetHints":{"allow":["GET"]}}],"collection":[{"href":"https:\/\/themongoliatour.com\/cs\/wp-json\/wp\/v2\/product"}],"about":[{"href":"https:\/\/themongoliatour.com\/cs\/wp-json\/wp\/v2\/types\/product"}],"replies":[{"embeddable":true,"href":"https:\/\/themongoliatour.com\/cs\/wp-json\/wp\/v2\/comments?post=39"}],"wp:featuredmedia":[{"embeddable":true,"href":"https:\/\/themongoliatour.com\/cs\/wp-json\/wp\/v2\/media\/3023"}],"wp:attachment":[{"href":"https:\/\/themongoliatour.com\/cs\/wp-json\/wp\/v2\/media?parent=39"}],"wp:term":[{"taxonomy":"product_brand","embeddable":true,"href":"https:\/\/themongoliatour.com\/cs\/wp-json\/wp\/v2\/product_brand?post=39"},{"taxonomy":"product_cat","embeddable":true,"href":"https:\/\/themongoliatour.com\/cs\/wp-json\/wp\/v2\/product_cat?post=39"},{"taxonomy":"product_tag","embeddable":true,"href":"https:\/\/themongoliatour.com\/cs\/wp-json\/wp\/v2\/product_tag?post=39"}],"curies":[{"name":"wp","href":"https:\/\/api.w.org\/{rel}","templated":true}]}}