{"id":4865,"date":"2025-02-17T22:45:39","date_gmt":"2025-02-17T14:45:39","guid":{"rendered":"https:\/\/themongoliatour.com\/?post_type=product&#038;p=4865"},"modified":"2025-09-18T15:03:12","modified_gmt":"2025-09-18T07:03:12","slug":"altajske-stopy-lovcum-orlu","status":"publish","type":"product","link":"https:\/\/themongoliatour.com\/cs\/prohlidky\/altajske-stopy-lovcum-orlu\/","title":{"rendered":"Altajsk\u00e9 stopy lovc\u016fm orl\u016f"},"content":{"rendered":"<p data-pm-slice=\"1 1 []\">Vydejte se na nezapomenutelnou cestu s pr\u016fvodcem po Mongolsku s vlastn\u00edm pohonem 4\u00d74 a spolu s lovci orl\u016f se vydejte do nej\u00fa\u017easn\u011bj\u0161\u00edch a nejodlehlej\u0161\u00edch krajin na sv\u011bt\u011b, jako je pou\u0161\u0165 Gobi a poho\u0159\u00ed Altaj. Exkurze LIQUI MOLY Extreme Guided Self-Drive Convoy Off-Road Tour je ur\u010dena pro dobrodruhy, kte\u0159\u00ed tou\u017e\u00ed po vzru\u0161uj\u00edc\u00ed j\u00edzd\u011b v ter\u00e9nu v kombinaci s bohat\u00fdmi kulturn\u00edmi z\u00e1\u017eitky, kter\u00e9 Mongolsko nab\u00edz\u00ed.<\/p>\n<p data-pm-slice=\"1 1 []\">Expedice za\u010d\u00edn\u00e1 v pulzuj\u00edc\u00edm hlavn\u00edm m\u011bst\u011b Ul\u00e1nb\u00e1taru a vede p\u0159es rozs\u00e1hl\u00e9 stepi, zvln\u011bn\u00e9 p\u00edse\u010dn\u00e9 duny Gobi, nedot\u010den\u00e1 ledovcov\u00e1 a slan\u00e1 jezera a vysok\u00e9 horsk\u00e9 masivy. S konvojem dob\u0159e vybaven\u00fdch vozidel s pohonem 4WD budete p\u0159ekon\u00e1vat \u010dlenit\u00fd ter\u00e9n, p\u0159echody p\u0159es \u0159eky a skalnat\u00e9 stezky, a p\u0159itom se budete kochat dechberouc\u00edmi p\u0159\u00edrodn\u00edmi kr\u00e1sami, kter\u00fdmi je Mongolsko proslul\u00e9. Cestou nav\u0161t\u00edv\u00edte rodiny ko\u010dovn\u00edk\u016f, pozn\u00e1te jejich tradi\u010dn\u00ed zp\u016fsob \u017eivota a dokonce se ubytujete u kaza\u0161sk\u00fdch lovc\u016f orl\u016f, kte\u0159\u00ed se stanou p\u0159\u00edm\u00fdmi sv\u011bdky jejich osv\u011bd\u010den\u00fdch loveck\u00fdch technik.<\/p>\n<p data-pm-slice=\"1 1 []\">Ka\u017ed\u00fd den p\u0159in\u00e1\u0161\u00ed nov\u00e9 v\u00fdzvy a objevy, od j\u00edzdy na koni ve stepi nebo na velbloudu v dun\u00e1ch p\u0159es v\u00fdstupy na sp\u00edc\u00ed sopky a trekking p\u0159es zlatav\u00e9 p\u00edse\u010dn\u00e9 duny a\u017e po odpo\u010dinek u k\u0159i\u0161\u0165\u00e1lov\u011b \u010dist\u00fdch jezer a kempov\u00e1n\u00ed pod hv\u011bzdnou oblohou. A\u0165 u\u017e proch\u00e1z\u00edte odlehlou krajinou poho\u0159\u00ed Altaj, dob\u00fdv\u00e1te nezkrotnou divo\u010dinu n\u00e1rodn\u00edho parku Tavan Bogd, nebo se d\u011bl\u00edte o tradi\u010dn\u00ed j\u00eddlo s m\u00edstn\u00edmi nom\u00e1dy, tato expedice nab\u00edz\u00ed jedine\u010dnou p\u0159\u00edle\u017eitost pono\u0159it se do nezkrotn\u00e9 kr\u00e1sy Mongolska a jeho nom\u00e1dsk\u00fdch tradic. D\u00edky zku\u0161en\u00fdm pr\u016fvodc\u016fm, kte\u0159\u00ed zaji\u0161\u0165uj\u00ed bezpe\u010dnost a bezprobl\u00e9mov\u00fd z\u00e1\u017eitek z cesty, je tato cesta ide\u00e1ln\u00ed pro ty, kte\u0159\u00ed hledaj\u00ed dobrodru\u017estv\u00ed i kulturn\u00ed obohacen\u00ed.<\/p>\n<p data-pm-slice=\"1 1 []\">Trasa mimo vy\u0161lapan\u00e9 cesty byla pe\u010dliv\u011b sestavena tak, aby zahrnovala nejzn\u00e1m\u011bj\u0161\u00ed mongolsk\u00e9 pam\u00e1tky i skryt\u00e9 skvosty a zajistila, \u017ee ka\u017ed\u00fd okam\u017eik cesty bude pln\u00fd \u00fachvatn\u00fdch pam\u00e1tek a nezapomenuteln\u00fdch vzpom\u00ednek. Od starobyl\u00e9ho hlavn\u00edho m\u011bsta Chinggis Khaan Kharkhorin po zasn\u011b\u017een\u00e9 vrcholky hory Sutai - ka\u017ed\u00e1 zast\u00e1vka je \u00fachvatn\u011bj\u0161\u00ed ne\u017e ta p\u0159edchoz\u00ed. P\u0159i proj\u00ed\u017e\u010fce srdcem mongolsk\u00e9 divo\u010diny za\u017eijete hlubok\u00e9 spojen\u00ed s touto zem\u00ed, jej\u00edmi obyvateli a trval\u00fdmi tradicemi.<\/p>\n<p data-pm-slice=\"1 1 []\">Pokud hled\u00e1te dokonal\u00e9 dobrodru\u017estv\u00ed s vlastn\u00ed dopravou, kter\u00e9 p\u0159ekon\u00e1 va\u0161e hranice a z\u00e1rove\u0148 v\u00e1s odm\u011bn\u00ed nep\u0159ekonatelnou kr\u00e1sou a autentick\u00fdmi kulturn\u00edmi z\u00e1\u017eitky, pak je tento z\u00e1jezd ur\u010den pr\u00e1v\u011b v\u00e1m. P\u0159ipravte se na \u017eivotn\u00ed cestu, kde ka\u017ed\u00e1 zat\u00e1\u010dka vede k nov\u00fdm a vzru\u0161uj\u00edc\u00edm z\u00e1\u017eitk\u016fm.<\/p>\n<p data-pm-slice=\"1 1 []\">","protected":false},"excerpt":{"rendered":"<p>Vydejte se na dvout\u00fddenn\u00ed nebo t\u0159\u00edt\u00fddenn\u00ed ter\u00e9nn\u00ed cestu Mongolskem s pr\u016fvodcem, p\u0159i kter\u00e9 se dostanete p\u0159es pou\u0161\u0165 Gobi k lovc\u016fm orl\u016f v poho\u0159\u00ed Altaj a prozkoum\u00e1te \u00fa\u017easn\u00e1 jezera severn\u00edho Mongolska.<\/p>","protected":false},"featured_media":4923,"comment_status":"open","ping_status":"closed","template":"","meta":{"_acf_changed":false,"iawp_total_views":4595},"product_brand":[],"product_cat":[17,16],"product_tag":[36],"class_list":{"0":"post-4865","1":"product","2":"type-product","3":"status-publish","4":"has-post-thumbnail","6":"product_cat-summer","7":"product_cat-tour","8":"product_tag-summer-tours","10":"first","11":"instock","12":"shipping-taxable","13":"purchasable","14":"product-type-variable"},"acf":[],"_links":{"self":[{"href":"https:\/\/themongoliatour.com\/cs\/wp-json\/wp\/v2\/product\/4865","targetHints":{"allow":["GET"]}}],"collection":[{"href":"https:\/\/themongoliatour.com\/cs\/wp-json\/wp\/v2\/product"}],"about":[{"href":"https:\/\/themongoliatour.com\/cs\/wp-json\/wp\/v2\/types\/product"}],"replies":[{"embeddable":true,"href":"https:\/\/themongoliatour.com\/cs\/wp-json\/wp\/v2\/comments?post=4865"}],"wp:featuredmedia":[{"embeddable":true,"href":"https:\/\/themongoliatour.com\/cs\/wp-json\/wp\/v2\/media\/4923"}],"wp:attachment":[{"href":"https:\/\/themongoliatour.com\/cs\/wp-json\/wp\/v2\/media?parent=4865"}],"wp:term":[{"taxonomy":"product_brand","embeddable":true,"href":"https:\/\/themongoliatour.com\/cs\/wp-json\/wp\/v2\/product_brand?post=4865"},{"taxonomy":"product_cat","embeddable":true,"href":"https:\/\/themongoliatour.com\/cs\/wp-json\/wp\/v2\/product_cat?post=4865"},{"taxonomy":"product_tag","embeddable":true,"href":"https:\/\/themongoliatour.com\/cs\/wp-json\/wp\/v2\/product_tag?post=4865"}],"curies":[{"name":"wp","href":"https:\/\/api.w.org\/{rel}","templated":true}]}}