{"id":4868,"date":"2025-02-15T19:18:52","date_gmt":"2025-02-15T11:18:52","guid":{"rendered":"https:\/\/themongoliatour.com\/?post_type=product&#038;p=4868"},"modified":"2025-06-15T15:00:15","modified_gmt":"2025-06-15T07:00:15","slug":"enduro-mongolsko-na-motocyklu","status":"publish","type":"product","link":"https:\/\/themongoliatour.com\/cs\/prohlidky\/enduro-mongolsko-na-motocyklu\/","title":{"rendered":"Rychl\u00e1 prohl\u00eddka Mongolska na motocyklu Off Tracks"},"content":{"rendered":"<p>Vydejte se na vzru\u0161uj\u00edc\u00ed p\u011btidenn\u00ed v\u00fdlet na ter\u00e9nn\u00edch motocyklech Mongolskem, kter\u00fd vede p\u0159es \u00fachvatnou mongolskou krajinu od sv\u011b\u017e\u00edch step\u00ed po majest\u00e1tn\u00ed p\u00edse\u010dn\u00e9 duny a zahrnuje 780 km ter\u00e9nu p\u0159ipraven\u00e9ho na dobrodru\u017estv\u00ed. Tato pln\u011b podporovan\u00e1 cesta nab\u00edz\u00ed intimn\u00ed pohled do srdce Mongolska.<\/p>\n<p>Pono\u0159te se do p\u0159\u00edrodn\u00edch div\u016f zem\u011b a za\u017eijte v\u0161e od proj\u00ed\u017e\u010fky na velbloudech p\u0159es vysok\u00e9 duny a\u017e po poutav\u00e1 setk\u00e1n\u00ed s m\u00edstn\u00edmi nom\u00e1dy. Toto nezapomenuteln\u00e9 dobrodru\u017estv\u00ed slibuje okouzluj\u00edc\u00ed vzpom\u00ednky a p\u0159\u00edb\u011bhy na cel\u00fd \u017eivot.<\/p>","protected":false},"excerpt":{"rendered":"<p>Z\u00e1bavn\u00e1 motocyklov\u00e1 cesta Mongolskem za kr\u00e1sami Mongolska mimo vy\u0161lapan\u00e9 cesty po epick\u00fdch stezk\u00e1ch<\/p>","protected":false},"featured_media":4869,"comment_status":"open","ping_status":"closed","template":"","meta":{"_acf_changed":false,"iawp_total_views":1850},"product_brand":[],"product_cat":[16,37],"product_tag":[36],"class_list":{"0":"post-4868","1":"product","2":"type-product","3":"status-publish","4":"has-post-thumbnail","6":"product_cat-tour","7":"product_cat-bike","8":"product_tag-summer-tours","10":"first","11":"instock","12":"sale","13":"shipping-taxable","14":"purchasable","15":"product-type-variable"},"acf":[],"_links":{"self":[{"href":"https:\/\/themongoliatour.com\/cs\/wp-json\/wp\/v2\/product\/4868","targetHints":{"allow":["GET"]}}],"collection":[{"href":"https:\/\/themongoliatour.com\/cs\/wp-json\/wp\/v2\/product"}],"about":[{"href":"https:\/\/themongoliatour.com\/cs\/wp-json\/wp\/v2\/types\/product"}],"replies":[{"embeddable":true,"href":"https:\/\/themongoliatour.com\/cs\/wp-json\/wp\/v2\/comments?post=4868"}],"wp:featuredmedia":[{"embeddable":true,"href":"https:\/\/themongoliatour.com\/cs\/wp-json\/wp\/v2\/media\/4869"}],"wp:attachment":[{"href":"https:\/\/themongoliatour.com\/cs\/wp-json\/wp\/v2\/media?parent=4868"}],"wp:term":[{"taxonomy":"product_brand","embeddable":true,"href":"https:\/\/themongoliatour.com\/cs\/wp-json\/wp\/v2\/product_brand?post=4868"},{"taxonomy":"product_cat","embeddable":true,"href":"https:\/\/themongoliatour.com\/cs\/wp-json\/wp\/v2\/product_cat?post=4868"},{"taxonomy":"product_tag","embeddable":true,"href":"https:\/\/themongoliatour.com\/cs\/wp-json\/wp\/v2\/product_tag?post=4868"}],"curies":[{"name":"wp","href":"https:\/\/api.w.org\/{rel}","templated":true}]}}