{"id":4894,"date":"2025-02-16T13:42:32","date_gmt":"2025-02-16T05:42:32","guid":{"rendered":"https:\/\/themongoliatour.com\/?post_type=product&#038;p=4894"},"modified":"2025-02-16T13:42:32","modified_gmt":"2025-02-16T05:42:32","slug":"aktualizace-pojisteni-motocyklu","status":"publish","type":"product","link":"https:\/\/themongoliatour.com\/cs\/prohlidky\/aktualizace-pojisteni-motocyklu\/","title":{"rendered":"Aktualizace poji\u0161t\u011bn\u00ed motocyklu"},"content":{"rendered":"","protected":false},"excerpt":{"rendered":"<p>Zbaven\u00ed se odpov\u011bdnosti za \u0161kodu se sn\u00ed\u017eenou spolu\u00fa\u010dast\u00ed na 100 EUR a ochrana pneumatik<\/p>","protected":false},"featured_media":4895,"comment_status":"open","ping_status":"closed","template":"","meta":{"_acf_changed":false,"iawp_total_views":209},"product_brand":[],"product_cat":[21],"product_tag":[],"class_list":{"0":"post-4894","1":"product","2":"type-product","3":"status-publish","4":"has-post-thumbnail","6":"product_cat-trip-upgrades","8":"first","9":"instock","10":"virtual","11":"purchasable","12":"product-type-simple"},"acf":[],"_links":{"self":[{"href":"https:\/\/themongoliatour.com\/cs\/wp-json\/wp\/v2\/product\/4894","targetHints":{"allow":["GET"]}}],"collection":[{"href":"https:\/\/themongoliatour.com\/cs\/wp-json\/wp\/v2\/product"}],"about":[{"href":"https:\/\/themongoliatour.com\/cs\/wp-json\/wp\/v2\/types\/product"}],"replies":[{"embeddable":true,"href":"https:\/\/themongoliatour.com\/cs\/wp-json\/wp\/v2\/comments?post=4894"}],"wp:featuredmedia":[{"embeddable":true,"href":"https:\/\/themongoliatour.com\/cs\/wp-json\/wp\/v2\/media\/4895"}],"wp:attachment":[{"href":"https:\/\/themongoliatour.com\/cs\/wp-json\/wp\/v2\/media?parent=4894"}],"wp:term":[{"taxonomy":"product_brand","embeddable":true,"href":"https:\/\/themongoliatour.com\/cs\/wp-json\/wp\/v2\/product_brand?post=4894"},{"taxonomy":"product_cat","embeddable":true,"href":"https:\/\/themongoliatour.com\/cs\/wp-json\/wp\/v2\/product_cat?post=4894"},{"taxonomy":"product_tag","embeddable":true,"href":"https:\/\/themongoliatour.com\/cs\/wp-json\/wp\/v2\/product_tag?post=4894"}],"curies":[{"name":"wp","href":"https:\/\/api.w.org\/{rel}","templated":true}]}}