{"id":4896,"date":"2025-02-16T13:49:12","date_gmt":"2025-02-16T05:49:12","guid":{"rendered":"https:\/\/themongoliatour.com\/?post_type=product&#038;p=4896"},"modified":"2025-02-16T14:10:40","modified_gmt":"2025-02-16T06:10:40","slug":"pujcovna-ochrannych-pomucek-pro-motocykly","status":"publish","type":"product","link":"https:\/\/themongoliatour.com\/cs\/prohlidky\/pujcovna-ochrannych-pomucek-pro-motocykly\/","title":{"rendered":"Sada p\u016fj\u010dovny ochrann\u00e9ho vybaven\u00ed pro motocykly"},"content":{"rendered":"","protected":false},"excerpt":{"rendered":"<p>B\u011bhem prohl\u00eddky je pro v\u0161echny \u00fa\u010dastn\u00edky povinn\u00e9 nosit ochrann\u00e9 pom\u016fcky. P\u0159ineste si vlastn\u00ed nebo si zap\u016fj\u010dte sadu ochrann\u00fdch pom\u016fcek (p\u0159ilba, br\u00fdle, rukavice, boty, chr\u00e1ni\u010de t\u011bla, chr\u00e1ni\u010de kolen). Po\u017eadovan\u00e9 velikosti jednotliv\u00fdch polo\u017eek je nutn\u00e9 zaslat alespo\u0148 dva t\u00fddny p\u0159ed za\u010d\u00e1tkem z\u00e1jezdu.<\/p>","protected":false},"featured_media":4897,"comment_status":"open","ping_status":"closed","template":"","meta":{"_acf_changed":false,"iawp_total_views":211},"product_brand":[],"product_cat":[21],"product_tag":[],"class_list":{"0":"post-4896","1":"product","2":"type-product","3":"status-publish","4":"has-post-thumbnail","6":"product_cat-trip-upgrades","8":"first","9":"instock","10":"virtual","11":"purchasable","12":"product-type-simple"},"acf":[],"_links":{"self":[{"href":"https:\/\/themongoliatour.com\/cs\/wp-json\/wp\/v2\/product\/4896","targetHints":{"allow":["GET"]}}],"collection":[{"href":"https:\/\/themongoliatour.com\/cs\/wp-json\/wp\/v2\/product"}],"about":[{"href":"https:\/\/themongoliatour.com\/cs\/wp-json\/wp\/v2\/types\/product"}],"replies":[{"embeddable":true,"href":"https:\/\/themongoliatour.com\/cs\/wp-json\/wp\/v2\/comments?post=4896"}],"wp:featuredmedia":[{"embeddable":true,"href":"https:\/\/themongoliatour.com\/cs\/wp-json\/wp\/v2\/media\/4897"}],"wp:attachment":[{"href":"https:\/\/themongoliatour.com\/cs\/wp-json\/wp\/v2\/media?parent=4896"}],"wp:term":[{"taxonomy":"product_brand","embeddable":true,"href":"https:\/\/themongoliatour.com\/cs\/wp-json\/wp\/v2\/product_brand?post=4896"},{"taxonomy":"product_cat","embeddable":true,"href":"https:\/\/themongoliatour.com\/cs\/wp-json\/wp\/v2\/product_cat?post=4896"},{"taxonomy":"product_tag","embeddable":true,"href":"https:\/\/themongoliatour.com\/cs\/wp-json\/wp\/v2\/product_tag?post=4896"}],"curies":[{"name":"wp","href":"https:\/\/api.w.org\/{rel}","templated":true}]}}