{"id":2436,"date":"2024-03-14T13:39:24","date_gmt":"2024-03-14T05:39:24","guid":{"rendered":"https:\/\/themongoliatour.com\/?post_type=product&#038;p=2436"},"modified":"2025-12-02T18:06:02","modified_gmt":"2025-12-02T10:06:02","slug":"mongolei-winter-tour","status":"publish","type":"product","link":"https:\/\/themongoliatour.com\/de\/touren\/mongolei-winter-tour\/","title":{"rendered":"Eisspuren zur Taiga"},"content":{"rendered":"<p>Begeben Sie sich auf eine unvergessliche 11- bis 14-t\u00e4gige 4\u00d74-Selbstfahrer-Wintertour durch die Mongolei, bei der Stadtlandschaften mit ungez\u00e4hmter Wildnis verschmelzen und kulturelles Erbe auf Naturwunder trifft. Vom pulsierenden Herzen Ulaanbaatars bis zu den ruhigen Weiten des Khuvsgul-Sees l\u00e4dt diese Tour dazu ein, die reiche Vielfalt der Mongolei im Gel\u00e4nde zu erkunden.<\/p>\n<p>Genie\u00dfen Sie ein einzigartiges Hotpot-Dinner zur Begr\u00fc\u00dfung, beobachten Sie die majest\u00e4tischen Wildpferde im Khustai-Nationalpark und tauchen Sie ein in das heilende Wasser der hei\u00dfen Quellen von Arkhangai. Begegnen Sie den mystischen Tsaatan-St\u00e4mmen, gleiten Sie \u00fcber die gefrorenen Weiten des Khuvsgul-Sees und feiern Sie die eisigen Wunder auf dem Eisfestival. Schlie\u00dfen Sie Ihre Reise mit einem luxuri\u00f6sen Aufenthalt in Ulaanbaatar ab und nehmen Sie Erinnerungen mit nach Hause, die ein Leben lang halten werden.<\/p>\n<p>Auschecken <a href=\"https:\/\/www.youtube.com\/watch?v=VBTOcghUDA8\" target=\"_blank\" rel=\"noopener\">Mikes Vlog<\/a>, <a href=\"https:\/\/www.welt.de\/reise\/video69204c8a52711a01b9dd5163\/minus-20-grad-eis-eis-baby-roadtrip-durch-die-mongolei.html\" target=\"_blank\" rel=\"noopener\">Michaels Bericht f\u00fcr die Zeitung WELT am Sonntag<\/a>, <a href=\"https:\/\/www.sueddeutsche.de\/projekte\/artikel\/reise\/mongolei-winter-urlaub-e524196\/?reduced=true\" target=\"_blank\" rel=\"noopener\">Titus-Geschichte in der S\u00fcddeutschen Zeitung<\/a> oder unser <a href=\"https:\/\/www.youtube.com\/watch?v=X0WCHcTUAvM&amp;list=PLdkJfGw7HRKLHPFKg40ZKPdu7Ul3lHz6B\" target=\"_blank\" rel=\"noopener\">Youtube f\u00fcr weitere Eindr\u00fccke<\/a>.<\/p>","protected":false},"excerpt":{"rendered":"<p>Begeben Sie sich auf eine 11- bis 14-t\u00e4gige Winter-Offroad-Tour durch die Mongolei, die Sie von Ulaanbaatar bis zum Khuvsgul-See f\u00fchrt.<\/p>","protected":false},"featured_media":2728,"comment_status":"open","ping_status":"closed","template":"","meta":{"_acf_changed":false,"iawp_total_views":2144},"product_brand":[],"product_cat":[23,16],"product_tag":[],"class_list":{"0":"post-2436","1":"product","2":"type-product","3":"status-publish","4":"has-post-thumbnail","6":"product_cat-winter","7":"product_cat-tour","9":"first","10":"instock","11":"sale","12":"shipping-taxable","13":"purchasable","14":"product-type-variable"},"acf":[],"_links":{"self":[{"href":"https:\/\/themongoliatour.com\/de\/wp-json\/wp\/v2\/product\/2436","targetHints":{"allow":["GET"]}}],"collection":[{"href":"https:\/\/themongoliatour.com\/de\/wp-json\/wp\/v2\/product"}],"about":[{"href":"https:\/\/themongoliatour.com\/de\/wp-json\/wp\/v2\/types\/product"}],"replies":[{"embeddable":true,"href":"https:\/\/themongoliatour.com\/de\/wp-json\/wp\/v2\/comments?post=2436"}],"wp:featuredmedia":[{"embeddable":true,"href":"https:\/\/themongoliatour.com\/de\/wp-json\/wp\/v2\/media\/2728"}],"wp:attachment":[{"href":"https:\/\/themongoliatour.com\/de\/wp-json\/wp\/v2\/media?parent=2436"}],"wp:term":[{"taxonomy":"product_brand","embeddable":true,"href":"https:\/\/themongoliatour.com\/de\/wp-json\/wp\/v2\/product_brand?post=2436"},{"taxonomy":"product_cat","embeddable":true,"href":"https:\/\/themongoliatour.com\/de\/wp-json\/wp\/v2\/product_cat?post=2436"},{"taxonomy":"product_tag","embeddable":true,"href":"https:\/\/themongoliatour.com\/de\/wp-json\/wp\/v2\/product_tag?post=2436"}],"curies":[{"name":"wp","href":"https:\/\/api.w.org\/{rel}","templated":true}]}}