{"id":39,"date":"2024-01-04T13:24:10","date_gmt":"2024-01-04T13:24:10","guid":{"rendered":"https:\/\/themongoliatour.com\/?post_type=product&#038;p=39"},"modified":"2025-09-18T13:31:47","modified_gmt":"2025-09-18T05:31:47","slug":"offroad-gobi-tour","status":"publish","type":"product","link":"https:\/\/themongoliatour.com\/de\/touren\/offroad-gobi-tour\/","title":{"rendered":"Gobi Sand Spuren"},"content":{"rendered":"<p data-start=\"226\" data-end=\"292\"><strong data-start=\"226\" data-end=\"292\">Entdecken Sie die ultimative Gobi-Tour: Gobi Tracks Offroad Abenteuer<\/strong><\/p>\n<p data-start=\"294\" data-end=\"613\">Begeben Sie sich auf die aufregendste <strong data-start=\"323\" data-end=\"336\">Gobi-Tour<\/strong> Ihres Lebens: eine einw\u00f6chige Offroad-Tour durch die W\u00fcste Gobi, die in Ulaanbaatar beginnt und endet. Auf rund 2.000 km mongolischem Terrain - von glatten Asphaltstra\u00dfen bis hin zu rauen Schotterpisten - bringt Sie diese vollst\u00e4ndig unterst\u00fctzte Gobi-Tour tief in das Herz der riesigen, wilden W\u00fcste Gobi.<\/p>\n<p data-start=\"615\" data-end=\"1098\">Auf dieser epischen Gobi-Tour werden Sie Landschaften erleben, die ihresgleichen suchen. Massive, vom Wind geformte Felsformationen, ein Himmel voller majest\u00e4tischer V\u00f6gel, regenbogenfarbene Felsb\u00e4nder und eisgef\u00fcllte T\u00e4ler, die sich in abgelegenen Canyons verstecken. Sto\u00dfen Sie beim Reiten auf Kamelen \u00fcber gewaltige D\u00fcnen bei strahlendem Sonnenaufgang an Ihre Grenzen. Auf dieser Gobi-Tour tauchen Sie auch in das Nomadenleben ein, schlafen in traditionellen Gers und zelten unter einem Himmel voller Sterne, w\u00e4hrend Sie den Rhythmus der Gobi-Nomaden aus erster Hand erleben.<\/p>\n<p data-start=\"1100\" data-end=\"1154\"><strong data-start=\"1100\" data-end=\"1154\">Was die Gobi Tracks Gobi Tour unvergesslich macht<\/strong><\/p>\n<ul data-start=\"1156\" data-end=\"1918\">\n<li data-start=\"1156\" data-end=\"1335\">\n<p data-start=\"1158\" data-end=\"1335\"><strong data-start=\"1158\" data-end=\"1205\">Unerreichte Vielfalt auf Ihrer Gobi-Route<\/strong> - Sie durchqueren W\u00fcstend\u00fcnen, kahle Steppen, hoch aufragende Sandh\u00fcgel, gl\u00fchende Klippen, Canyons mit eisigen Einschl\u00fcssen und T\u00e4ler mit Regenbogenfelsen.<\/p>\n<\/li>\n<li data-start=\"1336\" data-end=\"1499\">\n<p data-start=\"1338\" data-end=\"1499\"><strong data-start=\"1338\" data-end=\"1389\">Authentische kulturelle Begegnungen auf Ihrer Gobi-Tour<\/strong> - gemeinsame Mahlzeiten, Geschichten und Gastfreundschaft mit einheimischen Nomaden; Besichtigung traditioneller Viehzucht und mongolischer Ger-Camps.<\/p>\n<\/li>\n<li data-start=\"1500\" data-end=\"1669\">\n<p data-start=\"1502\" data-end=\"1669\"><strong data-start=\"1502\" data-end=\"1565\">Offroad-Aufregung und raues Terrain in der Gobi erleben<\/strong> - Die Fahrt f\u00fchrt \u00fcber anspruchsvolle Schotterpisten, weite Steppen, steile D\u00fcnen und raue W\u00fcstenk\u00e4mme.<\/p>\n<\/li>\n<li data-start=\"1670\" data-end=\"1918\">\n<p data-start=\"1672\" data-end=\"1918\"><strong data-start=\"1672\" data-end=\"1717\">Komfort und Abenteuer auf dieser Gobi-Tour<\/strong> - Genie\u00dfen Sie fachkundige F\u00fchrer, einen privaten Koch, ein Begleitfahrzeug, erstklassige Gel\u00e4ndewagen oder Enduro-Motorr\u00e4der, abwechslungsreiche Unterk\u00fcnfte von Luxushotels in Ulaanbaatar bis hin zu rustikalen Ger-Camps und Wildcamps.<\/p>\n<\/li>\n<\/ul>\n<p>Wenn Sie Fragen haben <a href=\"#contact-us\">kontaktieren Sie uns hier<\/a> oder senden Sie uns eine E-Mail an<br \/>\n<a href=\"mailto:contact@themongoliatour.com\">contact@themongoliatour.com<\/a>.<\/p>","protected":false},"excerpt":{"rendered":"<p>Erkunden Sie die W\u00fcste Gobi mit dieser einw\u00f6chigen Offroad Selbstfahrer Reise<\/p>","protected":false},"featured_media":3023,"comment_status":"open","ping_status":"closed","template":"","meta":{"_acf_changed":false,"iawp_total_views":4357},"product_brand":[],"product_cat":[17,16],"product_tag":[36],"class_list":{"0":"post-39","1":"product","2":"type-product","3":"status-publish","4":"has-post-thumbnail","6":"product_cat-summer","7":"product_cat-tour","8":"product_tag-summer-tours","10":"first","11":"instock","12":"shipping-taxable","13":"purchasable","14":"product-type-variable"},"acf":[],"_links":{"self":[{"href":"https:\/\/themongoliatour.com\/de\/wp-json\/wp\/v2\/product\/39","targetHints":{"allow":["GET"]}}],"collection":[{"href":"https:\/\/themongoliatour.com\/de\/wp-json\/wp\/v2\/product"}],"about":[{"href":"https:\/\/themongoliatour.com\/de\/wp-json\/wp\/v2\/types\/product"}],"replies":[{"embeddable":true,"href":"https:\/\/themongoliatour.com\/de\/wp-json\/wp\/v2\/comments?post=39"}],"wp:featuredmedia":[{"embeddable":true,"href":"https:\/\/themongoliatour.com\/de\/wp-json\/wp\/v2\/media\/3023"}],"wp:attachment":[{"href":"https:\/\/themongoliatour.com\/de\/wp-json\/wp\/v2\/media?parent=39"}],"wp:term":[{"taxonomy":"product_brand","embeddable":true,"href":"https:\/\/themongoliatour.com\/de\/wp-json\/wp\/v2\/product_brand?post=39"},{"taxonomy":"product_cat","embeddable":true,"href":"https:\/\/themongoliatour.com\/de\/wp-json\/wp\/v2\/product_cat?post=39"},{"taxonomy":"product_tag","embeddable":true,"href":"https:\/\/themongoliatour.com\/de\/wp-json\/wp\/v2\/product_tag?post=39"}],"curies":[{"name":"wp","href":"https:\/\/api.w.org\/{rel}","templated":true}]}}