{"id":4865,"date":"2025-02-17T22:45:39","date_gmt":"2025-02-17T14:45:39","guid":{"rendered":"https:\/\/themongoliatour.com\/?post_type=product&#038;p=4865"},"modified":"2025-09-18T15:03:12","modified_gmt":"2025-09-18T07:03:12","slug":"gefuehrte-4x4-selbstfahrer-mongolei-reise-adlerjaeger-altai-2","status":"publish","type":"product","link":"https:\/\/themongoliatour.com\/de\/touren\/gefuehrte-4x4-selbstfahrer-mongolei-reise-adlerjaeger-altai-2\/","title":{"rendered":"Altai Tracks Reise zu Adlerj\u00e4gern"},"content":{"rendered":"<p data-pm-slice=\"1 1 []\">Begeben Sie sich auf eine unvergessliche gef\u00fchrte 4\u00d74 Fahrzeug oder Motorrad Selbstfahrer Reise durch die Mongolei und durchqueren Sie einige der atemberaubendsten und abgelegensten Landschaften der Welt, wie die W\u00fcste Gobi und das Altai-Gebirge auf dem Weg zu den Adlerj\u00e4gern. Die LIQUI MOLY Extreme gef\u00fchrte Off-Road Reise wurde f\u00fcr Abenteurer entwickelt, die den Nervenkitzel des Off-Road Fahrens mit den reichen kulturellen Erfahrungen, die die Mongolei zu bieten hat, verbinden m\u00f6chten.<\/p>\n<p data-pm-slice=\"1 1 []\">Die Expedition beginnt in der pulsierenden Hauptstadt Ulan Bator und f\u00fchrt Sie durch weite Steppen, h\u00fcgelige Sandd\u00fcnen der Gobi, unber\u00fchrte Gletscher- und Salzseen und hoch aufragende Bergketten. In einem Konvoi von gut ausgestatteten Allradfahrzeugen oder Motorr\u00e4dern werden Sie durch zerkl\u00fcftetes Gel\u00e4nde, Fluss\u00fcberquerungen und felsige Pfade fahren und dabei die atemberaubende Sch\u00f6nheit der Natur genie\u00dfen, f\u00fcr die die Mongolei bekannt ist. Unterwegs besuchen Sie Nomadenfamilien, erleben deren traditionelle Lebensweise und \u00fcbernachten sogar bei kasachischen Adlerj\u00e4gern, um deren altehrw\u00fcrdige Jagdtechniken aus erster Hand zu erleben.<\/p>\n<p data-pm-slice=\"1 1 []\">Jeder Tag bietet neue Herausforderungen und Entdeckungen, vom Ritt auf einem Pferd in der Steppe oder einem Kamel in den D\u00fcnen \u00fcber die Besteigung erloschener Vulkane und das Trekking \u00fcber goldene Sandd\u00fcnen bis hin zur Entspannung an kristallklaren Seen und dem Zelten unter dem Sternenhimmel. Ob Sie die abgelegenen Landschaften des Altai-Gebirges durchqueren, die ungez\u00e4hmte Wildnis des Tavan-Bogd-Nationalparks erobern oder ein traditionelles Essen mit einheimischen Nomaden teilen - diese Expedition bietet eine einmalige Gelegenheit, in die ungez\u00e4hmte Sch\u00f6nheit der Mongolei und ihre nomadischen Traditionen einzutauchen. Erfahrene Reiseleiter sorgen f\u00fcr Sicherheit und ein reibungsloses Reiseerlebnis. Diese Tour ist perfekt f\u00fcr alle, die sowohl Abenteuer als auch kulturelle Bereicherung suchen.<\/p>\n<p data-pm-slice=\"1 1 []\">Die Route abseits der ausgetretenen Pfade wurde sorgf\u00e4ltig ausgearbeitet, um sowohl die bekanntesten Sehensw\u00fcrdigkeiten der Mongolei als auch versteckte Juwelen einzubeziehen und sicherzustellen, dass jeder Moment der Reise vollgepackt ist mit beeindruckenden Sehensw\u00fcrdigkeiten und unvergesslichen Erinnerungen. Von Chinggis Khaans alter Hauptstadt Kharkhorin bis hin zu den schneebedeckten Gipfeln des Sutai-Gebirges ist jeder Halt atemberaubender als der letzte. W\u00e4hrend Sie durch das Herz der mongolischen Wildnis fahren, werden Sie eine tiefe Verbundenheit mit dem Land, seinen Menschen und seinen best\u00e4ndigen Traditionen erleben.<\/p>\n<p data-pm-slice=\"1 1 []\">Wenn Sie auf der Suche nach dem ultimativen Selbstfahrer-Abenteuer sind, das Sie an Ihre Grenzen bringt und Sie mit unvergleichlicher Sch\u00f6nheit und authentischen kulturellen Begegnungen belohnt, dann ist diese Mongolei Reise genau das Richtige f\u00fcr Sie. Machen Sie sich bereit f\u00fcr die Reise Ihres Lebens, bei der jede Abzweigung zu einer neuen und aufregenden Erfahrung f\u00fchrt.<\/p>\n<p data-pm-slice=\"1 1 []\">","protected":false},"excerpt":{"rendered":"<p>Begeben Sie sich auf eine zwei- oder dreiw\u00f6chige gef\u00fchrte Offroad Mongolei Reise, die Sie durch die W\u00fcste Gobi zu den Adlerj\u00e4gern im Altai Gebirge und zu den atemberaubenden Seen der n\u00f6rdlichen Mongolei f\u00fchrt.<\/p>","protected":false},"featured_media":4923,"comment_status":"open","ping_status":"closed","template":"","meta":{"_acf_changed":false,"iawp_total_views":4506},"product_brand":[],"product_cat":[17,16],"product_tag":[36],"class_list":{"0":"post-4865","1":"product","2":"type-product","3":"status-publish","4":"has-post-thumbnail","6":"product_cat-summer","7":"product_cat-tour","8":"product_tag-summer-tours","10":"first","11":"instock","12":"shipping-taxable","13":"purchasable","14":"product-type-variable"},"acf":[],"_links":{"self":[{"href":"https:\/\/themongoliatour.com\/de\/wp-json\/wp\/v2\/product\/4865","targetHints":{"allow":["GET"]}}],"collection":[{"href":"https:\/\/themongoliatour.com\/de\/wp-json\/wp\/v2\/product"}],"about":[{"href":"https:\/\/themongoliatour.com\/de\/wp-json\/wp\/v2\/types\/product"}],"replies":[{"embeddable":true,"href":"https:\/\/themongoliatour.com\/de\/wp-json\/wp\/v2\/comments?post=4865"}],"wp:featuredmedia":[{"embeddable":true,"href":"https:\/\/themongoliatour.com\/de\/wp-json\/wp\/v2\/media\/4923"}],"wp:attachment":[{"href":"https:\/\/themongoliatour.com\/de\/wp-json\/wp\/v2\/media?parent=4865"}],"wp:term":[{"taxonomy":"product_brand","embeddable":true,"href":"https:\/\/themongoliatour.com\/de\/wp-json\/wp\/v2\/product_brand?post=4865"},{"taxonomy":"product_cat","embeddable":true,"href":"https:\/\/themongoliatour.com\/de\/wp-json\/wp\/v2\/product_cat?post=4865"},{"taxonomy":"product_tag","embeddable":true,"href":"https:\/\/themongoliatour.com\/de\/wp-json\/wp\/v2\/product_tag?post=4865"}],"curies":[{"name":"wp","href":"https:\/\/api.w.org\/{rel}","templated":true}]}}