{"id":4896,"date":"2025-02-16T13:49:12","date_gmt":"2025-02-16T05:49:12","guid":{"rendered":"https:\/\/themongoliatour.com\/?post_type=product&#038;p=4896"},"modified":"2025-02-16T14:10:40","modified_gmt":"2025-02-16T06:10:40","slug":"motorrad-schutzausrustung-leihset","status":"publish","type":"product","link":"https:\/\/themongoliatour.com\/de\/touren\/motorrad-schutzausrustung-leihset\/","title":{"rendered":"Motorrad Schutzausr\u00fcstung Verleihset"},"content":{"rendered":"","protected":false},"excerpt":{"rendered":"<p>Das Tragen von Schutzausr\u00fcstung ist f\u00fcr alle Teilnehmer w\u00e4hrend der Tour obligatorisch. Bringen Sie Ihre eigene Ausr\u00fcstung mit oder mieten Sie das Schutzausr\u00fcstungs-Mietset (Helm, Schutzbrille, Handschuhe, Stiefel, Schutzweste, Knieschutz). Es ist obligatorisch, die ben\u00f6tigten Gr\u00f6\u00dfen f\u00fcr jeden Artikel mindestens zwei Wochen vor dem Start der Tour zu schicken.<\/p>","protected":false},"featured_media":4897,"comment_status":"open","ping_status":"closed","template":"","meta":{"_acf_changed":false,"iawp_total_views":211},"product_brand":[],"product_cat":[21],"product_tag":[],"class_list":{"0":"post-4896","1":"product","2":"type-product","3":"status-publish","4":"has-post-thumbnail","6":"product_cat-trip-upgrades","8":"first","9":"instock","10":"virtual","11":"purchasable","12":"product-type-simple"},"acf":[],"_links":{"self":[{"href":"https:\/\/themongoliatour.com\/de\/wp-json\/wp\/v2\/product\/4896","targetHints":{"allow":["GET"]}}],"collection":[{"href":"https:\/\/themongoliatour.com\/de\/wp-json\/wp\/v2\/product"}],"about":[{"href":"https:\/\/themongoliatour.com\/de\/wp-json\/wp\/v2\/types\/product"}],"replies":[{"embeddable":true,"href":"https:\/\/themongoliatour.com\/de\/wp-json\/wp\/v2\/comments?post=4896"}],"wp:featuredmedia":[{"embeddable":true,"href":"https:\/\/themongoliatour.com\/de\/wp-json\/wp\/v2\/media\/4897"}],"wp:attachment":[{"href":"https:\/\/themongoliatour.com\/de\/wp-json\/wp\/v2\/media?parent=4896"}],"wp:term":[{"taxonomy":"product_brand","embeddable":true,"href":"https:\/\/themongoliatour.com\/de\/wp-json\/wp\/v2\/product_brand?post=4896"},{"taxonomy":"product_cat","embeddable":true,"href":"https:\/\/themongoliatour.com\/de\/wp-json\/wp\/v2\/product_cat?post=4896"},{"taxonomy":"product_tag","embeddable":true,"href":"https:\/\/themongoliatour.com\/de\/wp-json\/wp\/v2\/product_tag?post=4896"}],"curies":[{"name":"wp","href":"https:\/\/api.w.org\/{rel}","templated":true}]}}