{"id":1171,"date":"2024-01-13T14:57:19","date_gmt":"2024-01-13T14:57:19","guid":{"rendered":"https:\/\/themongoliatour.com\/?post_type=product&#038;p=1171"},"modified":"2024-01-19T14:21:00","modified_gmt":"2024-01-19T14:21:00","slug":"mejora-del-seguro","status":"publish","type":"product","link":"https:\/\/themongoliatour.com\/es\/visitas\/mejora-del-seguro\/","title":{"rendered":"Mejora del seguro"},"content":{"rendered":"","protected":false},"excerpt":{"rendered":"<p>Exenci\u00f3n de Da\u00f1os por P\u00e9rdida con franquicia reducida a 503EUR, Protecci\u00f3n de Grava, Protecci\u00f3n de Arena y Ceniza, Protecci\u00f3n de Neum\u00e1ticos y Parabrisas, Protecci\u00f3n en Carretera.<\/p>","protected":false},"featured_media":1173,"comment_status":"open","ping_status":"closed","template":"","meta":{"_acf_changed":false,"iawp_total_views":150},"product_brand":[],"product_cat":[21],"product_tag":[],"class_list":{"0":"post-1171","1":"product","2":"type-product","3":"status-publish","4":"has-post-thumbnail","6":"product_cat-trip-upgrades","8":"first","9":"instock","10":"virtual","11":"purchasable","12":"product-type-simple"},"acf":[],"_links":{"self":[{"href":"https:\/\/themongoliatour.com\/es\/wp-json\/wp\/v2\/product\/1171","targetHints":{"allow":["GET"]}}],"collection":[{"href":"https:\/\/themongoliatour.com\/es\/wp-json\/wp\/v2\/product"}],"about":[{"href":"https:\/\/themongoliatour.com\/es\/wp-json\/wp\/v2\/types\/product"}],"replies":[{"embeddable":true,"href":"https:\/\/themongoliatour.com\/es\/wp-json\/wp\/v2\/comments?post=1171"}],"wp:featuredmedia":[{"embeddable":true,"href":"https:\/\/themongoliatour.com\/es\/wp-json\/wp\/v2\/media\/1173"}],"wp:attachment":[{"href":"https:\/\/themongoliatour.com\/es\/wp-json\/wp\/v2\/media?parent=1171"}],"wp:term":[{"taxonomy":"product_brand","embeddable":true,"href":"https:\/\/themongoliatour.com\/es\/wp-json\/wp\/v2\/product_brand?post=1171"},{"taxonomy":"product_cat","embeddable":true,"href":"https:\/\/themongoliatour.com\/es\/wp-json\/wp\/v2\/product_cat?post=1171"},{"taxonomy":"product_tag","embeddable":true,"href":"https:\/\/themongoliatour.com\/es\/wp-json\/wp\/v2\/product_tag?post=1171"}],"curies":[{"name":"wp","href":"https:\/\/api.w.org\/{rel}","templated":true}]}}