{"id":2436,"date":"2024-03-14T13:39:24","date_gmt":"2024-03-14T05:39:24","guid":{"rendered":"https:\/\/themongoliatour.com\/?post_type=product&#038;p=2436"},"modified":"2025-12-02T18:06:02","modified_gmt":"2025-12-02T10:06:02","slug":"viaje-de-invierno-a-mongolia","status":"publish","type":"product","link":"https:\/\/themongoliatour.com\/es\/visitas\/viaje-de-invierno-a-mongolia\/","title":{"rendered":"Huellas de hielo hasta la taiga"},"content":{"rendered":"<p>Emb\u00e1rquese en un inolvidable viaje de invierno en 4\u00d74 por Mongolia, de 11 a 14 d\u00edas, en el que los paisajes urbanos se funden con la naturaleza salvaje y el patrimonio cultural se funde con las maravillas naturales. Desde el vibrante coraz\u00f3n de Ul\u00e1n Bator hasta las serenas extensiones del lago Khuvsgul, este viaje le invita a explorar el rico tapiz de Mongolia a trav\u00e9s de la conducci\u00f3n todoterreno.<\/p>\n<p>Del\u00e9itese con una exclusiva cena caliente de bienvenida, contemple los majestuosos caballos salvajes del Parque Nacional de Khustai y sum\u00e9rjase en las terap\u00e9uticas aguas termales de Arkhangai. Encuentre a las m\u00edsticas tribus tsaatan, desl\u00edcese sobre las extensiones heladas del lago Khuvsgul y celebre las maravillas del hielo en el Festival del Hielo. Concluya su viaje con una lujosa estancia en Ul\u00e1n Bator, llev\u00e1ndose a casa recuerdos que durar\u00e1n toda la vida.<\/p>\n<p>Echa un vistazo <a href=\"https:\/\/www.youtube.com\/watch?v=VBTOcghUDA8\" target=\"_blank\" rel=\"noopener\">Vlog de Mike<\/a>, <a href=\"https:\/\/www.welt.de\/reise\/video69204c8a52711a01b9dd5163\/minus-20-grad-eis-eis-baby-roadtrip-durch-die-mongolei.html\" target=\"_blank\" rel=\"noopener\">Reportaje de Michaels para el diario WELT am Sonntag<\/a>, <a href=\"https:\/\/www.sueddeutsche.de\/projekte\/artikel\/reise\/mongolei-winter-urlaub-e524196\/?reduced=true\" target=\"_blank\" rel=\"noopener\">Reportaje sobre Titus en Sueddeutsche Zeitung<\/a> o nuestro <a href=\"https:\/\/www.youtube.com\/watch?v=X0WCHcTUAvM&amp;list=PLdkJfGw7HRKLHPFKg40ZKPdu7Ul3lHz6B\" target=\"_blank\" rel=\"noopener\">Youtube para m\u00e1s impresiones<\/a>.<\/p>","protected":false},"excerpt":{"rendered":"<p>Emb\u00e1rquese en una excursi\u00f3n todoterreno de invierno de 11 a 14 d\u00edas por Mongolia, desde Ul\u00e1n Bator hasta el lago Khuvsgul.<\/p>","protected":false},"featured_media":2728,"comment_status":"open","ping_status":"closed","template":"","meta":{"_acf_changed":false,"iawp_total_views":2140},"product_brand":[],"product_cat":[23,16],"product_tag":[],"class_list":{"0":"post-2436","1":"product","2":"type-product","3":"status-publish","4":"has-post-thumbnail","6":"product_cat-winter","7":"product_cat-tour","9":"first","10":"instock","11":"sale","12":"shipping-taxable","13":"purchasable","14":"product-type-variable"},"acf":[],"_links":{"self":[{"href":"https:\/\/themongoliatour.com\/es\/wp-json\/wp\/v2\/product\/2436","targetHints":{"allow":["GET"]}}],"collection":[{"href":"https:\/\/themongoliatour.com\/es\/wp-json\/wp\/v2\/product"}],"about":[{"href":"https:\/\/themongoliatour.com\/es\/wp-json\/wp\/v2\/types\/product"}],"replies":[{"embeddable":true,"href":"https:\/\/themongoliatour.com\/es\/wp-json\/wp\/v2\/comments?post=2436"}],"wp:featuredmedia":[{"embeddable":true,"href":"https:\/\/themongoliatour.com\/es\/wp-json\/wp\/v2\/media\/2728"}],"wp:attachment":[{"href":"https:\/\/themongoliatour.com\/es\/wp-json\/wp\/v2\/media?parent=2436"}],"wp:term":[{"taxonomy":"product_brand","embeddable":true,"href":"https:\/\/themongoliatour.com\/es\/wp-json\/wp\/v2\/product_brand?post=2436"},{"taxonomy":"product_cat","embeddable":true,"href":"https:\/\/themongoliatour.com\/es\/wp-json\/wp\/v2\/product_cat?post=2436"},{"taxonomy":"product_tag","embeddable":true,"href":"https:\/\/themongoliatour.com\/es\/wp-json\/wp\/v2\/product_tag?post=2436"}],"curies":[{"name":"wp","href":"https:\/\/api.w.org\/{rel}","templated":true}]}}