{"id":3160,"date":"2024-04-11T23:29:18","date_gmt":"2024-04-11T15:29:18","guid":{"rendered":"https:\/\/themongoliatour.com\/?post_type=product&#038;p=3160"},"modified":"2025-02-24T10:37:38","modified_gmt":"2025-02-24T02:37:38","slug":"circuito-offroad-de-dos-semanas-por-mongolia","status":"publish","type":"product","link":"https:\/\/themongoliatour.com\/es\/visitas\/circuito-offroad-de-dos-semanas-por-mongolia\/","title":{"rendered":"Desert Dunes y Crystal Lakes"},"content":{"rendered":"<p>Emb\u00e1rquese en un emocionante viaje todoterreno de dos semanas por Mongolia, donde el esp\u00edritu de aventura se respira en los vastos paisajes y la historia antigua susurra en el viento. Desde las vibrantes calles de Ul\u00e1n Bator hasta las serenas extensiones del valle de Orkhon, cada d\u00eda se abre un nuevo cap\u00edtulo de descubrimientos. Atraviese dunas de arena, visite la hist\u00f3rica Kharakorum y marav\u00edllese ante el pr\u00edstino lago Ugii. Este viaje promete no s\u00f3lo vistas, sino el alma de Mongolia, experimentada a trav\u00e9s de sus maravillas naturales y la c\u00e1lida hospitalidad de sus gentes. Prep\u00e1rese para una aventura inolvidable en la que cada curva le abrir\u00e1 un nuevo horizonte.<\/p>","protected":false},"excerpt":{"rendered":"<p>Emb\u00e1rquese en un viaje todoterreno de dos semanas por Mongolia, explorando dunas des\u00e9rticas, lagos cristalinos y una historia milenaria.<\/p>","protected":false},"featured_media":3235,"comment_status":"open","ping_status":"closed","template":"","meta":{"_acf_changed":false,"iawp_total_views":1925},"product_brand":[],"product_cat":[17,16],"product_tag":[36],"class_list":{"0":"post-3160","1":"product","2":"type-product","3":"status-publish","4":"has-post-thumbnail","6":"product_cat-summer","7":"product_cat-tour","8":"product_tag-summer-tours","10":"first","11":"instock","12":"sale","13":"shipping-taxable","14":"purchasable","15":"product-type-variable"},"acf":[],"_links":{"self":[{"href":"https:\/\/themongoliatour.com\/es\/wp-json\/wp\/v2\/product\/3160","targetHints":{"allow":["GET"]}}],"collection":[{"href":"https:\/\/themongoliatour.com\/es\/wp-json\/wp\/v2\/product"}],"about":[{"href":"https:\/\/themongoliatour.com\/es\/wp-json\/wp\/v2\/types\/product"}],"replies":[{"embeddable":true,"href":"https:\/\/themongoliatour.com\/es\/wp-json\/wp\/v2\/comments?post=3160"}],"wp:featuredmedia":[{"embeddable":true,"href":"https:\/\/themongoliatour.com\/es\/wp-json\/wp\/v2\/media\/3235"}],"wp:attachment":[{"href":"https:\/\/themongoliatour.com\/es\/wp-json\/wp\/v2\/media?parent=3160"}],"wp:term":[{"taxonomy":"product_brand","embeddable":true,"href":"https:\/\/themongoliatour.com\/es\/wp-json\/wp\/v2\/product_brand?post=3160"},{"taxonomy":"product_cat","embeddable":true,"href":"https:\/\/themongoliatour.com\/es\/wp-json\/wp\/v2\/product_cat?post=3160"},{"taxonomy":"product_tag","embeddable":true,"href":"https:\/\/themongoliatour.com\/es\/wp-json\/wp\/v2\/product_tag?post=3160"}],"curies":[{"name":"wp","href":"https:\/\/api.w.org\/{rel}","templated":true}]}}