{"id":39,"date":"2024-01-04T13:24:10","date_gmt":"2024-01-04T13:24:10","guid":{"rendered":"https:\/\/themongoliatour.com\/?post_type=product&#038;p=39"},"modified":"2025-09-18T13:31:47","modified_gmt":"2025-09-18T05:31:47","slug":"tour-offroad-por-el-gobi","status":"publish","type":"product","link":"https:\/\/themongoliatour.com\/es\/visitas\/tour-offroad-por-el-gobi\/","title":{"rendered":"Huellas del Gobi"},"content":{"rendered":"<p data-start=\"226\" data-end=\"292\"><strong data-start=\"226\" data-end=\"292\">Descubra la mejor ruta por el Gobi: Aventura todoterreno Gobi Tracks<\/strong><\/p>\n<p data-start=\"294\" data-end=\"613\">Emb\u00e1rquese en el viaje m\u00e1s emocionante <strong data-start=\"323\" data-end=\"336\">Viaje a Gobi<\/strong> de su vida: una excursi\u00f3n todoterreno de una semana por el desierto de Gobi que comienza y termina en Ul\u00e1n Bator. Recorriendo unos 2.000 km de terreno mongol -desde suaves carreteras asfaltadas hasta escarpadas pistas de tierra-, este recorrido por el Gobi, con asistencia completa, le adentrar\u00e1 en el coraz\u00f3n del vasto y salvaje desierto de Gobi.<\/p>\n<p data-start=\"615\" data-end=\"1098\">En este \u00e9pico recorrido por el Gobi ser\u00e1 testigo de paisajes inigualables. Enormes formaciones rocosas esculpidas por el viento, cielos repletos de majestuosas aves, bandas de rocas con los colores del arco iris y valles llenos de hielo ocultos en remotos ca\u00f1ones. Sobrepase sus l\u00edmites a lomos de camellos sobre alt\u00edsimas dunas bajo un amanecer abrasador. En este viaje por el Gobi tambi\u00e9n se sumergir\u00e1 en la vida n\u00f3mada, durmiendo en gers tradicionales y acampando bajo un cielo lleno de estrellas mientras experimenta de primera mano los ritmos de los n\u00f3madas del Gobi.<\/p>\n<p data-start=\"1100\" data-end=\"1154\"><strong data-start=\"1100\" data-end=\"1154\">Qu\u00e9 hace inolvidable la excursi\u00f3n Gobi Tracks Gobi<\/strong><\/p>\n<ul data-start=\"1156\" data-end=\"1918\">\n<li data-start=\"1156\" data-end=\"1335\">\n<p data-start=\"1158\" data-end=\"1335\"><strong data-start=\"1158\" data-end=\"1205\">Diversidad inigualable en su ruta por el Gobi<\/strong> - Atravesar dunas des\u00e9rticas, estepas peladas, imponentes colinas de arena, acantilados resplandecientes, ca\u00f1ones con bolsas de hielo y valles de rocas arco iris.<\/p>\n<\/li>\n<li data-start=\"1336\" data-end=\"1499\">\n<p data-start=\"1338\" data-end=\"1499\"><strong data-start=\"1338\" data-end=\"1389\">Aut\u00e9nticos encuentros culturales en su viaje por el Gobi<\/strong> - Comparta comidas, historias y hospitalidad con los n\u00f3madas locales; vea el pastoreo tradicional y los campamentos de ger mongoles.<\/p>\n<\/li>\n<li data-start=\"1500\" data-end=\"1669\">\n<p data-start=\"1502\" data-end=\"1669\"><strong data-start=\"1502\" data-end=\"1565\">Emoci\u00f3n todoterreno y terrenos escarpados en el Gobi<\/strong> - El recorrido incluye desafiantes pistas de tierra, amplias estepas, escarpadas dunas y \u00e1speras crestas des\u00e9rticas.<\/p>\n<\/li>\n<li data-start=\"1670\" data-end=\"1918\">\n<p data-start=\"1672\" data-end=\"1918\"><strong data-start=\"1672\" data-end=\"1717\">La comodidad se une a la aventura en esta ruta por el Gobi<\/strong> - Disfrutar\u00e1 de gu\u00edas expertos, chef privado, veh\u00edculo de apoyo completo, veh\u00edculos todoterreno o motos de enduro de primera categor\u00eda, alojamientos variados, desde hoteles de lujo en Ul\u00e1n Bator hasta r\u00fasticos campamentos ger y acampadas salvajes.<\/p>\n<\/li>\n<\/ul>\n<p>Si tiene alguna pregunta <a href=\"#contact-us\">p\u00f3ngase en contacto con nosotros<\/a> o env\u00edenos un correo electr\u00f3nico a<br \/>\n<a href=\"mailto:contact@themongoliatour.com\">contact@themongoliatour.com<\/a>.<\/p>","protected":false},"excerpt":{"rendered":"<p>Explore el desierto de Gobi con esta experiencia en todoterreno de una semana<\/p>","protected":false},"featured_media":3023,"comment_status":"open","ping_status":"closed","template":"","meta":{"_acf_changed":false,"iawp_total_views":4357},"product_brand":[],"product_cat":[17,16],"product_tag":[36],"class_list":{"0":"post-39","1":"product","2":"type-product","3":"status-publish","4":"has-post-thumbnail","6":"product_cat-summer","7":"product_cat-tour","8":"product_tag-summer-tours","10":"first","11":"instock","12":"shipping-taxable","13":"purchasable","14":"product-type-variable"},"acf":[],"_links":{"self":[{"href":"https:\/\/themongoliatour.com\/es\/wp-json\/wp\/v2\/product\/39","targetHints":{"allow":["GET"]}}],"collection":[{"href":"https:\/\/themongoliatour.com\/es\/wp-json\/wp\/v2\/product"}],"about":[{"href":"https:\/\/themongoliatour.com\/es\/wp-json\/wp\/v2\/types\/product"}],"replies":[{"embeddable":true,"href":"https:\/\/themongoliatour.com\/es\/wp-json\/wp\/v2\/comments?post=39"}],"wp:featuredmedia":[{"embeddable":true,"href":"https:\/\/themongoliatour.com\/es\/wp-json\/wp\/v2\/media\/3023"}],"wp:attachment":[{"href":"https:\/\/themongoliatour.com\/es\/wp-json\/wp\/v2\/media?parent=39"}],"wp:term":[{"taxonomy":"product_brand","embeddable":true,"href":"https:\/\/themongoliatour.com\/es\/wp-json\/wp\/v2\/product_brand?post=39"},{"taxonomy":"product_cat","embeddable":true,"href":"https:\/\/themongoliatour.com\/es\/wp-json\/wp\/v2\/product_cat?post=39"},{"taxonomy":"product_tag","embeddable":true,"href":"https:\/\/themongoliatour.com\/es\/wp-json\/wp\/v2\/product_tag?post=39"}],"curies":[{"name":"wp","href":"https:\/\/api.w.org\/{rel}","templated":true}]}}