{"id":4865,"date":"2025-02-17T22:45:39","date_gmt":"2025-02-17T14:45:39","guid":{"rendered":"https:\/\/themongoliatour.com\/?post_type=product&#038;p=4865"},"modified":"2025-09-18T15:03:12","modified_gmt":"2025-09-18T07:03:12","slug":"guiada-4x4-conductorindependiente-mongolia-viaje-cazadoraguilas-altai","status":"publish","type":"product","link":"https:\/\/themongoliatour.com\/es\/visitas\/guiada-4x4-conductorindependiente-mongolia-viaje-cazadoraguilas-altai\/","title":{"rendered":"Tour \u00abHuellas de Altai\u00bb para cazadores de \u00e1guilas"},"content":{"rendered":"<p data-pm-slice=\"1 1 []\">Emb\u00e1rcate en un inolvidable viaje autoguiado en 4\u00d74 por Mongolia, aventur\u00e1ndote por algunos de los paisajes m\u00e1s impresionantes y remotos del mundo, como el desierto de Gobi y las monta\u00f1as de Altai, con sus cazadores de \u00e1guilas. El viaje en convoy todoterreno LIQUI MOLY Extreme est\u00e1 dise\u00f1ado para aventureros que buscan la emoci\u00f3n de la conducci\u00f3n todoterreno combinada con las ricas experiencias culturales que ofrece Mongolia.<\/p>\n<p data-pm-slice=\"1 1 []\">Comenzando en la vibrante capital de Ul\u00e1n Bator, la expedici\u00f3n le llevar\u00e1 a trav\u00e9s de vastas estepas, ondulantes dunas de arena del Gobi, pr\u00edstinos lagos glaciares y salados e imponentes cadenas monta\u00f1osas. Con un convoy de veh\u00edculos 4x4 bien equipados, atravesar\u00e1 terrenos escarpados, cruzar\u00e1 r\u00edos y caminos rocosos, mientras se empapa de la impresionante belleza natural que ha dado fama a Mongolia. Por el camino, visitar\u00e1 a familias n\u00f3madas, experimentar\u00e1 su modo de vida tradicional e incluso se alojar\u00e1 con cazadores de \u00e1guilas kazajos, presenciando de primera mano sus t\u00e9cnicas de caza ancestrales.<\/p>\n<p data-pm-slice=\"1 1 []\">Cada d\u00eda presenta nuevos retos y descubrimientos, desde montar a caballo por las estepas o en camello por las dunas hasta escalar volcanes inactivos y caminar por dunas de arena dorada, pasando por relajarse junto a lagos cristalinos y acampar bajo un cielo lleno de estrellas. Ya sea atravesando los remotos paisajes de las monta\u00f1as Altai, conquistando la ind\u00f3mita naturaleza salvaje del Parque Nacional de Tavan Bogd o compartiendo una comida tradicional con los n\u00f3madas locales, esta expedici\u00f3n ofrece una oportunidad inigualable de sumergirse en la ind\u00f3mita belleza de Mongolia y en sus tradiciones n\u00f3madas. Con gu\u00edas experimentados que garantizan la seguridad y una experiencia de viaje sin contratiempos, este viaje es perfecto para quienes buscan tanto la aventura como el enriquecimiento cultural.<\/p>\n<p data-pm-slice=\"1 1 []\">La ruta, fuera de los caminos trillados, ha sido cuidadosamente dise\u00f1ada para incluir los lugares m\u00e1s emblem\u00e1ticos de Mongolia, as\u00ed como joyas ocultas, garantizando que cada momento del viaje est\u00e9 repleto de vistas impresionantes y recuerdos inolvidables. Desde la antigua capital de Chinggis Khaan, Kharkhorin, hasta los imponentes picos nevados de la monta\u00f1a Sutai, cada parada es m\u00e1s impresionante que la anterior. Mientras conduce por el coraz\u00f3n de la naturaleza salvaje de Mongolia, experimentar\u00e1 una profunda conexi\u00f3n con la tierra, sus gentes y sus perdurables tradiciones.<\/p>\n<p data-pm-slice=\"1 1 []\">Si lo que busca es la mejor aventura en coche, una aventura que ponga a prueba sus l\u00edmites y le recompense con una belleza incomparable y aut\u00e9nticos encuentros culturales, este viaje es para usted. Prep\u00e1rese para embarcarse en el viaje de su vida, en el que cada curva de la carretera le conducir\u00e1 a una nueva y emocionante experiencia.<\/p>\n<p data-pm-slice=\"1 1 []\">","protected":false},"excerpt":{"rendered":"<p>Emb\u00e1rquese en un viaje guiado Off Road de dos o tres semanas por Mongolia, atravesando el desierto de Gobi hasta llegar a los Cazadores de \u00c1guilas, en las monta\u00f1as de Altai, y explorando los impresionantes lagos del norte de Mongolia.<\/p>","protected":false},"featured_media":4923,"comment_status":"open","ping_status":"closed","template":"","meta":{"_acf_changed":false,"iawp_total_views":4460},"product_brand":[],"product_cat":[17,16],"product_tag":[36],"class_list":{"0":"post-4865","1":"product","2":"type-product","3":"status-publish","4":"has-post-thumbnail","6":"product_cat-summer","7":"product_cat-tour","8":"product_tag-summer-tours","10":"first","11":"instock","12":"shipping-taxable","13":"purchasable","14":"product-type-variable"},"acf":[],"_links":{"self":[{"href":"https:\/\/themongoliatour.com\/es\/wp-json\/wp\/v2\/product\/4865","targetHints":{"allow":["GET"]}}],"collection":[{"href":"https:\/\/themongoliatour.com\/es\/wp-json\/wp\/v2\/product"}],"about":[{"href":"https:\/\/themongoliatour.com\/es\/wp-json\/wp\/v2\/types\/product"}],"replies":[{"embeddable":true,"href":"https:\/\/themongoliatour.com\/es\/wp-json\/wp\/v2\/comments?post=4865"}],"wp:featuredmedia":[{"embeddable":true,"href":"https:\/\/themongoliatour.com\/es\/wp-json\/wp\/v2\/media\/4923"}],"wp:attachment":[{"href":"https:\/\/themongoliatour.com\/es\/wp-json\/wp\/v2\/media?parent=4865"}],"wp:term":[{"taxonomy":"product_brand","embeddable":true,"href":"https:\/\/themongoliatour.com\/es\/wp-json\/wp\/v2\/product_brand?post=4865"},{"taxonomy":"product_cat","embeddable":true,"href":"https:\/\/themongoliatour.com\/es\/wp-json\/wp\/v2\/product_cat?post=4865"},{"taxonomy":"product_tag","embeddable":true,"href":"https:\/\/themongoliatour.com\/es\/wp-json\/wp\/v2\/product_tag?post=4865"}],"curies":[{"name":"wp","href":"https:\/\/api.w.org\/{rel}","templated":true}]}}