{"id":4868,"date":"2025-02-15T19:18:52","date_gmt":"2025-02-15T11:18:52","guid":{"rendered":"https:\/\/themongoliatour.com\/?post_type=product&#038;p=4868"},"modified":"2025-06-15T15:00:15","modified_gmt":"2025-06-15T07:00:15","slug":"enduro-mongolia-en-moto","status":"publish","type":"product","link":"https:\/\/themongoliatour.com\/es\/visitas\/enduro-mongolia-en-moto\/","title":{"rendered":"Viaje r\u00e1pido en moto por Mongolia"},"content":{"rendered":"<p>Emb\u00e1rcate en un emocionante viaje en moto todoterreno por Mongolia de cinco d\u00edas de duraci\u00f3n a trav\u00e9s de los impresionantes paisajes de Mongolia, desde exuberantes estepas hasta majestuosas dunas de arena, recorriendo 780 km de terreno listo para la aventura. Este viaje con asistencia completa ofrece una visi\u00f3n \u00edntima del coraz\u00f3n de Mongolia.<\/p>\n<p>Sum\u00e9rjase en las maravillas naturales del pa\u00eds, experimentando desde paseos en camello por imponentes dunas hasta encuentros con n\u00f3madas locales. Esta aventura inolvidable promete recuerdos encantadores e historias para toda la vida.<\/p>","protected":false},"excerpt":{"rendered":"<p>Un divertido viaje en moto por la belleza de Mongolia fuera de los caminos trillados y por senderos \u00e9picos<\/p>","protected":false},"featured_media":4869,"comment_status":"open","ping_status":"closed","template":"","meta":{"_acf_changed":false,"iawp_total_views":1910},"product_brand":[],"product_cat":[16,37],"product_tag":[36],"class_list":{"0":"post-4868","1":"product","2":"type-product","3":"status-publish","4":"has-post-thumbnail","6":"product_cat-tour","7":"product_cat-bike","8":"product_tag-summer-tours","10":"first","11":"instock","12":"sale","13":"shipping-taxable","14":"purchasable","15":"product-type-variable"},"acf":[],"_links":{"self":[{"href":"https:\/\/themongoliatour.com\/es\/wp-json\/wp\/v2\/product\/4868","targetHints":{"allow":["GET"]}}],"collection":[{"href":"https:\/\/themongoliatour.com\/es\/wp-json\/wp\/v2\/product"}],"about":[{"href":"https:\/\/themongoliatour.com\/es\/wp-json\/wp\/v2\/types\/product"}],"replies":[{"embeddable":true,"href":"https:\/\/themongoliatour.com\/es\/wp-json\/wp\/v2\/comments?post=4868"}],"wp:featuredmedia":[{"embeddable":true,"href":"https:\/\/themongoliatour.com\/es\/wp-json\/wp\/v2\/media\/4869"}],"wp:attachment":[{"href":"https:\/\/themongoliatour.com\/es\/wp-json\/wp\/v2\/media?parent=4868"}],"wp:term":[{"taxonomy":"product_brand","embeddable":true,"href":"https:\/\/themongoliatour.com\/es\/wp-json\/wp\/v2\/product_brand?post=4868"},{"taxonomy":"product_cat","embeddable":true,"href":"https:\/\/themongoliatour.com\/es\/wp-json\/wp\/v2\/product_cat?post=4868"},{"taxonomy":"product_tag","embeddable":true,"href":"https:\/\/themongoliatour.com\/es\/wp-json\/wp\/v2\/product_tag?post=4868"}],"curies":[{"name":"wp","href":"https:\/\/api.w.org\/{rel}","templated":true}]}}