{"id":2271,"date":"2024-03-11T23:58:52","date_gmt":"2024-03-11T15:58:52","guid":{"rendered":"https:\/\/themongoliatour.com\/?post_type=product&#038;p=2271"},"modified":"2025-02-18T23:08:25","modified_gmt":"2025-02-18T15:08:25","slug":"court-circuit-hors-route-en-mongolie","status":"publish","type":"product","link":"https:\/\/themongoliatour.com\/fr\/tournees\/court-circuit-hors-route-en-mongolie\/","title":{"rendered":"Hors des sentiers battus"},"content":{"rendered":"<p>Embarquez pour un court circuit tout-terrain de cinq jours \u00e0 travers les paysages \u00e9poustouflants de la Mongolie, des steppes luxuriantes aux dunes de sable majestueuses, couvrant 780 km de terrain propice \u00e0 l'aventure. Ce circuit enti\u00e8rement pris en charge offre un aper\u00e7u intime du c\u0153ur de la Mongolie.<\/p>\n<p>Plongez dans les merveilles naturelles du pays et vivez toutes sortes d'exp\u00e9riences, des promenades \u00e0 dos de chameau sur d'immenses dunes aux rencontres immersives avec les nomades locaux. Cette aventure inoubliable promet des souvenirs enchanteurs et des histoires qui dureront toute une vie.<\/p>","protected":false},"excerpt":{"rendered":"<p>Une plong\u00e9e rapide et amusante dans la beaut\u00e9 de la Mongolie hors des sentiers battus<\/p>","protected":false},"featured_media":2282,"comment_status":"open","ping_status":"closed","template":"","meta":{"_acf_changed":false,"iawp_total_views":1320},"product_brand":[],"product_cat":[17,16],"product_tag":[36],"class_list":{"0":"post-2271","1":"product","2":"type-product","3":"status-publish","4":"has-post-thumbnail","6":"product_cat-summer","7":"product_cat-tour","8":"product_tag-summer-tours","10":"first","11":"instock","12":"shipping-taxable","13":"purchasable","14":"product-type-variable"},"acf":[],"_links":{"self":[{"href":"https:\/\/themongoliatour.com\/fr\/wp-json\/wp\/v2\/product\/2271","targetHints":{"allow":["GET"]}}],"collection":[{"href":"https:\/\/themongoliatour.com\/fr\/wp-json\/wp\/v2\/product"}],"about":[{"href":"https:\/\/themongoliatour.com\/fr\/wp-json\/wp\/v2\/types\/product"}],"replies":[{"embeddable":true,"href":"https:\/\/themongoliatour.com\/fr\/wp-json\/wp\/v2\/comments?post=2271"}],"wp:featuredmedia":[{"embeddable":true,"href":"https:\/\/themongoliatour.com\/fr\/wp-json\/wp\/v2\/media\/2282"}],"wp:attachment":[{"href":"https:\/\/themongoliatour.com\/fr\/wp-json\/wp\/v2\/media?parent=2271"}],"wp:term":[{"taxonomy":"product_brand","embeddable":true,"href":"https:\/\/themongoliatour.com\/fr\/wp-json\/wp\/v2\/product_brand?post=2271"},{"taxonomy":"product_cat","embeddable":true,"href":"https:\/\/themongoliatour.com\/fr\/wp-json\/wp\/v2\/product_cat?post=2271"},{"taxonomy":"product_tag","embeddable":true,"href":"https:\/\/themongoliatour.com\/fr\/wp-json\/wp\/v2\/product_tag?post=2271"}],"curies":[{"name":"wp","href":"https:\/\/api.w.org\/{rel}","templated":true}]}}