{"id":2436,"date":"2024-03-14T13:39:24","date_gmt":"2024-03-14T05:39:24","guid":{"rendered":"https:\/\/themongoliatour.com\/?post_type=product&#038;p=2436"},"modified":"2025-12-02T18:06:02","modified_gmt":"2025-12-02T10:06:02","slug":"voyage-dhiver-en-mongolie","status":"publish","type":"product","link":"https:\/\/themongoliatour.com\/fr\/tournees\/voyage-dhiver-en-mongolie\/","title":{"rendered":"De la glace \u00e0 la ta\u00efga"},"content":{"rendered":"<p>Embarquez pour un inoubliable circuit hivernal en 4\u00d74 de 11 \u00e0 14 jours en Mongolie, o\u00f9 les paysages urbains se m\u00ealent \u00e0 la nature sauvage et o\u00f9 le patrimoine culturel c\u00f4toie les merveilles naturelles. Du c\u0153ur vibrant d'Oulan-Bator aux \u00e9tendues sereines du lac Khuvsgul, ce circuit vous invite \u00e0 explorer la riche tapisserie de la Mongolie par le biais de la conduite tout-terrain.<\/p>\n<p>Savourez un d\u00eener de bienvenue unique, admirez les majestueux chevaux sauvages du parc national de Khustai et plongez dans les eaux th\u00e9rapeutiques des sources thermales d'Arkhangai. Rencontrez les tribus mystiques Tsaatan, glissez sur les \u00e9tendues gel\u00e9es du lac Khuvsgul et c\u00e9l\u00e9brez les merveilles glac\u00e9es lors du festival de la glace. Terminez votre voyage par un s\u00e9jour luxueux \u00e0 Oulan-Bator, en emportant avec vous des souvenirs qui dureront toute une vie.<\/p>\n<p>V\u00e9rifier <a href=\"https:\/\/www.youtube.com\/watch?v=VBTOcghUDA8\" target=\"_blank\" rel=\"noopener\">Vlog de Mike<\/a>, <a href=\"https:\/\/www.welt.de\/reise\/video69204c8a52711a01b9dd5163\/minus-20-grad-eis-eis-baby-roadtrip-durch-die-mongolei.html\" target=\"_blank\" rel=\"noopener\">Rapport de M. Michaels pour le journal WELT am Sonntag<\/a>, <a href=\"https:\/\/www.sueddeutsche.de\/projekte\/artikel\/reise\/mongolei-winter-urlaub-e524196\/?reduced=true\" target=\"_blank\" rel=\"noopener\">L'histoire de Titus dans le Sueddeutsche Zeitung<\/a> ou notre <a href=\"https:\/\/www.youtube.com\/watch?v=X0WCHcTUAvM&amp;list=PLdkJfGw7HRKLHPFKg40ZKPdu7Ul3lHz6B\" target=\"_blank\" rel=\"noopener\">Youtube pour plus d'impressions<\/a>.<\/p>","protected":false},"excerpt":{"rendered":"<p>Embarquez pour un circuit hors route hivernal de 11 \u00e0 14 jours en Mongolie, d'Oulan-Bator au lac Khuvsgul.<\/p>","protected":false},"featured_media":2728,"comment_status":"open","ping_status":"closed","template":"","meta":{"_acf_changed":false,"iawp_total_views":2140},"product_brand":[],"product_cat":[23,16],"product_tag":[],"class_list":{"0":"post-2436","1":"product","2":"type-product","3":"status-publish","4":"has-post-thumbnail","6":"product_cat-winter","7":"product_cat-tour","9":"first","10":"instock","11":"sale","12":"shipping-taxable","13":"purchasable","14":"product-type-variable"},"acf":[],"_links":{"self":[{"href":"https:\/\/themongoliatour.com\/fr\/wp-json\/wp\/v2\/product\/2436","targetHints":{"allow":["GET"]}}],"collection":[{"href":"https:\/\/themongoliatour.com\/fr\/wp-json\/wp\/v2\/product"}],"about":[{"href":"https:\/\/themongoliatour.com\/fr\/wp-json\/wp\/v2\/types\/product"}],"replies":[{"embeddable":true,"href":"https:\/\/themongoliatour.com\/fr\/wp-json\/wp\/v2\/comments?post=2436"}],"wp:featuredmedia":[{"embeddable":true,"href":"https:\/\/themongoliatour.com\/fr\/wp-json\/wp\/v2\/media\/2728"}],"wp:attachment":[{"href":"https:\/\/themongoliatour.com\/fr\/wp-json\/wp\/v2\/media?parent=2436"}],"wp:term":[{"taxonomy":"product_brand","embeddable":true,"href":"https:\/\/themongoliatour.com\/fr\/wp-json\/wp\/v2\/product_brand?post=2436"},{"taxonomy":"product_cat","embeddable":true,"href":"https:\/\/themongoliatour.com\/fr\/wp-json\/wp\/v2\/product_cat?post=2436"},{"taxonomy":"product_tag","embeddable":true,"href":"https:\/\/themongoliatour.com\/fr\/wp-json\/wp\/v2\/product_tag?post=2436"}],"curies":[{"name":"wp","href":"https:\/\/api.w.org\/{rel}","templated":true}]}}