{"id":3160,"date":"2024-04-11T23:29:18","date_gmt":"2024-04-11T15:29:18","guid":{"rendered":"https:\/\/themongoliatour.com\/?post_type=product&#038;p=3160"},"modified":"2025-02-24T10:37:38","modified_gmt":"2025-02-24T02:37:38","slug":"circuit-de-deux-semaines-en-mongolie-hors-des-sentiers-battus","status":"publish","type":"product","link":"https:\/\/themongoliatour.com\/fr\/tournees\/circuit-de-deux-semaines-en-mongolie-hors-des-sentiers-battus\/","title":{"rendered":"Dunes du d\u00e9sert et lacs de cristal"},"content":{"rendered":"<p>Embarquez pour deux semaines de voyage passionnant en Mongolie, o\u00f9 l'esprit d'aventure souffle \u00e0 travers les vastes paysages et o\u00f9 l'histoire ancienne murmure dans le vent. Des rues anim\u00e9es d'Oulan-Bator aux \u00e9tendues sereines de la vall\u00e9e de l'Orkhon, chaque jour d\u00e9voile un nouveau chapitre de d\u00e9couverte. Traversez des dunes de sable, visitez la ville historique de Kharakorum et \u00e9merveillez-vous devant le lac Ugii. Ce voyage vous promet non seulement des paysages, mais aussi l'\u00e2me de la Mongolie, \u00e0 travers ses merveilles naturelles et l'hospitalit\u00e9 chaleureuse de ses habitants. Pr\u00e9parez-vous \u00e0 vivre une aventure inoubliable o\u00f9 chaque virage vous fera d\u00e9couvrir un nouvel horizon !<\/p>","protected":false},"excerpt":{"rendered":"<p>Embarquez pour un circuit hors route de deux semaines en Mongolie, \u00e0 la d\u00e9couverte des dunes du d\u00e9sert, des lacs de cristal et de l'histoire ancienne.<\/p>","protected":false},"featured_media":3235,"comment_status":"open","ping_status":"closed","template":"","meta":{"_acf_changed":false,"iawp_total_views":2053},"product_brand":[],"product_cat":[17,16],"product_tag":[36],"class_list":{"0":"post-3160","1":"product","2":"type-product","3":"status-publish","4":"has-post-thumbnail","6":"product_cat-summer","7":"product_cat-tour","8":"product_tag-summer-tours","10":"first","11":"instock","12":"sale","13":"shipping-taxable","14":"purchasable","15":"product-type-variable"},"acf":[],"_links":{"self":[{"href":"https:\/\/themongoliatour.com\/fr\/wp-json\/wp\/v2\/product\/3160","targetHints":{"allow":["GET"]}}],"collection":[{"href":"https:\/\/themongoliatour.com\/fr\/wp-json\/wp\/v2\/product"}],"about":[{"href":"https:\/\/themongoliatour.com\/fr\/wp-json\/wp\/v2\/types\/product"}],"replies":[{"embeddable":true,"href":"https:\/\/themongoliatour.com\/fr\/wp-json\/wp\/v2\/comments?post=3160"}],"wp:featuredmedia":[{"embeddable":true,"href":"https:\/\/themongoliatour.com\/fr\/wp-json\/wp\/v2\/media\/3235"}],"wp:attachment":[{"href":"https:\/\/themongoliatour.com\/fr\/wp-json\/wp\/v2\/media?parent=3160"}],"wp:term":[{"taxonomy":"product_brand","embeddable":true,"href":"https:\/\/themongoliatour.com\/fr\/wp-json\/wp\/v2\/product_brand?post=3160"},{"taxonomy":"product_cat","embeddable":true,"href":"https:\/\/themongoliatour.com\/fr\/wp-json\/wp\/v2\/product_cat?post=3160"},{"taxonomy":"product_tag","embeddable":true,"href":"https:\/\/themongoliatour.com\/fr\/wp-json\/wp\/v2\/product_tag?post=3160"}],"curies":[{"name":"wp","href":"https:\/\/api.w.org\/{rel}","templated":true}]}}