{"id":3255,"date":"2024-04-22T12:24:39","date_gmt":"2024-04-22T04:24:39","guid":{"rendered":"https:\/\/themongoliatour.com\/?post_type=product&#038;p=3255"},"modified":"2024-04-22T12:25:04","modified_gmt":"2024-04-22T04:25:04","slug":"service-des-chauffeurs-2","status":"publish","type":"product","link":"https:\/\/themongoliatour.com\/fr\/tournees\/service-des-chauffeurs-2\/","title":{"rendered":"Service des conducteurs"},"content":{"rendered":"","protected":false},"excerpt":{"rendered":"<p>Installez-vous confortablement et d\u00e9tendez-vous pendant que l'un des chauffeurs professionnels de Liqui Moly Extreme vous emm\u00e8ne \u00e0 l'aventure.<\/p>","protected":false},"featured_media":1172,"comment_status":"open","ping_status":"closed","template":"","meta":{"_acf_changed":false,"iawp_total_views":168},"product_brand":[],"product_cat":[21],"product_tag":[],"class_list":{"0":"post-3255","1":"product","2":"type-product","3":"status-publish","4":"has-post-thumbnail","6":"product_cat-trip-upgrades","8":"first","9":"instock","10":"virtual","11":"purchasable","12":"product-type-simple"},"acf":[],"_links":{"self":[{"href":"https:\/\/themongoliatour.com\/fr\/wp-json\/wp\/v2\/product\/3255","targetHints":{"allow":["GET"]}}],"collection":[{"href":"https:\/\/themongoliatour.com\/fr\/wp-json\/wp\/v2\/product"}],"about":[{"href":"https:\/\/themongoliatour.com\/fr\/wp-json\/wp\/v2\/types\/product"}],"replies":[{"embeddable":true,"href":"https:\/\/themongoliatour.com\/fr\/wp-json\/wp\/v2\/comments?post=3255"}],"wp:featuredmedia":[{"embeddable":true,"href":"https:\/\/themongoliatour.com\/fr\/wp-json\/wp\/v2\/media\/1172"}],"wp:attachment":[{"href":"https:\/\/themongoliatour.com\/fr\/wp-json\/wp\/v2\/media?parent=3255"}],"wp:term":[{"taxonomy":"product_brand","embeddable":true,"href":"https:\/\/themongoliatour.com\/fr\/wp-json\/wp\/v2\/product_brand?post=3255"},{"taxonomy":"product_cat","embeddable":true,"href":"https:\/\/themongoliatour.com\/fr\/wp-json\/wp\/v2\/product_cat?post=3255"},{"taxonomy":"product_tag","embeddable":true,"href":"https:\/\/themongoliatour.com\/fr\/wp-json\/wp\/v2\/product_tag?post=3255"}],"curies":[{"name":"wp","href":"https:\/\/api.w.org\/{rel}","templated":true}]}}