{"id":39,"date":"2024-01-04T13:24:10","date_gmt":"2024-01-04T13:24:10","guid":{"rendered":"https:\/\/themongoliatour.com\/?post_type=product&#038;p=39"},"modified":"2025-09-18T13:31:47","modified_gmt":"2025-09-18T05:31:47","slug":"circuit-hors-route-en-gobi","status":"publish","type":"product","link":"https:\/\/themongoliatour.com\/fr\/tournees\/circuit-hors-route-en-gobi\/","title":{"rendered":"Pistes de Gobi"},"content":{"rendered":"<p data-start=\"226\" data-end=\"292\"><strong data-start=\"226\" data-end=\"292\">D\u00e9couvrez l'ultime circuit dans le Gobi : Aventure hors route sur les pistes du Gobi<\/strong><\/p>\n<p data-start=\"294\" data-end=\"613\">Embarquez pour les aventures les plus palpitantes <strong data-start=\"323\" data-end=\"336\">Circuit dans le Gobi<\/strong> de votre vie : un circuit hors route d'une semaine dans le d\u00e9sert de Gobi, qui commence et se termine \u00e0 Oulan-Bator. Couvrant quelque 2 000 km de terrain mongol - des autoroutes asphalt\u00e9es aux pistes de terre accident\u00e9es - ce circuit enti\u00e8rement pris en charge vous emm\u00e8ne au c\u0153ur du vaste et sauvage d\u00e9sert de Gobi.<\/p>\n<p data-start=\"615\" data-end=\"1098\">Lors de ce voyage \u00e9pique dans le Gobi, vous d\u00e9couvrirez des paysages incomparables. Des formations rocheuses massives sculpt\u00e9es par le vent, des cieux remplis d'oiseaux majestueux, des bandes rocheuses aux couleurs de l'arc-en-ciel et des vall\u00e9es remplies de glace cach\u00e9es dans des canyons recul\u00e9s. Repoussez vos limites en vous promenant \u00e0 dos de chameau sur d'imposantes dunes, sous un lever de soleil flamboyant. Lors de ce circuit dans le Gobi, vous vous immergerez \u00e9galement dans la vie nomade, en dormant dans des gers traditionnels et en campant sous un ciel \u00e9toil\u00e9, afin de vivre directement le rythme des nomades du Gobi.<\/p>\n<p data-start=\"1100\" data-end=\"1154\"><strong data-start=\"1100\" data-end=\"1154\">Ce qui rend le circuit Gobi Tracks Gobi inoubliable<\/strong><\/p>\n<ul data-start=\"1156\" data-end=\"1918\">\n<li data-start=\"1156\" data-end=\"1335\">\n<p data-start=\"1158\" data-end=\"1335\"><strong data-start=\"1158\" data-end=\"1205\">Diversit\u00e9 in\u00e9gal\u00e9e sur l'itin\u00e9raire de votre voyage \u00e0 Gobi<\/strong> - Ils traversent des dunes d\u00e9sertiques, des steppes d\u00e9nud\u00e9es, des collines de sable imposantes, des falaises incandescentes, des canyons avec des poches de glace et des vall\u00e9es de roches arc-en-ciel.<\/p>\n<\/li>\n<li data-start=\"1336\" data-end=\"1499\">\n<p data-start=\"1338\" data-end=\"1499\"><strong data-start=\"1338\" data-end=\"1389\">Rencontres culturelles authentiques lors de votre voyage \u00e0 Gobi<\/strong> - partager les repas, les histoires et l'hospitalit\u00e9 des nomades locaux ; voir les \u00e9levages traditionnels et les camps de gers mongols.<\/p>\n<\/li>\n<li data-start=\"1500\" data-end=\"1669\">\n<p data-start=\"1502\" data-end=\"1669\"><strong data-start=\"1502\" data-end=\"1565\">Excursion hors route et terrain accident\u00e9 dans le Gobi<\/strong> - Le trajet comprend des pistes de terre difficiles, des steppes \u00e9tendues, des dunes abruptes et des cr\u00eates d\u00e9sertiques accident\u00e9es.<\/p>\n<\/li>\n<li data-start=\"1670\" data-end=\"1918\">\n<p data-start=\"1672\" data-end=\"1918\"><strong data-start=\"1672\" data-end=\"1717\">Le confort rencontre l'aventure lors de ce voyage dans le Gobi<\/strong> - vous b\u00e9n\u00e9ficiez de guides experts, d'un chef priv\u00e9, d'un v\u00e9hicule de soutien complet, de v\u00e9hicules tout-terrain ou de v\u00e9los enduro de premier ordre, d'un h\u00e9bergement vari\u00e9 allant des h\u00f4tels de luxe \u00e0 Oulan-Bator aux camps de gers rustiques en passant par le camping sauvage.<\/p>\n<\/li>\n<\/ul>\n<p>Si vous avez des questions <a href=\"#contact-us\">contactez-nous ici<\/a> ou nous envoyer un courriel \u00e0 l'adresse suivante<br \/>\n<a href=\"mailto:contact@themongoliatour.com\">contact@themongoliatour.com<\/a>.<\/p>","protected":false},"excerpt":{"rendered":"<p>Explorez le d\u00e9sert de Gobi avec cette exp\u00e9rience d'une semaine en voiture tout-terrain.<\/p>","protected":false},"featured_media":3023,"comment_status":"open","ping_status":"closed","template":"","meta":{"_acf_changed":false,"iawp_total_views":4423},"product_brand":[],"product_cat":[17,16],"product_tag":[36],"class_list":{"0":"post-39","1":"product","2":"type-product","3":"status-publish","4":"has-post-thumbnail","6":"product_cat-summer","7":"product_cat-tour","8":"product_tag-summer-tours","10":"first","11":"instock","12":"shipping-taxable","13":"purchasable","14":"product-type-variable"},"acf":[],"_links":{"self":[{"href":"https:\/\/themongoliatour.com\/fr\/wp-json\/wp\/v2\/product\/39","targetHints":{"allow":["GET"]}}],"collection":[{"href":"https:\/\/themongoliatour.com\/fr\/wp-json\/wp\/v2\/product"}],"about":[{"href":"https:\/\/themongoliatour.com\/fr\/wp-json\/wp\/v2\/types\/product"}],"replies":[{"embeddable":true,"href":"https:\/\/themongoliatour.com\/fr\/wp-json\/wp\/v2\/comments?post=39"}],"wp:featuredmedia":[{"embeddable":true,"href":"https:\/\/themongoliatour.com\/fr\/wp-json\/wp\/v2\/media\/3023"}],"wp:attachment":[{"href":"https:\/\/themongoliatour.com\/fr\/wp-json\/wp\/v2\/media?parent=39"}],"wp:term":[{"taxonomy":"product_brand","embeddable":true,"href":"https:\/\/themongoliatour.com\/fr\/wp-json\/wp\/v2\/product_brand?post=39"},{"taxonomy":"product_cat","embeddable":true,"href":"https:\/\/themongoliatour.com\/fr\/wp-json\/wp\/v2\/product_cat?post=39"},{"taxonomy":"product_tag","embeddable":true,"href":"https:\/\/themongoliatour.com\/fr\/wp-json\/wp\/v2\/product_tag?post=39"}],"curies":[{"name":"wp","href":"https:\/\/api.w.org\/{rel}","templated":true}]}}