{"id":4865,"date":"2025-02-17T22:45:39","date_gmt":"2025-02-17T14:45:39","guid":{"rendered":"https:\/\/themongoliatour.com\/?post_type=product&#038;p=4865"},"modified":"2025-09-18T15:03:12","modified_gmt":"2025-09-18T07:03:12","slug":"tour-altai-chasseurs-aigles","status":"publish","type":"product","link":"https:\/\/themongoliatour.com\/fr\/tournees\/tour-altai-chasseurs-aigles\/","title":{"rendered":"La tourn\u00e9e \u00ab Traces de l'Alta\u00ef \u00bb pour les chasseurs d'aigles"},"content":{"rendered":"<p data-pm-slice=\"1 1 []\">Embarquez pour un inoubliable circuit guid\u00e9 en 4\u00d74 autour de la Mongolie, en vous aventurant dans certains des paysages les plus \u00e9tonnants et les plus recul\u00e9s du monde, comme le d\u00e9sert de Gobi et les montagnes de l'Alta\u00ef, en compagnie de leurs chasseurs d'aigles. Le circuit LIQUI MOLY Extreme Guided Self-Drive Convoy Off-Road Tour est con\u00e7u pour les aventuriers qui recherchent les sensations de la conduite tout-terrain combin\u00e9es aux riches exp\u00e9riences culturelles que la Mongolie a \u00e0 offrir.<\/p>\n<p data-pm-slice=\"1 1 []\">Commen\u00e7ant dans la vibrante capitale d'Oulan-Bator, l'exp\u00e9dition vous emm\u00e8ne \u00e0 travers de vastes steppes, des dunes de sable ondulantes de Gobi, des glaciers et des lacs sal\u00e9s immacul\u00e9s, ainsi que d'imposantes cha\u00eenes de montagnes. Avec un convoi de v\u00e9hicules 4x4 bien \u00e9quip\u00e9s, vous naviguerez sur un terrain accident\u00e9, traverserez des rivi\u00e8res et des chemins rocailleux, tout en vous impr\u00e9gnant de la beaut\u00e9 naturelle \u00e0 couper le souffle qui fait la renomm\u00e9e de la Mongolie. En chemin, vous rendrez visite \u00e0 des familles nomades, vous d\u00e9couvrirez leur mode de vie traditionnel et vous logerez m\u00eame chez des chasseurs d'aigles kazakhs, pour observer de pr\u00e8s leurs techniques de chasse ancestrales.<\/p>\n<p data-pm-slice=\"1 1 []\">Chaque jour pr\u00e9sente de nouveaux d\u00e9fis et de nouvelles d\u00e9couvertes, qu'il s'agisse de monter \u00e0 cheval dans les steppes ou \u00e0 dos de chameau dans les dunes, d'escalader des volcans endormis, de marcher sur des dunes de sable dor\u00e9, de se d\u00e9tendre au bord de lacs cristallins ou de camper sous un ciel \u00e9toil\u00e9. Que vous traversiez les paysages recul\u00e9s des montagnes de l'Alta\u00ef, que vous conqu\u00e9riez la nature sauvage du parc national de Tavan Bogd ou que vous partagiez un repas traditionnel avec des nomades locaux, cette exp\u00e9dition vous offre une occasion unique de vous immerger dans la beaut\u00e9 sauvage et les traditions nomades de la Mongolie. Avec des guides exp\u00e9riment\u00e9s qui garantissent la s\u00e9curit\u00e9 et une exp\u00e9rience de voyage sans faille, ce circuit est parfait pour ceux qui recherchent \u00e0 la fois l'aventure et l'enrichissement culturel.<\/p>\n<p data-pm-slice=\"1 1 []\">L'itin\u00e9raire hors des sentiers battus a \u00e9t\u00e9 soigneusement con\u00e7u pour inclure les sites les plus embl\u00e9matiques de Mongolie ainsi que des joyaux cach\u00e9s, afin de garantir que chaque moment du voyage soit rempli de vues impressionnantes et de souvenirs inoubliables. De l'ancienne capitale de Chinggis Khaan, Kharkhorin, aux imposants pics enneig\u00e9s de la montagne Sutai, chaque \u00e9tape est plus \u00e9poustouflante que la pr\u00e9c\u00e9dente. En traversant le c\u0153ur de la nature sauvage de la Mongolie, vous ferez l'exp\u00e9rience d'un lien profond avec la terre, son peuple et ses traditions immuables.<\/p>\n<p data-pm-slice=\"1 1 []\">Si vous \u00eates \u00e0 la recherche de l'ultime aventure en voiture, une aventure qui repousse vos limites tout en vous r\u00e9compensant par une beaut\u00e9 in\u00e9gal\u00e9e et des rencontres culturelles authentiques, alors ce circuit est fait pour vous. Pr\u00e9parez-vous \u00e0 embarquer pour le voyage de votre vie, o\u00f9 chaque tournant de la route m\u00e8ne \u00e0 une nouvelle exp\u00e9rience passionnante.<\/p>\n<p data-pm-slice=\"1 1 []\">","protected":false},"excerpt":{"rendered":"<p>Embarquez pour un circuit guid\u00e9 hors route de deux ou trois semaines en Mongolie, traversant le d\u00e9sert de Gobi jusqu'aux chasseurs d'aigles dans les montagnes de l'Alta\u00ef et explorant les magnifiques lacs du nord de la Mongolie.<\/p>","protected":false},"featured_media":4923,"comment_status":"open","ping_status":"closed","template":"","meta":{"_acf_changed":false,"iawp_total_views":4640},"product_brand":[],"product_cat":[17,16],"product_tag":[36],"class_list":{"0":"post-4865","1":"product","2":"type-product","3":"status-publish","4":"has-post-thumbnail","6":"product_cat-summer","7":"product_cat-tour","8":"product_tag-summer-tours","10":"first","11":"instock","12":"shipping-taxable","13":"purchasable","14":"product-type-variable"},"acf":[],"_links":{"self":[{"href":"https:\/\/themongoliatour.com\/fr\/wp-json\/wp\/v2\/product\/4865","targetHints":{"allow":["GET"]}}],"collection":[{"href":"https:\/\/themongoliatour.com\/fr\/wp-json\/wp\/v2\/product"}],"about":[{"href":"https:\/\/themongoliatour.com\/fr\/wp-json\/wp\/v2\/types\/product"}],"replies":[{"embeddable":true,"href":"https:\/\/themongoliatour.com\/fr\/wp-json\/wp\/v2\/comments?post=4865"}],"wp:featuredmedia":[{"embeddable":true,"href":"https:\/\/themongoliatour.com\/fr\/wp-json\/wp\/v2\/media\/4923"}],"wp:attachment":[{"href":"https:\/\/themongoliatour.com\/fr\/wp-json\/wp\/v2\/media?parent=4865"}],"wp:term":[{"taxonomy":"product_brand","embeddable":true,"href":"https:\/\/themongoliatour.com\/fr\/wp-json\/wp\/v2\/product_brand?post=4865"},{"taxonomy":"product_cat","embeddable":true,"href":"https:\/\/themongoliatour.com\/fr\/wp-json\/wp\/v2\/product_cat?post=4865"},{"taxonomy":"product_tag","embeddable":true,"href":"https:\/\/themongoliatour.com\/fr\/wp-json\/wp\/v2\/product_tag?post=4865"}],"curies":[{"name":"wp","href":"https:\/\/api.w.org\/{rel}","templated":true}]}}