{"id":4868,"date":"2025-02-15T19:18:52","date_gmt":"2025-02-15T11:18:52","guid":{"rendered":"https:\/\/themongoliatour.com\/?post_type=product&#038;p=4868"},"modified":"2025-06-15T15:00:15","modified_gmt":"2025-06-15T07:00:15","slug":"circuit-moto-enduro-mongolie","status":"publish","type":"product","link":"https:\/\/themongoliatour.com\/fr\/tournees\/circuit-moto-enduro-mongolie\/","title":{"rendered":"Excursion rapide hors des sentiers battus en Mongolie"},"content":{"rendered":"<p>Embarquez pour un passionnant circuit tout-terrain de cinq jours \u00e0 travers les paysages \u00e9poustouflants de la Mongolie, des steppes luxuriantes aux dunes de sable majestueuses, sur 780 km de terrain propice \u00e0 l'aventure. Ce circuit enti\u00e8rement pris en charge offre un aper\u00e7u intime du c\u0153ur de la Mongolie.<\/p>\n<p>Plongez dans les merveilles naturelles du pays et vivez toutes sortes d'exp\u00e9riences, des promenades \u00e0 dos de chameau sur d'immenses dunes aux rencontres immersives avec les nomades locaux. Cette aventure inoubliable promet des souvenirs enchanteurs et des histoires qui dureront toute une vie.<\/p>","protected":false},"excerpt":{"rendered":"<p>Un circuit moto en Mongolie pour d\u00e9couvrir la beaut\u00e9 de la Mongolie hors des sentiers battus, sur des pistes \u00e9piques.<\/p>","protected":false},"featured_media":4869,"comment_status":"open","ping_status":"closed","template":"","meta":{"_acf_changed":false,"iawp_total_views":1910},"product_brand":[],"product_cat":[16,37],"product_tag":[36],"class_list":{"0":"post-4868","1":"product","2":"type-product","3":"status-publish","4":"has-post-thumbnail","6":"product_cat-tour","7":"product_cat-bike","8":"product_tag-summer-tours","10":"first","11":"instock","12":"sale","13":"shipping-taxable","14":"purchasable","15":"product-type-variable"},"acf":[],"_links":{"self":[{"href":"https:\/\/themongoliatour.com\/fr\/wp-json\/wp\/v2\/product\/4868","targetHints":{"allow":["GET"]}}],"collection":[{"href":"https:\/\/themongoliatour.com\/fr\/wp-json\/wp\/v2\/product"}],"about":[{"href":"https:\/\/themongoliatour.com\/fr\/wp-json\/wp\/v2\/types\/product"}],"replies":[{"embeddable":true,"href":"https:\/\/themongoliatour.com\/fr\/wp-json\/wp\/v2\/comments?post=4868"}],"wp:featuredmedia":[{"embeddable":true,"href":"https:\/\/themongoliatour.com\/fr\/wp-json\/wp\/v2\/media\/4869"}],"wp:attachment":[{"href":"https:\/\/themongoliatour.com\/fr\/wp-json\/wp\/v2\/media?parent=4868"}],"wp:term":[{"taxonomy":"product_brand","embeddable":true,"href":"https:\/\/themongoliatour.com\/fr\/wp-json\/wp\/v2\/product_brand?post=4868"},{"taxonomy":"product_cat","embeddable":true,"href":"https:\/\/themongoliatour.com\/fr\/wp-json\/wp\/v2\/product_cat?post=4868"},{"taxonomy":"product_tag","embeddable":true,"href":"https:\/\/themongoliatour.com\/fr\/wp-json\/wp\/v2\/product_tag?post=4868"}],"curies":[{"name":"wp","href":"https:\/\/api.w.org\/{rel}","templated":true}]}}