{"id":4868,"date":"2025-02-15T19:18:52","date_gmt":"2025-02-15T11:18:52","guid":{"rendered":"https:\/\/themongoliatour.com\/?post_type=product&#038;p=4868"},"modified":"2025-06-15T15:00:15","modified_gmt":"2025-06-15T07:00:15","slug":"enduro-mongolie-motortour","status":"publish","type":"product","link":"https:\/\/themongoliatour.com\/nl\/rondleidingen\/enduro-mongolie-motortour\/","title":{"rendered":"Snel off tracks Mongoli\u00eb motorreis"},"content":{"rendered":"<p>Ga op een spannende offroad motortour door Mongoli\u00eb die vijf dagen duurt en door de prachtige landschappen van Mongoli\u00eb voert, van weelderige steppen tot majestueuze zandduinen, over 780 km avontuurlijk terrein. Deze volledig ondersteunde tour biedt een intiem kijkje in het hart van Mongoli\u00eb.<\/p>\n<p>Duik in de natuurlijke wonderen van het land en beleef alles van kameeltochten over torenhoge duinen tot meeslepende ontmoetingen met lokale nomaden. Dit onvergetelijke avontuur belooft betoverende herinneringen en verhalen voor het leven.<\/p>","protected":false},"excerpt":{"rendered":"<p>Een leuke motortour in Mongoli\u00eb naar de schoonheid van Mongoli\u00eb buiten de gebaande paden langs epische trails<\/p>","protected":false},"featured_media":4869,"comment_status":"open","ping_status":"closed","template":"","meta":{"_acf_changed":false,"iawp_total_views":1960},"product_brand":[],"product_cat":[16,37],"product_tag":[36],"class_list":{"0":"post-4868","1":"product","2":"type-product","3":"status-publish","4":"has-post-thumbnail","6":"product_cat-tour","7":"product_cat-bike","8":"product_tag-summer-tours","10":"first","11":"instock","12":"sale","13":"shipping-taxable","14":"purchasable","15":"product-type-variable"},"acf":[],"_links":{"self":[{"href":"https:\/\/themongoliatour.com\/nl\/wp-json\/wp\/v2\/product\/4868","targetHints":{"allow":["GET"]}}],"collection":[{"href":"https:\/\/themongoliatour.com\/nl\/wp-json\/wp\/v2\/product"}],"about":[{"href":"https:\/\/themongoliatour.com\/nl\/wp-json\/wp\/v2\/types\/product"}],"replies":[{"embeddable":true,"href":"https:\/\/themongoliatour.com\/nl\/wp-json\/wp\/v2\/comments?post=4868"}],"wp:featuredmedia":[{"embeddable":true,"href":"https:\/\/themongoliatour.com\/nl\/wp-json\/wp\/v2\/media\/4869"}],"wp:attachment":[{"href":"https:\/\/themongoliatour.com\/nl\/wp-json\/wp\/v2\/media?parent=4868"}],"wp:term":[{"taxonomy":"product_brand","embeddable":true,"href":"https:\/\/themongoliatour.com\/nl\/wp-json\/wp\/v2\/product_brand?post=4868"},{"taxonomy":"product_cat","embeddable":true,"href":"https:\/\/themongoliatour.com\/nl\/wp-json\/wp\/v2\/product_cat?post=4868"},{"taxonomy":"product_tag","embeddable":true,"href":"https:\/\/themongoliatour.com\/nl\/wp-json\/wp\/v2\/product_tag?post=4868"}],"curies":[{"name":"wp","href":"https:\/\/api.w.org\/{rel}","templated":true}]}}