{"id":2271,"date":"2024-03-11T23:58:52","date_gmt":"2024-03-11T15:58:52","guid":{"rendered":"https:\/\/themongoliatour.com\/?post_type=product&#038;p=2271"},"modified":"2025-02-18T23:08:25","modified_gmt":"2025-02-18T15:08:25","slug":"krotka-wycieczka-offroad-po-mongolii","status":"publish","type":"product","link":"https:\/\/themongoliatour.com\/pl\/wycieczki\/krotka-wycieczka-offroad-po-mongolii\/","title":{"rendered":"Szybko poza torami"},"content":{"rendered":"<p>Wyrusz na ekscytuj\u0105c\u0105, kr\u00f3tk\u0105, trwaj\u0105c\u0105 pi\u0119\u0107 dni wycieczk\u0119 offroadow\u0105 po Mongolii przez osza\u0142amiaj\u0105ce krajobrazy, od bujnych step\u00f3w po majestatyczne wydmy, obejmuj\u0105c\u0105 780 km gotowego na przygod\u0119 terenu. Ta w pe\u0142ni wspierana wycieczka oferuje intymne spojrzenie na serce Mongolii.<\/p>\n<p>Zanurz si\u0119 w cudach natury tego kraju, do\u015bwiadczaj\u0105c wszystkiego, od przeja\u017cd\u017cek na wielb\u0142\u0105dach po wysokich wydmach po wci\u0105gaj\u0105ce spotkania z lokalnymi nomadami. Ta niezapomniana przygoda obiecuje czaruj\u0105ce wspomnienia i historie na ca\u0142e \u017cycie.<\/p>","protected":false},"excerpt":{"rendered":"<p>Szybkie i zabawne zanurzenie si\u0119 w pi\u0119kno Mongolii poza utartymi szlakami<\/p>","protected":false},"featured_media":2282,"comment_status":"open","ping_status":"closed","template":"","meta":{"_acf_changed":false,"iawp_total_views":1320},"product_brand":[],"product_cat":[17,16],"product_tag":[36],"class_list":{"0":"post-2271","1":"product","2":"type-product","3":"status-publish","4":"has-post-thumbnail","6":"product_cat-summer","7":"product_cat-tour","8":"product_tag-summer-tours","10":"first","11":"instock","12":"shipping-taxable","13":"purchasable","14":"product-type-variable"},"acf":[],"_links":{"self":[{"href":"https:\/\/themongoliatour.com\/pl\/wp-json\/wp\/v2\/product\/2271","targetHints":{"allow":["GET"]}}],"collection":[{"href":"https:\/\/themongoliatour.com\/pl\/wp-json\/wp\/v2\/product"}],"about":[{"href":"https:\/\/themongoliatour.com\/pl\/wp-json\/wp\/v2\/types\/product"}],"replies":[{"embeddable":true,"href":"https:\/\/themongoliatour.com\/pl\/wp-json\/wp\/v2\/comments?post=2271"}],"wp:featuredmedia":[{"embeddable":true,"href":"https:\/\/themongoliatour.com\/pl\/wp-json\/wp\/v2\/media\/2282"}],"wp:attachment":[{"href":"https:\/\/themongoliatour.com\/pl\/wp-json\/wp\/v2\/media?parent=2271"}],"wp:term":[{"taxonomy":"product_brand","embeddable":true,"href":"https:\/\/themongoliatour.com\/pl\/wp-json\/wp\/v2\/product_brand?post=2271"},{"taxonomy":"product_cat","embeddable":true,"href":"https:\/\/themongoliatour.com\/pl\/wp-json\/wp\/v2\/product_cat?post=2271"},{"taxonomy":"product_tag","embeddable":true,"href":"https:\/\/themongoliatour.com\/pl\/wp-json\/wp\/v2\/product_tag?post=2271"}],"curies":[{"name":"wp","href":"https:\/\/api.w.org\/{rel}","templated":true}]}}