{"id":2436,"date":"2024-03-14T13:39:24","date_gmt":"2024-03-14T05:39:24","guid":{"rendered":"https:\/\/themongoliatour.com\/?post_type=product&#038;p=2436"},"modified":"2025-12-02T18:06:02","modified_gmt":"2025-12-02T10:06:02","slug":"zimowa-wycieczka-po-mongolii","status":"publish","type":"product","link":"https:\/\/themongoliatour.com\/pl\/wycieczki\/zimowa-wycieczka-po-mongolii\/","title":{"rendered":"Lodowe \u015bcie\u017cki do tajgi"},"content":{"rendered":"<p>Wyrusz na niezapomnian\u0105 11-14-dniow\u0105 zimow\u0105 wycieczk\u0119 po Mongolii z w\u0142asnym nap\u0119dem 4\u00d74, podczas kt\u00f3rej miejskie krajobrazy \u0142\u0105cz\u0105 si\u0119 z nieokie\u0142znan\u0105 dzik\u0105 przyrod\u0105, a dziedzictwo kulturowe spotyka si\u0119 z cudami natury. Od t\u0119tni\u0105cego \u017cyciem serca U\u0142an Bator po spokojne przestrzenie jeziora Khuvsgul, ta wycieczka zaprasza do odkrywania bogatego gobelinu Mongolii poprzez jazd\u0119 terenow\u0105.<\/p>\n<p>Rozkoszuj si\u0119 wyj\u0105tkow\u0105 powitaln\u0105 kolacj\u0105 hotpot, obserwuj majestatyczne dzikie konie w Parku Narodowym Khustai i zanurz si\u0119 w leczniczych wodach gor\u0105cych \u017ar\u00f3de\u0142 Arkhangai. Spotkaj mistyczne plemiona Tsaatan, \u015blizgaj si\u0119 po zamarzni\u0119tych przestrzeniach jeziora Khuvsgul i \u015bwi\u0119tuj lodowe cuda na Festiwalu Lodu. Zako\u0144cz swoj\u0105 podr\u00f3\u017c luksusowym pobytem w U\u0142an Bator, przywo\u017c\u0105c do domu wspomnienia, kt\u00f3re pozostan\u0105 na ca\u0142e \u017cycie.<\/p>\n<p>Sprawd\u017a <a href=\"https:\/\/www.youtube.com\/watch?v=VBTOcghUDA8\" target=\"_blank\" rel=\"noopener\">Vlog Mike'a<\/a>, <a href=\"https:\/\/www.welt.de\/reise\/video69204c8a52711a01b9dd5163\/minus-20-grad-eis-eis-baby-roadtrip-durch-die-mongolei.html\" target=\"_blank\" rel=\"noopener\">Raport Michaels dla gazety WELT am Sonntag<\/a>, <a href=\"https:\/\/www.sueddeutsche.de\/projekte\/artikel\/reise\/mongolei-winter-urlaub-e524196\/?reduced=true\" target=\"_blank\" rel=\"noopener\">Historia Titusa w Sueddeutsche Zeitung<\/a> lub nasz <a href=\"https:\/\/www.youtube.com\/watch?v=X0WCHcTUAvM&amp;list=PLdkJfGw7HRKLHPFKg40ZKPdu7Ul3lHz6B\" target=\"_blank\" rel=\"noopener\">Wi\u0119cej wra\u017ce\u0144 na youtube<\/a>.<\/p>","protected":false},"excerpt":{"rendered":"<p>Wyrusz na 11-14-dniow\u0105 zimow\u0105 wycieczk\u0119 offroadow\u0105 po Mongolii, zwiedzaj\u0105c od U\u0142an Bator po jezioro Khuvsgul.<\/p>","protected":false},"featured_media":2728,"comment_status":"open","ping_status":"closed","template":"","meta":{"_acf_changed":false,"iawp_total_views":2144},"product_brand":[],"product_cat":[23,16],"product_tag":[],"class_list":{"0":"post-2436","1":"product","2":"type-product","3":"status-publish","4":"has-post-thumbnail","6":"product_cat-winter","7":"product_cat-tour","9":"first","10":"instock","11":"sale","12":"shipping-taxable","13":"purchasable","14":"product-type-variable"},"acf":[],"_links":{"self":[{"href":"https:\/\/themongoliatour.com\/pl\/wp-json\/wp\/v2\/product\/2436","targetHints":{"allow":["GET"]}}],"collection":[{"href":"https:\/\/themongoliatour.com\/pl\/wp-json\/wp\/v2\/product"}],"about":[{"href":"https:\/\/themongoliatour.com\/pl\/wp-json\/wp\/v2\/types\/product"}],"replies":[{"embeddable":true,"href":"https:\/\/themongoliatour.com\/pl\/wp-json\/wp\/v2\/comments?post=2436"}],"wp:featuredmedia":[{"embeddable":true,"href":"https:\/\/themongoliatour.com\/pl\/wp-json\/wp\/v2\/media\/2728"}],"wp:attachment":[{"href":"https:\/\/themongoliatour.com\/pl\/wp-json\/wp\/v2\/media?parent=2436"}],"wp:term":[{"taxonomy":"product_brand","embeddable":true,"href":"https:\/\/themongoliatour.com\/pl\/wp-json\/wp\/v2\/product_brand?post=2436"},{"taxonomy":"product_cat","embeddable":true,"href":"https:\/\/themongoliatour.com\/pl\/wp-json\/wp\/v2\/product_cat?post=2436"},{"taxonomy":"product_tag","embeddable":true,"href":"https:\/\/themongoliatour.com\/pl\/wp-json\/wp\/v2\/product_tag?post=2436"}],"curies":[{"name":"wp","href":"https:\/\/api.w.org\/{rel}","templated":true}]}}