{"id":3160,"date":"2024-04-11T23:29:18","date_gmt":"2024-04-11T15:29:18","guid":{"rendered":"https:\/\/themongoliatour.com\/?post_type=product&#038;p=3160"},"modified":"2025-02-24T10:37:38","modified_gmt":"2025-02-24T02:37:38","slug":"dwutygodniowa-wycieczka-offroad-po-mongolii","status":"publish","type":"product","link":"https:\/\/themongoliatour.com\/pl\/wycieczki\/dwutygodniowa-wycieczka-offroad-po-mongolii\/","title":{"rendered":"Pustynne Wydmy i Kryszta\u0142owe Jeziora"},"content":{"rendered":"<p>Wyrusz na ekscytuj\u0105c\u0105 dwutygodniow\u0105 wycieczk\u0119 offroadow\u0105 po Mongolii, gdzie duch przygody oddycha przez rozleg\u0142e krajobrazy, a staro\u017cytna historia szepcze na wietrze. Od t\u0119tni\u0105cych \u017cyciem ulic U\u0142an Bator po spokojne przestrzenie doliny Orkhon, ka\u017cdy dzie\u0144 ods\u0142ania nowy rozdzia\u0142 odkry\u0107. Przemierzaj wydmy, odwied\u017a historyczne Kharakorum i podziwiaj nieskazitelne jezioro Ugii. Ta podr\u00f3\u017c obiecuje nie tylko widoki, ale tak\u017ce dusz\u0119 Mongolii, do\u015bwiadczan\u0105 poprzez cuda natury i ciep\u0142\u0105 go\u015bcinno\u015b\u0107 jej mieszka\u0144c\u00f3w. Przygotuj si\u0119 na niezapomnian\u0105 przygod\u0119, w kt\u00f3rej ka\u017cdy zakr\u0119t przynosi nowy horyzont!<\/p>","protected":false},"excerpt":{"rendered":"<p>Wyrusz na dwutygodniow\u0105 wycieczk\u0119 offroadow\u0105 po Mongolii, odkrywaj\u0105c pustynne wydmy, krystaliczne jeziora i staro\u017cytn\u0105 histori\u0119.<\/p>","protected":false},"featured_media":3235,"comment_status":"open","ping_status":"closed","template":"","meta":{"_acf_changed":false,"iawp_total_views":2063},"product_brand":[],"product_cat":[17,16],"product_tag":[36],"class_list":{"0":"post-3160","1":"product","2":"type-product","3":"status-publish","4":"has-post-thumbnail","6":"product_cat-summer","7":"product_cat-tour","8":"product_tag-summer-tours","10":"first","11":"instock","12":"sale","13":"shipping-taxable","14":"purchasable","15":"product-type-variable"},"acf":[],"_links":{"self":[{"href":"https:\/\/themongoliatour.com\/pl\/wp-json\/wp\/v2\/product\/3160","targetHints":{"allow":["GET"]}}],"collection":[{"href":"https:\/\/themongoliatour.com\/pl\/wp-json\/wp\/v2\/product"}],"about":[{"href":"https:\/\/themongoliatour.com\/pl\/wp-json\/wp\/v2\/types\/product"}],"replies":[{"embeddable":true,"href":"https:\/\/themongoliatour.com\/pl\/wp-json\/wp\/v2\/comments?post=3160"}],"wp:featuredmedia":[{"embeddable":true,"href":"https:\/\/themongoliatour.com\/pl\/wp-json\/wp\/v2\/media\/3235"}],"wp:attachment":[{"href":"https:\/\/themongoliatour.com\/pl\/wp-json\/wp\/v2\/media?parent=3160"}],"wp:term":[{"taxonomy":"product_brand","embeddable":true,"href":"https:\/\/themongoliatour.com\/pl\/wp-json\/wp\/v2\/product_brand?post=3160"},{"taxonomy":"product_cat","embeddable":true,"href":"https:\/\/themongoliatour.com\/pl\/wp-json\/wp\/v2\/product_cat?post=3160"},{"taxonomy":"product_tag","embeddable":true,"href":"https:\/\/themongoliatour.com\/pl\/wp-json\/wp\/v2\/product_tag?post=3160"}],"curies":[{"name":"wp","href":"https:\/\/api.w.org\/{rel}","templated":true}]}}