{"id":39,"date":"2024-01-04T13:24:10","date_gmt":"2024-01-04T13:24:10","guid":{"rendered":"https:\/\/themongoliatour.com\/?post_type=product&#038;p=39"},"modified":"2025-09-18T13:31:47","modified_gmt":"2025-09-18T05:31:47","slug":"offroad-gobi-tour","status":"publish","type":"product","link":"https:\/\/themongoliatour.com\/pl\/wycieczki\/offroad-gobi-tour\/","title":{"rendered":"Gobi Tracks"},"content":{"rendered":"<p data-start=\"226\" data-end=\"292\"><strong data-start=\"226\" data-end=\"292\">Odkryj najlepsz\u0105 wycieczk\u0119 na Gobi: Gobi Tracks Offroad Adventure<\/strong><\/p>\n<p data-start=\"294\" data-end=\"613\">Wyrusz na najbardziej ekscytuj\u0105c\u0105 <strong data-start=\"323\" data-end=\"336\">Wycieczka na Gobi<\/strong> Tygodniowa wycieczka offroadowa po pustyni Gobi, kt\u00f3ra rozpoczyna si\u0119 i ko\u0144czy w U\u0142an Bator. Pokonuj\u0105c oko\u0142o 2000 km mongolskiego terenu - od g\u0142adkich asfaltowych autostrad po nier\u00f3wne drogi gruntowe - ta w pe\u0142ni obs\u0142ugiwana wycieczka Gobi zabierze Ci\u0119 g\u0142\u0119boko w serce rozleg\u0142ej, dzikiej pustyni Gobi.<\/p>\n<p data-start=\"615\" data-end=\"1098\">Podczas tej epickiej wycieczki po Gobi b\u0119dziesz \u015bwiadkiem krajobraz\u00f3w innych ni\u017c wszystkie. Masywne formacje skalne wyrze\u017abione przez wiatr, niebo wype\u0142nione majestatycznymi ptakami, t\u0119czowe pasma skalne i wype\u0142nione lodem doliny ukryte w odleg\u0142ych kanionach. Przekraczaj swoje granice je\u017cd\u017c\u0105c na wielb\u0142\u0105dach po wysokich wydmach o wschodzie s\u0142o\u0144ca. Podczas tej wycieczki po Gobi zanurzysz si\u0119 r\u00f3wnie\u017c w \u017cyciu nomad\u00f3w, \u015bpi\u0105c w tradycyjnych gerach i biwakuj\u0105c pod niebem pe\u0142nym gwiazd, do\u015bwiadczaj\u0105c z pierwszej r\u0119ki rytm\u00f3w nomad\u00f3w Gobi.<\/p>\n<p data-start=\"1100\" data-end=\"1154\"><strong data-start=\"1100\" data-end=\"1154\">Co sprawia, \u017ce wycieczka Gobi Tracks jest niezapomniana?<\/strong><\/p>\n<ul data-start=\"1156\" data-end=\"1918\">\n<li data-start=\"1156\" data-end=\"1335\">\n<p data-start=\"1158\" data-end=\"1335\"><strong data-start=\"1158\" data-end=\"1205\">Niezr\u00f3wnana r\u00f3\u017cnorodno\u015b\u0107 na trasie wycieczki po Gobi<\/strong> - Przemierzaj pustynne wydmy, nagie stepy, wysokie piaskowe wzg\u00f3rza, \u015bwiec\u0105ce klify, kaniony z lodowymi kieszeniami i t\u0119czowe doliny skalne.<\/p>\n<\/li>\n<li data-start=\"1336\" data-end=\"1499\">\n<p data-start=\"1338\" data-end=\"1499\"><strong data-start=\"1338\" data-end=\"1389\">Autentyczne spotkania kulturowe podczas wycieczki po Gobi<\/strong> - dzielenie si\u0119 posi\u0142kami, opowie\u015bciami i go\u015bcinno\u015bci\u0105 z lokalnymi nomadami; zobacz tradycyjne pasterstwo i mongolskie obozy ger.<\/p>\n<\/li>\n<li data-start=\"1500\" data-end=\"1669\">\n<p data-start=\"1502\" data-end=\"1669\"><strong data-start=\"1502\" data-end=\"1565\">Offroadowe emocje i trudny teren podczas wycieczki po Gobi<\/strong> - Jazda obejmuje trudne polne \u015bcie\u017cki, rozleg\u0142e stepy, strome wydmy i nier\u00f3wne pustynne grzbiety.<\/p>\n<\/li>\n<li data-start=\"1670\" data-end=\"1918\">\n<p data-start=\"1672\" data-end=\"1918\"><strong data-start=\"1672\" data-end=\"1717\">Komfort \u0142\u0105czy si\u0119 z przygod\u0105 podczas tej wycieczki po Gobi<\/strong> - Ciesz si\u0119 do\u015bwiadczonymi przewodnikami, prywatnym szefem kuchni, pe\u0142nym pojazdem wsparcia, najwy\u017cszej klasy pojazdami terenowymi lub rowerami enduro, zr\u00f3\u017cnicowanym zakwaterowaniem, od luksusowych hoteli w U\u0142an Bator po rustykalne obozy ger i dzikie biwaki.<\/p>\n<\/li>\n<\/ul>\n<p>W razie jakichkolwiek pyta\u0144 <a href=\"#contact-us\">skontaktuj si\u0119 z nami tutaj<\/a> lub napisz do nas na adres<br \/>\n<a href=\"mailto:contact@themongoliatour.com\">contact@themongoliatour.com<\/a>.<\/p>","protected":false},"excerpt":{"rendered":"<p>Poznaj pustyni\u0119 Gobi podczas tygodniowej wyprawy offroadowej z w\u0142asnym kierowc\u0105<\/p>","protected":false},"featured_media":3023,"comment_status":"open","ping_status":"closed","template":"","meta":{"_acf_changed":false,"iawp_total_views":4495},"product_brand":[],"product_cat":[17,16],"product_tag":[36],"class_list":{"0":"post-39","1":"product","2":"type-product","3":"status-publish","4":"has-post-thumbnail","6":"product_cat-summer","7":"product_cat-tour","8":"product_tag-summer-tours","10":"first","11":"instock","12":"shipping-taxable","13":"purchasable","14":"product-type-variable"},"acf":[],"_links":{"self":[{"href":"https:\/\/themongoliatour.com\/pl\/wp-json\/wp\/v2\/product\/39","targetHints":{"allow":["GET"]}}],"collection":[{"href":"https:\/\/themongoliatour.com\/pl\/wp-json\/wp\/v2\/product"}],"about":[{"href":"https:\/\/themongoliatour.com\/pl\/wp-json\/wp\/v2\/types\/product"}],"replies":[{"embeddable":true,"href":"https:\/\/themongoliatour.com\/pl\/wp-json\/wp\/v2\/comments?post=39"}],"wp:featuredmedia":[{"embeddable":true,"href":"https:\/\/themongoliatour.com\/pl\/wp-json\/wp\/v2\/media\/3023"}],"wp:attachment":[{"href":"https:\/\/themongoliatour.com\/pl\/wp-json\/wp\/v2\/media?parent=39"}],"wp:term":[{"taxonomy":"product_brand","embeddable":true,"href":"https:\/\/themongoliatour.com\/pl\/wp-json\/wp\/v2\/product_brand?post=39"},{"taxonomy":"product_cat","embeddable":true,"href":"https:\/\/themongoliatour.com\/pl\/wp-json\/wp\/v2\/product_cat?post=39"},{"taxonomy":"product_tag","embeddable":true,"href":"https:\/\/themongoliatour.com\/pl\/wp-json\/wp\/v2\/product_tag?post=39"}],"curies":[{"name":"wp","href":"https:\/\/api.w.org\/{rel}","templated":true}]}}