{"id":4865,"date":"2025-02-17T22:45:39","date_gmt":"2025-02-17T14:45:39","guid":{"rendered":"https:\/\/themongoliatour.com\/?post_type=product&#038;p=4865"},"modified":"2025-09-18T15:03:12","modified_gmt":"2025-09-18T07:03:12","slug":"altajskie-slady-dla-lowcow-orlow","status":"publish","type":"product","link":"https:\/\/themongoliatour.com\/pl\/wycieczki\/altajskie-slady-dla-lowcow-orlow\/","title":{"rendered":"A\u0142tajskie \u015blady dla \u0142owc\u00f3w or\u0142\u00f3w"},"content":{"rendered":"<p data-pm-slice=\"1 1 []\">Wyrusz na niezapomnian\u0105 wycieczk\u0119 z przewodnikiem 4 \u00d7 4 po Mongolii, przemierzaj\u0105c jedne z najbardziej osza\u0142amiaj\u0105cych i odleg\u0142ych krajobraz\u00f3w na \u015bwiecie, takich jak pustynia Gobi i g\u00f3ry A\u0142taj z \u0142owcami or\u0142\u00f3w. LIQUI MOLY Extreme Guided Self-Drive Convoy Off-Road Tour jest przeznaczony dla poszukiwaczy przyg\u00f3d, kt\u00f3rzy pragn\u0105 emocji zwi\u0105zanych z jazd\u0105 w terenie w po\u0142\u0105czeniu z bogatymi do\u015bwiadczeniami kulturowymi, jakie ma do zaoferowania Mongolia.<\/p>\n<p data-pm-slice=\"1 1 []\">Pocz\u0105wszy od t\u0119tni\u0105cej \u017cyciem stolicy U\u0142an Bator, wyprawa prowadzi przez rozleg\u0142e stepy, piaszczyste wydmy Gobi, dziewicze lodowce i s\u0142one jeziora oraz wysokie pasma g\u00f3rskie. Dzi\u0119ki konwojowi dobrze wyposa\u017conych pojazd\u00f3w z nap\u0119dem na 4 ko\u0142a b\u0119dziesz porusza\u0107 si\u0119 po trudnym terenie, przeprawach rzecznych i skalistych \u015bcie\u017ckach, jednocze\u015bnie ch\u0142on\u0105c zapieraj\u0105ce dech w piersiach naturalne pi\u0119kno, z kt\u00f3rego s\u0142ynie Mongolia. Po drodze odwiedzisz rodziny nomad\u00f3w, do\u015bwiadczysz ich tradycyjnego stylu \u017cycia, a nawet zatrzymasz si\u0119 u kazachskich my\u015bliwych poluj\u0105cych na or\u0142y, b\u0119d\u0105c \u015bwiadkiem ich tradycyjnych technik \u0142owieckich.<\/p>\n<p data-pm-slice=\"1 1 []\">Ka\u017cdy dzie\u0144 to nowe wyzwania i odkrycia, od jazdy konnej po stepach lub na wielb\u0142\u0105dzie po wydmach, przez w\u0119dr\u00f3wki w g\u00f3r\u0119 u\u015bpionych wulkan\u00f3w i trekking po z\u0142otych wydmach, po relaks nad krystalicznie czystymi jeziorami i biwakowanie pod niebem pe\u0142nym gwiazd. Niezale\u017cnie od tego, czy przemierzasz odleg\u0142e krajobrazy G\u00f3r A\u0142taj, podbijasz nieokie\u0142znane pustkowia Parku Narodowego Tavan Bogd, czy te\u017c dzielisz si\u0119 tradycyjnym posi\u0142kiem z lokalnymi nomadami, ta wyprawa oferuje niezr\u00f3wnan\u0105 okazj\u0119 do zanurzenia si\u0119 w nieokie\u0142znanym pi\u0119knie Mongolii i tradycjach nomad\u00f3w. Dzi\u0119ki do\u015bwiadczonym przewodnikom zapewniaj\u0105cym bezpiecze\u0144stwo i p\u0142ynne wra\u017cenia z podr\u00f3\u017cy, ta wycieczka jest idealna dla tych, kt\u00f3rzy szukaj\u0105 zar\u00f3wno przygody, jak i wzbogacenia kulturowego.<\/p>\n<p data-pm-slice=\"1 1 []\">Trasa poza utartymi szlakami zosta\u0142a starannie opracowana, aby obejmowa\u0107 najbardziej kultowe zabytki Mongolii, a tak\u017ce ukryte klejnoty, zapewniaj\u0105c, \u017ce ka\u017cda chwila podr\u00f3\u017cy jest pe\u0142na inspiruj\u0105cych widok\u00f3w i niezapomnianych wspomnie\u0144. Od staro\u017cytnej stolicy Chinggis Khaan w Kharkhorin po wysokie, pokryte \u015bniegiem szczyty g\u00f3ry Sutai, ka\u017cdy przystanek jest bardziej zapieraj\u0105cy dech w piersiach ni\u017c poprzedni. Jad\u0105c przez serce dzikiej przyrody Mongolii, do\u015bwiadczysz g\u0142\u0119bokiej wi\u0119zi z ziemi\u0105, jej mieszka\u0144cami i trwa\u0142ymi tradycjami.<\/p>\n<p data-pm-slice=\"1 1 []\">Je\u015bli szukasz najlepszej przygody z w\u0142asnym nap\u0119dem, takiej, kt\u00f3ra rzuca wyzwanie Twoim granicom, jednocze\u015bnie nagradzaj\u0105c Ci\u0119 niezr\u00f3wnanym pi\u0119knem i autentycznymi spotkaniami kulturowymi, to ta wycieczka jest dla Ciebie. Przygotuj si\u0119 na podr\u00f3\u017c \u017cycia, w kt\u00f3rej ka\u017cdy zakr\u0119t drogi prowadzi do nowego i ekscytuj\u0105cego do\u015bwiadczenia.<\/p>\n<p data-pm-slice=\"1 1 []\">","protected":false},"excerpt":{"rendered":"<p>Wyrusz na dwu- lub trzytygodniow\u0105 wycieczk\u0119 z przewodnikiem po Mongolii, przemierzaj\u0105c pustyni\u0119 Gobi do \u0141owc\u00f3w Or\u0142\u00f3w w g\u00f3rach A\u0142taj i odkrywaj\u0105c wspania\u0142e jeziora p\u00f3\u0142nocnej Mongolii.<\/p>","protected":false},"featured_media":4923,"comment_status":"open","ping_status":"closed","template":"","meta":{"_acf_changed":false,"iawp_total_views":4463},"product_brand":[],"product_cat":[17,16],"product_tag":[36],"class_list":{"0":"post-4865","1":"product","2":"type-product","3":"status-publish","4":"has-post-thumbnail","6":"product_cat-summer","7":"product_cat-tour","8":"product_tag-summer-tours","10":"first","11":"instock","12":"shipping-taxable","13":"purchasable","14":"product-type-variable"},"acf":[],"_links":{"self":[{"href":"https:\/\/themongoliatour.com\/pl\/wp-json\/wp\/v2\/product\/4865","targetHints":{"allow":["GET"]}}],"collection":[{"href":"https:\/\/themongoliatour.com\/pl\/wp-json\/wp\/v2\/product"}],"about":[{"href":"https:\/\/themongoliatour.com\/pl\/wp-json\/wp\/v2\/types\/product"}],"replies":[{"embeddable":true,"href":"https:\/\/themongoliatour.com\/pl\/wp-json\/wp\/v2\/comments?post=4865"}],"wp:featuredmedia":[{"embeddable":true,"href":"https:\/\/themongoliatour.com\/pl\/wp-json\/wp\/v2\/media\/4923"}],"wp:attachment":[{"href":"https:\/\/themongoliatour.com\/pl\/wp-json\/wp\/v2\/media?parent=4865"}],"wp:term":[{"taxonomy":"product_brand","embeddable":true,"href":"https:\/\/themongoliatour.com\/pl\/wp-json\/wp\/v2\/product_brand?post=4865"},{"taxonomy":"product_cat","embeddable":true,"href":"https:\/\/themongoliatour.com\/pl\/wp-json\/wp\/v2\/product_cat?post=4865"},{"taxonomy":"product_tag","embeddable":true,"href":"https:\/\/themongoliatour.com\/pl\/wp-json\/wp\/v2\/product_tag?post=4865"}],"curies":[{"name":"wp","href":"https:\/\/api.w.org\/{rel}","templated":true}]}}