{"id":4868,"date":"2025-02-15T19:18:52","date_gmt":"2025-02-15T11:18:52","guid":{"rendered":"https:\/\/themongoliatour.com\/?post_type=product&#038;p=4868"},"modified":"2025-06-15T15:00:15","modified_gmt":"2025-06-15T07:00:15","slug":"wycieczka-motocyklowa-enduro-mongolia","status":"publish","type":"product","link":"https:\/\/themongoliatour.com\/pl\/wycieczki\/wycieczka-motocyklowa-enduro-mongolia\/","title":{"rendered":"Szybka wycieczka motocyklowa Off Tracks Mongolia"},"content":{"rendered":"<p>Wyrusz na ekscytuj\u0105c\u0105, pi\u0119ciodniow\u0105 wypraw\u0119 motocyklow\u0105 offroad po Mongolii przez osza\u0142amiaj\u0105ce krajobrazy, od bujnych step\u00f3w po majestatyczne wydmy, pokonuj\u0105c 780 km gotowego na przygod\u0119 terenu. Ta w pe\u0142ni wspierana wycieczka oferuje intymne spojrzenie na serce Mongolii.<\/p>\n<p>Zanurz si\u0119 w cudach natury tego kraju, do\u015bwiadczaj\u0105c wszystkiego, od przeja\u017cd\u017cek na wielb\u0142\u0105dach po wysokich wydmach po wci\u0105gaj\u0105ce spotkania z lokalnymi nomadami. Ta niezapomniana przygoda obiecuje czaruj\u0105ce wspomnienia i historie na ca\u0142e \u017cycie.<\/p>","protected":false},"excerpt":{"rendered":"<p>Zabawna wycieczka motocyklowa do Mongolii poza utartymi szlakami po epickich trasach.<\/p>","protected":false},"featured_media":4869,"comment_status":"open","ping_status":"closed","template":"","meta":{"_acf_changed":false,"iawp_total_views":1952},"product_brand":[],"product_cat":[16,37],"product_tag":[36],"class_list":{"0":"post-4868","1":"product","2":"type-product","3":"status-publish","4":"has-post-thumbnail","6":"product_cat-tour","7":"product_cat-bike","8":"product_tag-summer-tours","10":"first","11":"instock","12":"sale","13":"shipping-taxable","14":"purchasable","15":"product-type-variable"},"acf":[],"_links":{"self":[{"href":"https:\/\/themongoliatour.com\/pl\/wp-json\/wp\/v2\/product\/4868","targetHints":{"allow":["GET"]}}],"collection":[{"href":"https:\/\/themongoliatour.com\/pl\/wp-json\/wp\/v2\/product"}],"about":[{"href":"https:\/\/themongoliatour.com\/pl\/wp-json\/wp\/v2\/types\/product"}],"replies":[{"embeddable":true,"href":"https:\/\/themongoliatour.com\/pl\/wp-json\/wp\/v2\/comments?post=4868"}],"wp:featuredmedia":[{"embeddable":true,"href":"https:\/\/themongoliatour.com\/pl\/wp-json\/wp\/v2\/media\/4869"}],"wp:attachment":[{"href":"https:\/\/themongoliatour.com\/pl\/wp-json\/wp\/v2\/media?parent=4868"}],"wp:term":[{"taxonomy":"product_brand","embeddable":true,"href":"https:\/\/themongoliatour.com\/pl\/wp-json\/wp\/v2\/product_brand?post=4868"},{"taxonomy":"product_cat","embeddable":true,"href":"https:\/\/themongoliatour.com\/pl\/wp-json\/wp\/v2\/product_cat?post=4868"},{"taxonomy":"product_tag","embeddable":true,"href":"https:\/\/themongoliatour.com\/pl\/wp-json\/wp\/v2\/product_tag?post=4868"}],"curies":[{"name":"wp","href":"https:\/\/api.w.org\/{rel}","templated":true}]}}