{"id":4896,"date":"2025-02-16T13:49:12","date_gmt":"2025-02-16T05:49:12","guid":{"rendered":"https:\/\/themongoliatour.com\/?post_type=product&#038;p=4896"},"modified":"2025-02-16T14:10:40","modified_gmt":"2025-02-16T06:10:40","slug":"wypozyczalnia-sprzetu-ochronnego-dla-motocyklistow","status":"publish","type":"product","link":"https:\/\/themongoliatour.com\/pl\/wycieczki\/wypozyczalnia-sprzetu-ochronnego-dla-motocyklistow\/","title":{"rendered":"Zestaw do wypo\u017cyczenia motocyklowego sprz\u0119tu ochronnego"},"content":{"rendered":"","protected":false},"excerpt":{"rendered":"<p>Noszenie sprz\u0119tu ochronnego jest obowi\u0105zkowe dla wszystkich uczestnik\u00f3w podczas wycieczki. Nale\u017cy przynie\u015b\u0107 w\u0142asny lub wypo\u017cyczy\u0107 zestaw sprz\u0119tu ochronnego (kask, gogle, r\u0119kawice, buty, kamizelka kuloodporna, kamizelka kuloodporna na kolana). Obowi\u0105zkowe jest przes\u0142anie wymaganych rozmiar\u00f3w dla ka\u017cdego elementu co najmniej dwa tygodnie przed rozpocz\u0119ciem wycieczki.<\/p>","protected":false},"featured_media":4897,"comment_status":"open","ping_status":"closed","template":"","meta":{"_acf_changed":false,"iawp_total_views":211},"product_brand":[],"product_cat":[21],"product_tag":[],"class_list":{"0":"post-4896","1":"product","2":"type-product","3":"status-publish","4":"has-post-thumbnail","6":"product_cat-trip-upgrades","8":"first","9":"instock","10":"virtual","11":"purchasable","12":"product-type-simple"},"acf":[],"_links":{"self":[{"href":"https:\/\/themongoliatour.com\/pl\/wp-json\/wp\/v2\/product\/4896","targetHints":{"allow":["GET"]}}],"collection":[{"href":"https:\/\/themongoliatour.com\/pl\/wp-json\/wp\/v2\/product"}],"about":[{"href":"https:\/\/themongoliatour.com\/pl\/wp-json\/wp\/v2\/types\/product"}],"replies":[{"embeddable":true,"href":"https:\/\/themongoliatour.com\/pl\/wp-json\/wp\/v2\/comments?post=4896"}],"wp:featuredmedia":[{"embeddable":true,"href":"https:\/\/themongoliatour.com\/pl\/wp-json\/wp\/v2\/media\/4897"}],"wp:attachment":[{"href":"https:\/\/themongoliatour.com\/pl\/wp-json\/wp\/v2\/media?parent=4896"}],"wp:term":[{"taxonomy":"product_brand","embeddable":true,"href":"https:\/\/themongoliatour.com\/pl\/wp-json\/wp\/v2\/product_brand?post=4896"},{"taxonomy":"product_cat","embeddable":true,"href":"https:\/\/themongoliatour.com\/pl\/wp-json\/wp\/v2\/product_cat?post=4896"},{"taxonomy":"product_tag","embeddable":true,"href":"https:\/\/themongoliatour.com\/pl\/wp-json\/wp\/v2\/product_tag?post=4896"}],"curies":[{"name":"wp","href":"https:\/\/api.w.org\/{rel}","templated":true}]}}