{"id":1167,"date":"2024-01-13T14:51:00","date_gmt":"2024-01-13T14:51:00","guid":{"rendered":"https:\/\/themongoliatour.com\/?post_type=product&#038;p=1167"},"modified":"2024-01-19T14:21:00","modified_gmt":"2024-01-19T14:21:00","slug":"landcruiser-250","status":"publish","type":"product","link":"https:\/\/themongoliatour.com\/tr\/turlar\/landcruiser-250\/","title":{"rendered":"Landcruiser 250"},"content":{"rendered":"","protected":false},"excerpt":{"rendered":"<p>Son teknoloji \u00fcr\u00fcn\u00fc 2024 Land Cruiser 250 ile l\u00fcks i\u00e7inde offroad yap\u0131n<\/p>","protected":false},"featured_media":871,"comment_status":"open","ping_status":"closed","template":"","meta":{"_acf_changed":false,"iawp_total_views":122},"product_brand":[],"product_cat":[20],"product_tag":[],"class_list":{"0":"post-1167","1":"product","2":"type-product","3":"status-publish","4":"has-post-thumbnail","6":"product_cat-vehicles","8":"first","9":"instock","10":"virtual","11":"purchasable","12":"product-type-simple"},"acf":[],"_links":{"self":[{"href":"https:\/\/themongoliatour.com\/tr\/wp-json\/wp\/v2\/product\/1167","targetHints":{"allow":["GET"]}}],"collection":[{"href":"https:\/\/themongoliatour.com\/tr\/wp-json\/wp\/v2\/product"}],"about":[{"href":"https:\/\/themongoliatour.com\/tr\/wp-json\/wp\/v2\/types\/product"}],"replies":[{"embeddable":true,"href":"https:\/\/themongoliatour.com\/tr\/wp-json\/wp\/v2\/comments?post=1167"}],"wp:featuredmedia":[{"embeddable":true,"href":"https:\/\/themongoliatour.com\/tr\/wp-json\/wp\/v2\/media\/871"}],"wp:attachment":[{"href":"https:\/\/themongoliatour.com\/tr\/wp-json\/wp\/v2\/media?parent=1167"}],"wp:term":[{"taxonomy":"product_brand","embeddable":true,"href":"https:\/\/themongoliatour.com\/tr\/wp-json\/wp\/v2\/product_brand?post=1167"},{"taxonomy":"product_cat","embeddable":true,"href":"https:\/\/themongoliatour.com\/tr\/wp-json\/wp\/v2\/product_cat?post=1167"},{"taxonomy":"product_tag","embeddable":true,"href":"https:\/\/themongoliatour.com\/tr\/wp-json\/wp\/v2\/product_tag?post=1167"}],"curies":[{"name":"wp","href":"https:\/\/api.w.org\/{rel}","templated":true}]}}