{"id":1170,"date":"2024-01-13T14:56:41","date_gmt":"2024-01-13T14:56:41","guid":{"rendered":"https:\/\/themongoliatour.com\/?post_type=product&#038;p=1170"},"modified":"2024-01-19T14:21:00","modified_gmt":"2024-01-19T14:21:00","slug":"surucu-hi%cc%87zmeti%cc%87","status":"publish","type":"product","link":"https:\/\/themongoliatour.com\/tr\/turlar\/surucu-hi%cc%87zmeti%cc%87\/","title":{"rendered":"S\u00fcr\u00fcc\u00fc Hizmeti"},"content":{"rendered":"","protected":false},"excerpt":{"rendered":"<p>Liqui Moly Extreme'in profesyonel s\u00fcr\u00fcc\u00fclerinden biri sizi maceran\u0131za g\u00f6t\u00fcr\u00fcrken arkan\u0131za yaslan\u0131n ve rahatlay\u0131n.<\/p>","protected":false},"featured_media":1172,"comment_status":"open","ping_status":"closed","template":"","meta":{"_acf_changed":false,"iawp_total_views":170},"product_brand":[],"product_cat":[21],"product_tag":[],"class_list":{"0":"post-1170","1":"product","2":"type-product","3":"status-publish","4":"has-post-thumbnail","6":"product_cat-trip-upgrades","8":"first","9":"instock","10":"virtual","11":"purchasable","12":"product-type-simple"},"acf":[],"_links":{"self":[{"href":"https:\/\/themongoliatour.com\/tr\/wp-json\/wp\/v2\/product\/1170","targetHints":{"allow":["GET"]}}],"collection":[{"href":"https:\/\/themongoliatour.com\/tr\/wp-json\/wp\/v2\/product"}],"about":[{"href":"https:\/\/themongoliatour.com\/tr\/wp-json\/wp\/v2\/types\/product"}],"replies":[{"embeddable":true,"href":"https:\/\/themongoliatour.com\/tr\/wp-json\/wp\/v2\/comments?post=1170"}],"wp:featuredmedia":[{"embeddable":true,"href":"https:\/\/themongoliatour.com\/tr\/wp-json\/wp\/v2\/media\/1172"}],"wp:attachment":[{"href":"https:\/\/themongoliatour.com\/tr\/wp-json\/wp\/v2\/media?parent=1170"}],"wp:term":[{"taxonomy":"product_brand","embeddable":true,"href":"https:\/\/themongoliatour.com\/tr\/wp-json\/wp\/v2\/product_brand?post=1170"},{"taxonomy":"product_cat","embeddable":true,"href":"https:\/\/themongoliatour.com\/tr\/wp-json\/wp\/v2\/product_cat?post=1170"},{"taxonomy":"product_tag","embeddable":true,"href":"https:\/\/themongoliatour.com\/tr\/wp-json\/wp\/v2\/product_tag?post=1170"}],"curies":[{"name":"wp","href":"https:\/\/api.w.org\/{rel}","templated":true}]}}