{"id":2271,"date":"2024-03-11T23:58:52","date_gmt":"2024-03-11T15:58:52","guid":{"rendered":"https:\/\/themongoliatour.com\/?post_type=product&#038;p=2271"},"modified":"2025-02-18T23:08:25","modified_gmt":"2025-02-18T15:08:25","slug":"kisa-offroad-mogoli%cc%87stan-turu","status":"publish","type":"product","link":"https:\/\/themongoliatour.com\/tr\/turlar\/kisa-offroad-mogoli%cc%87stan-turu\/","title":{"rendered":"H\u0131zl\u0131 Pist D\u0131\u015f\u0131"},"content":{"rendered":"<p>Yemye\u015fil bozk\u0131rlardan g\u00f6rkemli kum tepelerine kadar Mo\u011folistan'\u0131n \u00e7arp\u0131c\u0131 manzaralar\u0131 aras\u0131nda be\u015f g\u00fcn s\u00fcren ve 780 km'lik maceraya haz\u0131r araziyi kapsayan heyecan verici k\u0131sa bir offroad Mo\u011folistan turuna \u00e7\u0131k\u0131n. Bu tam destekli tur, Mo\u011folistan'\u0131n kalbine samimi bir bak\u0131\u015f sunuyor.<\/p>\n<p>Y\u00fcksek kum tepeleri \u00fczerinde deve gezintilerinden yerel g\u00f6\u00e7ebelerle s\u00fcr\u00fckleyici kar\u015f\u0131la\u015fmalara kadar her \u015feyi deneyimleyerek \u00fclkenin do\u011fal harikalar\u0131na dal\u0131n. Bu unutulmaz macera, b\u00fcy\u00fcleyici an\u0131lar ve \u00f6m\u00fcr boyu s\u00fcrecek hikayeler vaat ediyor.<\/p>","protected":false},"excerpt":{"rendered":"<p>Mo\u011folistan'\u0131n al\u0131\u015f\u0131lm\u0131\u015f\u0131n d\u0131\u015f\u0131ndaki g\u00fczelli\u011fine h\u0131zl\u0131 ve e\u011flenceli bir dal\u0131\u015f<\/p>","protected":false},"featured_media":2282,"comment_status":"open","ping_status":"closed","template":"","meta":{"_acf_changed":false,"iawp_total_views":1361},"product_brand":[],"product_cat":[17,16],"product_tag":[36],"class_list":{"0":"post-2271","1":"product","2":"type-product","3":"status-publish","4":"has-post-thumbnail","6":"product_cat-summer","7":"product_cat-tour","8":"product_tag-summer-tours","10":"first","11":"instock","12":"shipping-taxable","13":"purchasable","14":"product-type-variable"},"acf":[],"_links":{"self":[{"href":"https:\/\/themongoliatour.com\/tr\/wp-json\/wp\/v2\/product\/2271","targetHints":{"allow":["GET"]}}],"collection":[{"href":"https:\/\/themongoliatour.com\/tr\/wp-json\/wp\/v2\/product"}],"about":[{"href":"https:\/\/themongoliatour.com\/tr\/wp-json\/wp\/v2\/types\/product"}],"replies":[{"embeddable":true,"href":"https:\/\/themongoliatour.com\/tr\/wp-json\/wp\/v2\/comments?post=2271"}],"wp:featuredmedia":[{"embeddable":true,"href":"https:\/\/themongoliatour.com\/tr\/wp-json\/wp\/v2\/media\/2282"}],"wp:attachment":[{"href":"https:\/\/themongoliatour.com\/tr\/wp-json\/wp\/v2\/media?parent=2271"}],"wp:term":[{"taxonomy":"product_brand","embeddable":true,"href":"https:\/\/themongoliatour.com\/tr\/wp-json\/wp\/v2\/product_brand?post=2271"},{"taxonomy":"product_cat","embeddable":true,"href":"https:\/\/themongoliatour.com\/tr\/wp-json\/wp\/v2\/product_cat?post=2271"},{"taxonomy":"product_tag","embeddable":true,"href":"https:\/\/themongoliatour.com\/tr\/wp-json\/wp\/v2\/product_tag?post=2271"}],"curies":[{"name":"wp","href":"https:\/\/api.w.org\/{rel}","templated":true}]}}