{"id":2436,"date":"2024-03-14T13:39:24","date_gmt":"2024-03-14T05:39:24","guid":{"rendered":"https:\/\/themongoliatour.com\/?post_type=product&#038;p=2436"},"modified":"2025-12-02T18:06:02","modified_gmt":"2025-12-02T10:06:02","slug":"mogoli%cc%87stan-kis-turu","status":"publish","type":"product","link":"https:\/\/themongoliatour.com\/tr\/turlar\/mogoli%cc%87stan-kis-turu\/","title":{"rendered":"Tayga'ya Buz \u0130zleri"},"content":{"rendered":"<p>\u015eehir manzaralar\u0131n\u0131n evcille\u015fmemi\u015f vah\u015fi do\u011faya kar\u0131\u015ft\u0131\u011f\u0131 ve k\u00fclt\u00fcrel miras\u0131n do\u011fal harikalarla bulu\u015ftu\u011fu unutulmaz bir 11 ila 14 g\u00fcnl\u00fck 4\u00d74 kendi kendine s\u00fcr\u00fc\u015f Mo\u011folistan k\u0131\u015f turuna \u00e7\u0131k\u0131n. Ulan Batur'un canl\u0131 kalbinden Khuvsgul G\u00f6l\u00fc'n\u00fcn sakin geni\u015fliklerine kadar, bu tur sizi Mo\u011folistan'\u0131n zengin goblenini offroad s\u00fcr\u00fc\u015f\u00fcyle ke\u015ffetmeye davet ediyor.<\/p>\n<p>E\u015fsiz bir ho\u015f geldiniz hotpot yeme\u011finin tad\u0131n\u0131 \u00e7\u0131kar\u0131n, Khustai Ulusal Park\u0131'n\u0131n g\u00f6rkemli vah\u015fi atlar\u0131na tan\u0131k olun ve kendinizi Arkhangai Kapl\u0131calar\u0131'n\u0131n tedavi edici sular\u0131na b\u0131rak\u0131n. Mistik Tsaatan kabileleriyle kar\u015f\u0131la\u015f\u0131n, Khuvsgul G\u00f6l\u00fc'n\u00fcn donmu\u015f geni\u015flikleri \u00fczerinde s\u00fcz\u00fcl\u00fcn ve Buz Festivali'nde buzlu harikalar\u0131 kutlay\u0131n. Yolculu\u011funuzu Ulan Batur'da l\u00fcks bir konaklama ile sonland\u0131r\u0131n ve \u00f6m\u00fcr boyu s\u00fcrecek an\u0131lar\u0131 evinize ta\u015f\u0131y\u0131n.<\/p>\n<p>Kontrol et <a href=\"https:\/\/www.youtube.com\/watch?v=VBTOcghUDA8\" target=\"_blank\" rel=\"noopener\">Mike'\u0131n Vlog'u<\/a>, <a href=\"https:\/\/www.welt.de\/reise\/video69204c8a52711a01b9dd5163\/minus-20-grad-eis-eis-baby-roadtrip-durch-die-mongolei.html\" target=\"_blank\" rel=\"noopener\">Michaels'\u0131n WELT am Sonntag gazetesi i\u00e7in haz\u0131rlad\u0131\u011f\u0131 rapor<\/a>, <a href=\"https:\/\/www.sueddeutsche.de\/projekte\/artikel\/reise\/mongolei-winter-urlaub-e524196\/?reduced=true\" target=\"_blank\" rel=\"noopener\">Sueddeutsche Zeitung'da Titus hikayesi<\/a> veya bizim <a href=\"https:\/\/www.youtube.com\/watch?v=X0WCHcTUAvM&amp;list=PLdkJfGw7HRKLHPFKg40ZKPdu7Ul3lHz6B\" target=\"_blank\" rel=\"noopener\">Daha fazla g\u00f6sterim i\u00e7in Youtube<\/a>.<\/p>","protected":false},"excerpt":{"rendered":"<p>Ulan Batur'dan Khuvsgul G\u00f6l\u00fc'ne kadar ke\u015ffe \u00e7\u0131karak 11 ila 14 g\u00fcnl\u00fck Mo\u011folistan k\u0131\u015f offroad turuna \u00e7\u0131k\u0131n<\/p>","protected":false},"featured_media":2728,"comment_status":"open","ping_status":"closed","template":"","meta":{"_acf_changed":false,"iawp_total_views":2140},"product_brand":[],"product_cat":[23,16],"product_tag":[],"class_list":{"0":"post-2436","1":"product","2":"type-product","3":"status-publish","4":"has-post-thumbnail","6":"product_cat-winter","7":"product_cat-tour","9":"first","10":"instock","11":"sale","12":"shipping-taxable","13":"purchasable","14":"product-type-variable"},"acf":[],"_links":{"self":[{"href":"https:\/\/themongoliatour.com\/tr\/wp-json\/wp\/v2\/product\/2436","targetHints":{"allow":["GET"]}}],"collection":[{"href":"https:\/\/themongoliatour.com\/tr\/wp-json\/wp\/v2\/product"}],"about":[{"href":"https:\/\/themongoliatour.com\/tr\/wp-json\/wp\/v2\/types\/product"}],"replies":[{"embeddable":true,"href":"https:\/\/themongoliatour.com\/tr\/wp-json\/wp\/v2\/comments?post=2436"}],"wp:featuredmedia":[{"embeddable":true,"href":"https:\/\/themongoliatour.com\/tr\/wp-json\/wp\/v2\/media\/2728"}],"wp:attachment":[{"href":"https:\/\/themongoliatour.com\/tr\/wp-json\/wp\/v2\/media?parent=2436"}],"wp:term":[{"taxonomy":"product_brand","embeddable":true,"href":"https:\/\/themongoliatour.com\/tr\/wp-json\/wp\/v2\/product_brand?post=2436"},{"taxonomy":"product_cat","embeddable":true,"href":"https:\/\/themongoliatour.com\/tr\/wp-json\/wp\/v2\/product_cat?post=2436"},{"taxonomy":"product_tag","embeddable":true,"href":"https:\/\/themongoliatour.com\/tr\/wp-json\/wp\/v2\/product_tag?post=2436"}],"curies":[{"name":"wp","href":"https:\/\/api.w.org\/{rel}","templated":true}]}}