{"id":3160,"date":"2024-04-11T23:29:18","date_gmt":"2024-04-11T15:29:18","guid":{"rendered":"https:\/\/themongoliatour.com\/?post_type=product&#038;p=3160"},"modified":"2025-02-24T10:37:38","modified_gmt":"2025-02-24T02:37:38","slug":"i%cc%87ki%cc%87-haftalik-offroad-mogoli%cc%87stan-turu","status":"publish","type":"product","link":"https:\/\/themongoliatour.com\/tr\/turlar\/i%cc%87ki%cc%87-haftalik-offroad-mogoli%cc%87stan-turu\/","title":{"rendered":"Desert Dunes ve Crystal Lakes"},"content":{"rendered":"<p>Macera ruhunun u\u00e7suz bucaks\u0131z manzaralarda nefes ald\u0131\u011f\u0131 ve antik tarihin r\u00fczgarda f\u0131s\u0131ldad\u0131\u011f\u0131 heyecan verici iki haftal\u0131k bir offroad Mo\u011folistan turuna \u00e7\u0131k\u0131n. Ulan Batur'un hareketli sokaklar\u0131ndan Orhun Vadisi'nin dingin geni\u015fliklerine kadar her g\u00fcn yeni bir ke\u015fif b\u00f6l\u00fcm\u00fcn\u00fc g\u00f6zler \u00f6n\u00fcne seriyor. Kum tepelerinden ge\u00e7in, tarihi Kharakorum'u ziyaret edin ve bozulmam\u0131\u015f Ugii G\u00f6l\u00fc'ne hayran kal\u0131n. Bu yolculuk sadece manzaralar de\u011fil, do\u011fal harikalar\u0131 ve insanlar\u0131n\u0131n s\u0131cak misafirperverli\u011fi ile deneyimlenen Mo\u011folistan'\u0131n ruhunu vaat ediyor. Her d\u00f6n\u00fc\u015f\u00fcn yeni bir ufuk getirdi\u011fi unutulmaz bir maceraya haz\u0131r olun!<\/p>","protected":false},"excerpt":{"rendered":"<p>\u00c7\u00f6l kumullar\u0131n\u0131, kristal g\u00f6lleri ve antik tarihi ke\u015ffederek iki haftal\u0131k bir offroad Mo\u011folistan turuna \u00e7\u0131k\u0131n<\/p>","protected":false},"featured_media":3235,"comment_status":"open","ping_status":"closed","template":"","meta":{"_acf_changed":false,"iawp_total_views":2053},"product_brand":[],"product_cat":[17,16],"product_tag":[36],"class_list":{"0":"post-3160","1":"product","2":"type-product","3":"status-publish","4":"has-post-thumbnail","6":"product_cat-summer","7":"product_cat-tour","8":"product_tag-summer-tours","10":"first","11":"instock","12":"sale","13":"shipping-taxable","14":"purchasable","15":"product-type-variable"},"acf":[],"_links":{"self":[{"href":"https:\/\/themongoliatour.com\/tr\/wp-json\/wp\/v2\/product\/3160","targetHints":{"allow":["GET"]}}],"collection":[{"href":"https:\/\/themongoliatour.com\/tr\/wp-json\/wp\/v2\/product"}],"about":[{"href":"https:\/\/themongoliatour.com\/tr\/wp-json\/wp\/v2\/types\/product"}],"replies":[{"embeddable":true,"href":"https:\/\/themongoliatour.com\/tr\/wp-json\/wp\/v2\/comments?post=3160"}],"wp:featuredmedia":[{"embeddable":true,"href":"https:\/\/themongoliatour.com\/tr\/wp-json\/wp\/v2\/media\/3235"}],"wp:attachment":[{"href":"https:\/\/themongoliatour.com\/tr\/wp-json\/wp\/v2\/media?parent=3160"}],"wp:term":[{"taxonomy":"product_brand","embeddable":true,"href":"https:\/\/themongoliatour.com\/tr\/wp-json\/wp\/v2\/product_brand?post=3160"},{"taxonomy":"product_cat","embeddable":true,"href":"https:\/\/themongoliatour.com\/tr\/wp-json\/wp\/v2\/product_cat?post=3160"},{"taxonomy":"product_tag","embeddable":true,"href":"https:\/\/themongoliatour.com\/tr\/wp-json\/wp\/v2\/product_tag?post=3160"}],"curies":[{"name":"wp","href":"https:\/\/api.w.org\/{rel}","templated":true}]}}