{"id":39,"date":"2024-01-04T13:24:10","date_gmt":"2024-01-04T13:24:10","guid":{"rendered":"https:\/\/themongoliatour.com\/?post_type=product&#038;p=39"},"modified":"2025-09-18T13:31:47","modified_gmt":"2025-09-18T05:31:47","slug":"offroad-gobi%cc%87-turu","status":"publish","type":"product","link":"https:\/\/themongoliatour.com\/tr\/turlar\/offroad-gobi%cc%87-turu\/","title":{"rendered":"Gobi \u0130zleri"},"content":{"rendered":"<p data-start=\"226\" data-end=\"292\"><strong data-start=\"226\" data-end=\"292\">Nihai Gobi Turunu Ke\u015ffedin: Gobi Tracks Offroad Maceras\u0131<\/strong><\/p>\n<p data-start=\"294\" data-end=\"613\">En heyecan verici yolculu\u011fa \u00e7\u0131k\u0131n <strong data-start=\"323\" data-end=\"336\">Gobi turu<\/strong> hayat\u0131n\u0131z\u0131n turu: Ulan Batur'da ba\u015flayan ve biten bir haftal\u0131k offroad Gobi \u00c7\u00f6l\u00fc turu. P\u00fcr\u00fczs\u00fcz asfalt otoyollardan engebeli toprak yollara kadar yakla\u015f\u0131k 2.000 km'lik Mo\u011fol arazisini kapsayan bu tam destekli Gobi turu sizi u\u00e7suz bucaks\u0131z, vah\u015fi Gobi \u00c7\u00f6l\u00fc'n\u00fcn kalbine g\u00f6t\u00fcr\u00fcyor.<\/p>\n<p data-start=\"615\" data-end=\"1098\">Bu destans\u0131 Gobi turunda ba\u015fka hi\u00e7bir \u015feye benzemeyen manzaralara tan\u0131k olacaks\u0131n\u0131z. R\u00fczgar\u0131n oydu\u011fu devasa kaya olu\u015fumlar\u0131, g\u00f6rkemli ku\u015flarla dolu g\u00f6ky\u00fcz\u00fc, g\u00f6kku\u015fa\u011f\u0131 renginde kaya bantlar\u0131 ve uzak kanyonlarda gizlenmi\u015f buz dolu vadiler. Yak\u0131c\u0131 bir g\u00fcn do\u011fumu alt\u0131nda y\u00fckselen kum tepelerinin \u00fczerinde develere binerek s\u0131n\u0131rlar\u0131n\u0131z\u0131 zorlay\u0131n. Bu Gobi turunda ayr\u0131ca g\u00f6\u00e7ebe ya\u015fam\u0131na kendinizi kapt\u0131racak, geleneksel gerslerde uyuyacak ve Gobi g\u00f6\u00e7ebelerinin ritimlerini ilk elden deneyimlerken y\u0131ld\u0131zlarla dolu bir g\u00f6ky\u00fcz\u00fcn\u00fcn alt\u0131nda kamp yapacaks\u0131n\u0131z.<\/p>\n<p data-start=\"1100\" data-end=\"1154\"><strong data-start=\"1100\" data-end=\"1154\">Gobi Tracks Gobi turunu unutulmaz k\u0131lan nedir?<\/strong><\/p>\n<ul data-start=\"1156\" data-end=\"1918\">\n<li data-start=\"1156\" data-end=\"1335\">\n<p data-start=\"1158\" data-end=\"1335\"><strong data-start=\"1158\" data-end=\"1205\">Gobi tur rotan\u0131zda e\u015fsiz \u00e7e\u015fitlilik<\/strong> - \u00e7\u00f6l kumullar\u0131n\u0131, \u00e7\u0131plak bozk\u0131rlar\u0131, y\u00fckselen kum tepelerini, parlayan u\u00e7urumlar\u0131, buzlu cepleri olan kanyonlar\u0131 ve g\u00f6kku\u015fa\u011f\u0131 kaya vadilerini ge\u00e7ecek.<\/p>\n<\/li>\n<li data-start=\"1336\" data-end=\"1499\">\n<p data-start=\"1338\" data-end=\"1499\"><strong data-start=\"1338\" data-end=\"1389\">Gobi turunuzda otantik k\u00fclt\u00fcrel kar\u015f\u0131la\u015fmalar<\/strong> - Yerel g\u00f6\u00e7ebelerle yemekleri, hikayeleri ve misafirperverli\u011fi payla\u015f\u0131n; geleneksel \u00e7obanl\u0131k ve Mo\u011fol ger kamplar\u0131n\u0131 g\u00f6r\u00fcn.<\/p>\n<\/li>\n<li data-start=\"1500\" data-end=\"1669\">\n<p data-start=\"1502\" data-end=\"1669\"><strong data-start=\"1502\" data-end=\"1565\">Gobi turu deneyiminde offroad heyecan\u0131 ve engebeli arazi<\/strong> - s\u00fcr\u00fc\u015f zorlu toprak yollar\u0131, geni\u015f bozk\u0131rlar\u0131, dik kum tepelerini ve sert \u00e7\u00f6l s\u0131rtlar\u0131n\u0131 i\u00e7ermektedir.<\/p>\n<\/li>\n<li data-start=\"1670\" data-end=\"1918\">\n<p data-start=\"1672\" data-end=\"1918\"><strong data-start=\"1672\" data-end=\"1717\">Bu Gobi turunda konfor macerayla bulu\u015fuyor<\/strong> - Uzman rehberlerin, \u00f6zel bir \u015fefin, tam destek arac\u0131n\u0131n, birinci s\u0131n\u0131f offroad ara\u00e7lar\u0131n\u0131n veya enduro bisikletlerin, Ulan Batur'daki l\u00fcks otellerden rustik ger kamplar\u0131na ve vah\u015fi kamplara kadar \u00e7e\u015fitli konaklama se\u00e7eneklerinin keyfini \u00e7\u0131kar\u0131n.<\/p>\n<\/li>\n<\/ul>\n<p>Herhangi bir sorunuz varsa <a href=\"#contact-us\">buradan bi\u0307ze ula\u015fin<\/a> veya bize e-posta g\u00f6nderin<br \/>\n<a href=\"mailto:contact@themongoliatour.com\">contact@themongoliatour.com<\/a>.<\/p>","protected":false},"excerpt":{"rendered":"<p>Bu bir haftal\u0131k offroad kendi kendine s\u00fcr\u00fc\u015f deneyimi ile Gobi \u00c7\u00f6l\u00fc'n\u00fc ke\u015ffedin<\/p>","protected":false},"featured_media":3023,"comment_status":"open","ping_status":"closed","template":"","meta":{"_acf_changed":false,"iawp_total_views":4307},"product_brand":[],"product_cat":[17,16],"product_tag":[36],"class_list":{"0":"post-39","1":"product","2":"type-product","3":"status-publish","4":"has-post-thumbnail","6":"product_cat-summer","7":"product_cat-tour","8":"product_tag-summer-tours","10":"first","11":"instock","12":"shipping-taxable","13":"purchasable","14":"product-type-variable"},"acf":[],"_links":{"self":[{"href":"https:\/\/themongoliatour.com\/tr\/wp-json\/wp\/v2\/product\/39","targetHints":{"allow":["GET"]}}],"collection":[{"href":"https:\/\/themongoliatour.com\/tr\/wp-json\/wp\/v2\/product"}],"about":[{"href":"https:\/\/themongoliatour.com\/tr\/wp-json\/wp\/v2\/types\/product"}],"replies":[{"embeddable":true,"href":"https:\/\/themongoliatour.com\/tr\/wp-json\/wp\/v2\/comments?post=39"}],"wp:featuredmedia":[{"embeddable":true,"href":"https:\/\/themongoliatour.com\/tr\/wp-json\/wp\/v2\/media\/3023"}],"wp:attachment":[{"href":"https:\/\/themongoliatour.com\/tr\/wp-json\/wp\/v2\/media?parent=39"}],"wp:term":[{"taxonomy":"product_brand","embeddable":true,"href":"https:\/\/themongoliatour.com\/tr\/wp-json\/wp\/v2\/product_brand?post=39"},{"taxonomy":"product_cat","embeddable":true,"href":"https:\/\/themongoliatour.com\/tr\/wp-json\/wp\/v2\/product_cat?post=39"},{"taxonomy":"product_tag","embeddable":true,"href":"https:\/\/themongoliatour.com\/tr\/wp-json\/wp\/v2\/product_tag?post=39"}],"curies":[{"name":"wp","href":"https:\/\/api.w.org\/{rel}","templated":true}]}}