{"id":4865,"date":"2025-02-17T22:45:39","date_gmt":"2025-02-17T14:45:39","guid":{"rendered":"https:\/\/themongoliatour.com\/?post_type=product&#038;p=4865"},"modified":"2025-09-18T15:03:12","modified_gmt":"2025-09-18T07:03:12","slug":"kartal-avcilarina-altay-i%cc%87zleri%cc%87","status":"publish","type":"product","link":"https:\/\/themongoliatour.com\/tr\/turlar\/kartal-avcilarina-altay-i%cc%87zleri%cc%87\/","title":{"rendered":"Kartal Avc\u0131lar\u0131na Altay \u0130zleri"},"content":{"rendered":"<p data-pm-slice=\"1 1 []\">Kartal Avc\u0131lar\u0131 ile Gobi \u00e7\u00f6l\u00fc ve Altay da\u011flar\u0131 gibi d\u00fcnyan\u0131n en \u00e7arp\u0131c\u0131 ve uzak manzaralar\u0131ndan baz\u0131lar\u0131n\u0131 ke\u015ffederek Mo\u011folistan \u00e7evresinde unutulmaz bir rehberli 4\u00d74 kendi kendine s\u00fcr\u00fc\u015f turuna \u00e7\u0131k\u0131n. LIQUI MOLY Extreme Rehberli Kendi Kendine S\u00fcr\u00fc\u015f Konvoyu Off-Road Turu, Mo\u011folistan'\u0131n sundu\u011fu zengin k\u00fclt\u00fcrel deneyimlerle birlikte off-road s\u00fcr\u00fc\u015f heyecan\u0131n\u0131 ya\u015famak isteyen macerac\u0131lar i\u00e7in tasarlanm\u0131\u015ft\u0131r.<\/p>\n<p data-pm-slice=\"1 1 []\">Hareketli ba\u015fkent Ulan Batur'dan ba\u015flayan ke\u015fif gezisi sizi u\u00e7suz bucaks\u0131z bozk\u0131rlar, ini\u015fli \u00e7\u0131k\u0131\u015fl\u0131 Gobi kum tepeleri, el de\u011fmemi\u015f buzul ve tuz g\u00f6lleri ve y\u00fckselen s\u0131rada\u011flar boyunca g\u00f6t\u00fcr\u00fcr. \u0130yi donan\u0131ml\u0131 4WD ara\u00e7lardan olu\u015fan bir konvoyla engebeli arazide, nehir ge\u00e7i\u015flerinde ve kayal\u0131k patikalarda gezinirken bir yandan da Mo\u011folistan'\u0131n \u00fcnl\u00fc nefes kesici do\u011fal g\u00fczelli\u011fini i\u00e7inize \u00e7ekeceksiniz. Yol boyunca g\u00f6\u00e7ebe aileleri ziyaret edecek, geleneksel ya\u015fam tarzlar\u0131n\u0131 deneyimleyecek ve hatta Kazak kartal avc\u0131lar\u0131yla birlikte kalarak onlar\u0131n geleneksel avlanma tekniklerine ilk elden tan\u0131k olacaks\u0131n\u0131z.<\/p>\n<p data-pm-slice=\"1 1 []\">Bozk\u0131rlarda ata ya da kum tepelerinde deveye binmekten, s\u00f6nm\u00fc\u015f volkanlara t\u0131rmanmaya ve alt\u0131n kum tepelerinde y\u00fcr\u00fcy\u00fc\u015f yapmaya, kristal berrakl\u0131\u011f\u0131ndaki g\u00f6llerin kenar\u0131nda dinlenmeye ve y\u0131ld\u0131zlarla dolu bir g\u00f6ky\u00fcz\u00fcn\u00fcn alt\u0131nda kamp yapmaya kadar her g\u00fcn yeni zorluklar ve ke\u015fifler sunuyor. \u0130ster Altay Da\u011flar\u0131'n\u0131n uzak manzaralar\u0131ndan ge\u00e7in, ister Tavan Bogd Ulusal Park\u0131'n\u0131n vah\u015fi do\u011fas\u0131n\u0131 fethedin, ister yerel g\u00f6\u00e7ebelerle geleneksel bir yeme\u011fi payla\u015f\u0131n, bu ke\u015fif gezisi kendinizi Mo\u011folistan'\u0131n evcille\u015fmemi\u015f g\u00fczelli\u011fine ve g\u00f6\u00e7ebe geleneklerine kapt\u0131rmak i\u00e7in e\u015fsiz bir f\u0131rsat sunuyor. Deneyimli rehberlerin g\u00fcvenli\u011fi ve sorunsuz bir seyahat deneyimi sa\u011flad\u0131\u011f\u0131 bu tur, hem macera hem de k\u00fclt\u00fcrel zenginle\u015fme arayanlar i\u00e7in m\u00fckemmeldir.<\/p>\n<p data-pm-slice=\"1 1 []\">Al\u0131\u015f\u0131lm\u0131\u015f\u0131n d\u0131\u015f\u0131ndaki rota, Mo\u011folistan'\u0131n en ikonik yerlerinin yan\u0131 s\u0131ra gizli m\u00fccevherlerini de i\u00e7erecek \u015fekilde \u00f6zenle haz\u0131rlanm\u0131\u015ft\u0131r ve yolculu\u011fun her an\u0131n\u0131n hayranl\u0131k uyand\u0131ran manzaralar ve unutulmaz an\u0131larla dolu olmas\u0131n\u0131 sa\u011flar. Chinggis Khaan'\u0131n antik ba\u015fkenti Kharkhorin'den Sutai Da\u011f\u0131'n\u0131n karla kapl\u0131 y\u00fcksek zirvelerine kadar her durak bir \u00f6ncekinden daha nefes kesici. Mo\u011folistan'\u0131n vah\u015fi do\u011fas\u0131n\u0131n kalbinden ge\u00e7erken, toprakla, insanlar\u0131yla ve kal\u0131c\u0131 gelenekleriyle derin bir ba\u011f kuracaks\u0131n\u0131z.<\/p>\n<p data-pm-slice=\"1 1 []\">Sizi e\u015fsiz g\u00fczellikler ve otantik k\u00fclt\u00fcrel kar\u015f\u0131la\u015fmalarla \u00f6d\u00fcllendirirken s\u0131n\u0131rlar\u0131n\u0131z\u0131 zorlayan nihai kendi kendine s\u00fcr\u00fc\u015f maceras\u0131n\u0131 ar\u0131yorsan\u0131z, bu tur tam size g\u00f6re. Yolun her d\u00f6n\u00fc\u015f\u00fcn\u00fcn yeni ve heyecan verici bir deneyime yol a\u00e7t\u0131\u011f\u0131, hayat\u0131n\u0131z\u0131n yolculu\u011funa \u00e7\u0131kmaya haz\u0131r olun.<\/p>\n<p data-pm-slice=\"1 1 []\">","protected":false},"excerpt":{"rendered":"<p>\u0130ki veya \u00fc\u00e7 haftal\u0131k rehberli bir Off Road Mo\u011folistan turuna \u00e7\u0131k\u0131n, Gobi \u00e7\u00f6l\u00fcn\u00fc ge\u00e7erek Altay da\u011flar\u0131ndaki Kartal Avc\u0131lar\u0131na gidin ve Kuzey Mo\u011folistan'\u0131n \u00e7arp\u0131c\u0131 g\u00f6llerini ke\u015ffedin.<\/p>","protected":false},"featured_media":4923,"comment_status":"open","ping_status":"closed","template":"","meta":{"_acf_changed":false,"iawp_total_views":4418},"product_brand":[],"product_cat":[17,16],"product_tag":[36],"class_list":{"0":"post-4865","1":"product","2":"type-product","3":"status-publish","4":"has-post-thumbnail","6":"product_cat-summer","7":"product_cat-tour","8":"product_tag-summer-tours","10":"first","11":"instock","12":"shipping-taxable","13":"purchasable","14":"product-type-variable"},"acf":[],"_links":{"self":[{"href":"https:\/\/themongoliatour.com\/tr\/wp-json\/wp\/v2\/product\/4865","targetHints":{"allow":["GET"]}}],"collection":[{"href":"https:\/\/themongoliatour.com\/tr\/wp-json\/wp\/v2\/product"}],"about":[{"href":"https:\/\/themongoliatour.com\/tr\/wp-json\/wp\/v2\/types\/product"}],"replies":[{"embeddable":true,"href":"https:\/\/themongoliatour.com\/tr\/wp-json\/wp\/v2\/comments?post=4865"}],"wp:featuredmedia":[{"embeddable":true,"href":"https:\/\/themongoliatour.com\/tr\/wp-json\/wp\/v2\/media\/4923"}],"wp:attachment":[{"href":"https:\/\/themongoliatour.com\/tr\/wp-json\/wp\/v2\/media?parent=4865"}],"wp:term":[{"taxonomy":"product_brand","embeddable":true,"href":"https:\/\/themongoliatour.com\/tr\/wp-json\/wp\/v2\/product_brand?post=4865"},{"taxonomy":"product_cat","embeddable":true,"href":"https:\/\/themongoliatour.com\/tr\/wp-json\/wp\/v2\/product_cat?post=4865"},{"taxonomy":"product_tag","embeddable":true,"href":"https:\/\/themongoliatour.com\/tr\/wp-json\/wp\/v2\/product_tag?post=4865"}],"curies":[{"name":"wp","href":"https:\/\/api.w.org\/{rel}","templated":true}]}}