{"id":4868,"date":"2025-02-15T19:18:52","date_gmt":"2025-02-15T11:18:52","guid":{"rendered":"https:\/\/themongoliatour.com\/?post_type=product&#038;p=4868"},"modified":"2025-06-15T15:00:15","modified_gmt":"2025-06-15T07:00:15","slug":"enduro-mogoli%cc%87stan-motosi%cc%87klet-turu","status":"publish","type":"product","link":"https:\/\/themongoliatour.com\/tr\/turlar\/enduro-mogoli%cc%87stan-motosi%cc%87klet-turu\/","title":{"rendered":"H\u0131zl\u0131 Off Tracks Mo\u011folistan Motosiklet Turu"},"content":{"rendered":"<p>Yemye\u015fil bozk\u0131rlardan g\u00f6rkemli kum tepelerine kadar Mo\u011folistan'\u0131n \u00e7arp\u0131c\u0131 manzaralar\u0131 aras\u0131nda be\u015f g\u00fcn s\u00fcren ve 780 km'lik maceraya haz\u0131r araziyi kapsayan heyecan verici bir offroad Mo\u011folistan motosiklet turuna \u00e7\u0131k\u0131n. Bu tam destekli tur, Mo\u011folistan'\u0131n kalbine samimi bir bak\u0131\u015f sunuyor.<\/p>\n<p>Y\u00fcksek kum tepeleri \u00fczerinde deve gezintilerinden yerel g\u00f6\u00e7ebelerle s\u00fcr\u00fckleyici kar\u015f\u0131la\u015fmalara kadar her \u015feyi deneyimleyerek \u00fclkenin do\u011fal harikalar\u0131na dal\u0131n. Bu unutulmaz macera, b\u00fcy\u00fcleyici an\u0131lar ve \u00f6m\u00fcr boyu s\u00fcrecek hikayeler vaat ediyor.<\/p>","protected":false},"excerpt":{"rendered":"<p>Destans\u0131 yollar boyunca Mo\u011folistan'\u0131n g\u00fczelli\u011fine do\u011fru e\u011flenceli bir Mo\u011folistan motosiklet turu<\/p>","protected":false},"featured_media":4869,"comment_status":"open","ping_status":"closed","template":"","meta":{"_acf_changed":false,"iawp_total_views":1850},"product_brand":[],"product_cat":[16,37],"product_tag":[36],"class_list":{"0":"post-4868","1":"product","2":"type-product","3":"status-publish","4":"has-post-thumbnail","6":"product_cat-tour","7":"product_cat-bike","8":"product_tag-summer-tours","10":"first","11":"instock","12":"sale","13":"shipping-taxable","14":"purchasable","15":"product-type-variable"},"acf":[],"_links":{"self":[{"href":"https:\/\/themongoliatour.com\/tr\/wp-json\/wp\/v2\/product\/4868","targetHints":{"allow":["GET"]}}],"collection":[{"href":"https:\/\/themongoliatour.com\/tr\/wp-json\/wp\/v2\/product"}],"about":[{"href":"https:\/\/themongoliatour.com\/tr\/wp-json\/wp\/v2\/types\/product"}],"replies":[{"embeddable":true,"href":"https:\/\/themongoliatour.com\/tr\/wp-json\/wp\/v2\/comments?post=4868"}],"wp:featuredmedia":[{"embeddable":true,"href":"https:\/\/themongoliatour.com\/tr\/wp-json\/wp\/v2\/media\/4869"}],"wp:attachment":[{"href":"https:\/\/themongoliatour.com\/tr\/wp-json\/wp\/v2\/media?parent=4868"}],"wp:term":[{"taxonomy":"product_brand","embeddable":true,"href":"https:\/\/themongoliatour.com\/tr\/wp-json\/wp\/v2\/product_brand?post=4868"},{"taxonomy":"product_cat","embeddable":true,"href":"https:\/\/themongoliatour.com\/tr\/wp-json\/wp\/v2\/product_cat?post=4868"},{"taxonomy":"product_tag","embeddable":true,"href":"https:\/\/themongoliatour.com\/tr\/wp-json\/wp\/v2\/product_tag?post=4868"}],"curies":[{"name":"wp","href":"https:\/\/api.w.org\/{rel}","templated":true}]}}