{"id":4896,"date":"2025-02-16T13:49:12","date_gmt":"2025-02-16T05:49:12","guid":{"rendered":"https:\/\/themongoliatour.com\/?post_type=product&#038;p=4896"},"modified":"2025-02-16T14:10:40","modified_gmt":"2025-02-16T06:10:40","slug":"motosi%cc%87klet-koruma-donanimi-ki%cc%87ralama-seti%cc%87","status":"publish","type":"product","link":"https:\/\/themongoliatour.com\/tr\/turlar\/motosi%cc%87klet-koruma-donanimi-ki%cc%87ralama-seti%cc%87\/","title":{"rendered":"Motosiklet Koruma Te\u00e7hizat\u0131 Kiralama Seti"},"content":{"rendered":"","protected":false},"excerpt":{"rendered":"<p>Tur s\u0131ras\u0131nda t\u00fcm kat\u0131l\u0131mc\u0131lar i\u00e7in koruma ekipman\u0131 giymek zorunludur. Kendiniz getirebilir veya Kiral\u0131k Koruma Ekipman\u0131 Setini (Kask, g\u00f6zl\u00fck, eldiven, bot, v\u00fccut z\u0131rh\u0131, diz z\u0131rh\u0131) kiralayabilirsiniz. Her bir \u00fcr\u00fcn i\u00e7in gerekli bedenleri tur ba\u015flang\u0131c\u0131ndan en az iki hafta \u00f6nce g\u00f6ndermeniz zorunludur.<\/p>","protected":false},"featured_media":4897,"comment_status":"open","ping_status":"closed","template":"","meta":{"_acf_changed":false,"iawp_total_views":211},"product_brand":[],"product_cat":[21],"product_tag":[],"class_list":{"0":"post-4896","1":"product","2":"type-product","3":"status-publish","4":"has-post-thumbnail","6":"product_cat-trip-upgrades","8":"first","9":"instock","10":"virtual","11":"purchasable","12":"product-type-simple"},"acf":[],"_links":{"self":[{"href":"https:\/\/themongoliatour.com\/tr\/wp-json\/wp\/v2\/product\/4896","targetHints":{"allow":["GET"]}}],"collection":[{"href":"https:\/\/themongoliatour.com\/tr\/wp-json\/wp\/v2\/product"}],"about":[{"href":"https:\/\/themongoliatour.com\/tr\/wp-json\/wp\/v2\/types\/product"}],"replies":[{"embeddable":true,"href":"https:\/\/themongoliatour.com\/tr\/wp-json\/wp\/v2\/comments?post=4896"}],"wp:featuredmedia":[{"embeddable":true,"href":"https:\/\/themongoliatour.com\/tr\/wp-json\/wp\/v2\/media\/4897"}],"wp:attachment":[{"href":"https:\/\/themongoliatour.com\/tr\/wp-json\/wp\/v2\/media?parent=4896"}],"wp:term":[{"taxonomy":"product_brand","embeddable":true,"href":"https:\/\/themongoliatour.com\/tr\/wp-json\/wp\/v2\/product_brand?post=4896"},{"taxonomy":"product_cat","embeddable":true,"href":"https:\/\/themongoliatour.com\/tr\/wp-json\/wp\/v2\/product_cat?post=4896"},{"taxonomy":"product_tag","embeddable":true,"href":"https:\/\/themongoliatour.com\/tr\/wp-json\/wp\/v2\/product_tag?post=4896"}],"curies":[{"name":"wp","href":"https:\/\/api.w.org\/{rel}","templated":true}]}}